{"id":47683,"date":"2024-11-21T21:42:06","date_gmt":"2024-11-21T21:42:06","guid":{"rendered":"https:\/\/www.suomenurheiluhierontakeskus.fi\/fi\/?post_type=product&#038;p=47683"},"modified":"2026-01-26T15:33:01","modified_gmt":"2026-01-26T15:33:01","slug":"selkakuntoon","status":"publish","type":"product","link":"https:\/\/www.suomenurheiluhierontakeskus.fi\/fi\/tuote\/selkakuntoon\/","title":{"rendered":"Vahva selk\u00e4, joustavampi arki -paketti"},"content":{"rendered":"<p>\u201cVahva selk\u00e4, joustavampi arki\u201d on palvelu, jossa saat avuksesi kaksi kivun ammattilaista samalla kertaa. Tavoitteena on lis\u00e4t\u00e4 joustavuutta arkeesi, jota selk\u00e4kipu hankaloittaa.<\/p>\n<p>Fysioterapia + osteopatia = enemm\u00e4n hyvinvointia sinulle<\/p>\n<p>Yhdistimme fysioterapeutin ja osteopaatin osaamisen auttaaksemme sinua parhaalla mahdollisella tavalla. Palveluun kuuluu kuusi tapaamiskertaa (3 x fysioterapia, 3 x osteopatia) kuuden kuukauden aikana.<\/p>\n<p>Hoitojakson aikana:<br \/>\n&#8211; opit keinoja, joilla voit itse vaikuttaa kipuun<br \/>\n&#8211; p\u00e4\u00e4set j\u00e4sent\u00e4m\u00e4\u00e4n kipukokemustasi aidosti kuuntelevien ammattilaisten kanssa<br \/>\n&#8211; saat kokonaisvaltaisen kartoituksen kipuusi vaikuttavista asioista<br \/>\n&#8211; saat selke\u00e4n suunnitelman kivusta toipumiseen<br \/>\n&#8211; saat hermostol\u00e4ht\u00f6ist\u00e4 manuaalista hoitoa<br \/>\n&#8211; saat juuri sinun el\u00e4m\u00e4ntilanteeseen sopivia sek\u00e4 kokonaiskuormituksen huomioivia harjoitteita<\/p>\n<p><strong>Meit\u00e4 on kaksi, jotta sin\u00e4 voisit paremmin<\/strong><\/p>\n<p>Ly\u00f6mme yhteen kaiken sen osaamisen ja tiedon, mik\u00e4 meill\u00e4 on kivun fysiologiasta sek\u00e4 sen vaikutuksesta mm. hermostoon ja vireystilaan.<\/p>\n<p>Marian osteopaattinen hoitotapa on hermostotietoinen ja -l\u00e4ht\u00f6inen kehon voimavaroja kunnioittava. Se sopii erityisesti, kun kipu vaikuttaa el\u00e4m\u00e4nlaatuun ja hallitsee arkea. Kosketuksella on tutkitusti merkitt\u00e4v\u00e4 vaikutus kipuun ja kivun kokemiseen &#8211; osteopatia tuokin t\u00e4rke\u00e4n hoitavan elementin palvelukokonaisuuteen.<br \/>\nHelin vahvuuksia fysioterapeuttina ovat kehon ja mielen yhteyksien ymm\u00e4rt\u00e4minen sek\u00e4 kokemuksellisuuden ja vireystilan s\u00e4\u00e4telyyn liittyvien tekij\u00f6iden huomioiminen kuntoutuksessa. Lis\u00e4ksi Heli on taitava kehitt\u00e4m\u00e4\u00e4n yksil\u00f6llisi\u00e4 ja innovatiivisia liikeharjoitteita.<\/p>\n<p>Palvelupaketti sopii sinulle, jos:<br \/>\n&#8211; olet kyll\u00e4stynyt ihmettelem\u00e4\u00e4n, mist\u00e4 kipusi johtuu.<br \/>\n&#8211; olet v\u00e4synyt aaltoilevaan on\/off-kipuun.<br \/>\n&#8211; toivot mielenrauhaa kivun kanssa.<br \/>\n&#8211; kaipaat uudenlaista n\u00e4k\u00f6kulmaa omaan tilanteeseen.<br \/>\n&#8211; haluat liikkua ja toimia arjessa ilman, ett\u00e4 kipu hallitsee sinua.<\/p>\n<p>Olipa kipuhistoriasi lyhyt tai pitk\u00e4, olet tervetullut moniammatillisen tiimimme autettavaksi.<\/p>\n<p>Paketin hinta on 445 \u20ac (yksitt\u00e4isin\u00e4 k\u00e4yntein\u00e4 ostettuna 495 \u20ac).<\/p>\n<p>N\u00e4in homma toimii<br \/>\nKun olet ostanut palvelun verkkokaupasta, tee ensimm\u00e4inen ajanvaraus SUHK Niittykumpuun osteopatian ensik\u00e4ynnille Maria Merralle tai fysioterapian ensik\u00e4ynnille Heli Harsuselle, ja mainitse lis\u00e4tiedoissa \u201cVahva selk\u00e4\u201d. Voit laittaa meille ennakkoon s\u00e4hk\u00f6postia, niin saat molempien ammattilaisten osaamisen k\u00e4ytt\u00f6\u00f6si heti ensimm\u00e4isest\u00e4 hoitokerrasta l\u00e4htien: maria.merra@suhk.fi tai heli.harsunen@suhk.fi.<\/p>\n","protected":false},"excerpt":{"rendered":"<p>\u201cVahva selk\u00e4, joustavampi arki\u201d on uusi palvelukonsepti, jossa yhdistyy kahden SUHK Niittykummun huppuasiantuntijan ammattitaito. Fysioterapeutti Helin ymm\u00e4rrys kivulle herkistyneen hermoston huomioimisesta vie kuntoutuksesi t\u00e4ysin uudelle tasolle. Osteopaatti Marian hermostotietoinen ja -l\u00e4ht\u00f6inen hoitotapa tukee fysioterapeuttista kuntouttamista. Osteopatia tuo mukanaan tutkitusti merkitt\u00e4v\u00e4n kivunhoidon osa-alueen, kosketuksen. Meit\u00e4 on kaksi, jotta sin\u00e4 voisit paremmin.<br \/>\nPalveluun kuuluu kuusi tapaamiskertaa (3 x fysioterapia, 3 x osteopatia) kuuden kuukauden aikana. Palvelu on saatavilla toistaiseksi vain SUHK Niittykummun toimipisteess\u00e4.<\/p>\n<p>N\u00e4in homma toimii:<br \/>\nTee ensimm\u00e4inen ajanvaraus SUHK Niittykumpuun osteopatian ensik\u00e4ynnille Maria Merralle tai fysioterapian ensik\u00e4ynnille Heli Harsuselle ja mainitse lis\u00e4tiedoissa \u201cVahva selk\u00e4\u201d. Voit laittaa meille ennakkoon s\u00e4hk\u00f6postia, niin saat molempien ammattilaisten osaamisen k\u00e4ytt\u00f6\u00f6si heti ensimm\u00e4isest\u00e4 hoitokerrasta l\u00e4htien: maria.merra@suhk.fi tai heli.harsunen@suhk.fi.<\/p>\n<p>Paketin hinta on 445 \u20ac (yksitt\u00e4isin\u00e4 k\u00e4yntein\u00e4 ostettuna 495 \u20ac). Paketti tulee k\u00e4ytt\u00e4\u00e4 6 kk kuluessa ostop\u00e4iv\u00e4st\u00e4.<\/p>\n","protected":false},"featured_media":52433,"template":"","meta":{"_acf_changed":false,"content-type":"","_uag_custom_page_level_css":""},"product_brand":[],"product_cat":[52],"product_tag":[],"class_list":{"0":"post-47683","1":"product","2":"type-product","3":"status-publish","4":"has-post-thumbnail","6":"product_cat-kampanjat","7":"no-featured-image-padding","8":"sales-flash-overlay","9":"woocommerce-text-align-center","10":"woocommerce-image-align-center","11":"do-quantity-buttons","13":"first","14":"instock","15":"virtual","16":"taxable","17":"purchasable","18":"product-type-simple"},"acf":[],"aioseo_notices":[],"featured_image_urls_v2":{"full":["https:\/\/www.suomenurheiluhierontakeskus.fi\/wp-content\/uploads\/2024\/11\/selkapaketti.png",1080,1080,false],"thumbnail":["https:\/\/www.suomenurheiluhierontakeskus.fi\/wp-content\/uploads\/2024\/11\/selkapaketti-150x150.png",150,150,true],"medium":["https:\/\/www.suomenurheiluhierontakeskus.fi\/wp-content\/uploads\/2024\/11\/selkapaketti-300x300.png",300,300,true],"medium_large":["https:\/\/www.suomenurheiluhierontakeskus.fi\/wp-content\/uploads\/2024\/11\/selkapaketti-768x768.png",768,768,true],"large":["https:\/\/www.suomenurheiluhierontakeskus.fi\/wp-content\/uploads\/2024\/11\/selkapaketti-1024x1024.png",1024,1024,true],"1536x1536":["https:\/\/www.suomenurheiluhierontakeskus.fi\/wp-content\/uploads\/2024\/11\/selkapaketti.png",1080,1080,false],"2048x2048":["https:\/\/www.suomenurheiluhierontakeskus.fi\/wp-content\/uploads\/2024\/11\/selkapaketti.png",1080,1080,false],"woocommerce_thumbnail":["https:\/\/www.suomenurheiluhierontakeskus.fi\/wp-content\/uploads\/2024\/11\/selkapaketti-300x300.png",300,300,true],"woocommerce_single":["https:\/\/www.suomenurheiluhierontakeskus.fi\/wp-content\/uploads\/2024\/11\/selkapaketti-600x600.png",600,600,true],"woocommerce_gallery_thumbnail":["https:\/\/www.suomenurheiluhierontakeskus.fi\/wp-content\/uploads\/2024\/11\/selkapaketti-100x100.png",100,100,true]},"post_excerpt_stackable_v2":"<p>\u201cVahva selk\u00e4, joustavampi arki\u201d on uusi palvelukonsepti, jossa yhdistyy kahden SUHK Niittykummun huppuasiantuntijan ammattitaito. Fysioterapeutti Helin ymm\u00e4rrys kivulle herkistyneen hermoston huomioimisesta vie kuntoutuksesi t\u00e4ysin uudelle tasolle. Osteopaatti Marian hermostotietoinen ja -l\u00e4ht\u00f6inen hoitotapa tukee fysioterapeuttista kuntouttamista. Osteopatia tuo mukanaan tutkitusti merkitt\u00e4v\u00e4n kivunhoidon osa-alueen, kosketuksen. Meit\u00e4 on kaksi, jotta sin\u00e4 voisit paremmin.<br \/>\nPalveluun kuuluu kuusi tapaamiskertaa (3 x fysioterapia, 3 x osteopatia) kuuden kuukauden aikana. Palvelu on saatavilla toistaiseksi vain SUHK Niittykummun toimipisteess\u00e4.<\/p>\n<p>N\u00e4in homma toimii:<br \/>\nTee ensimm\u00e4inen ajanvaraus SUHK Niittykumpuun osteopatian ensik\u00e4ynnille Maria Merralle tai fysioterapian ensik\u00e4ynnille Heli Harsuselle ja mainitse lis\u00e4tiedoissa \u201cVahva selk\u00e4\u201d. Voit laittaa meille ennakkoon s\u00e4hk\u00f6postia, niin saat molempien ammattilaisten osaamisen k\u00e4ytt\u00f6\u00f6si heti ensimm\u00e4isest\u00e4 hoitokerrasta l\u00e4htien: maria.merra@suhk.fi tai heli.harsunen@suhk.fi.<\/p>\n<p>Paketin hinta on 445 \u20ac (yksitt\u00e4isin\u00e4 k\u00e4yntein\u00e4 ostettuna 495 \u20ac). Paketti tulee k\u00e4ytt\u00e4\u00e4 6 kk kuluessa ostop\u00e4iv\u00e4st\u00e4.<\/p>\n","category_list_v2":"","author_info_v2":{"name":"","url":""},"comments_num_v2":"0 comments","uagb_featured_image_src":{"full":["https:\/\/www.suomenurheiluhierontakeskus.fi\/wp-content\/uploads\/2024\/11\/selkapaketti.png",1080,1080,false],"thumbnail":["https:\/\/www.suomenurheiluhierontakeskus.fi\/wp-content\/uploads\/2024\/11\/selkapaketti-150x150.png",150,150,true],"medium":["https:\/\/www.suomenurheiluhierontakeskus.fi\/wp-content\/uploads\/2024\/11\/selkapaketti-300x300.png",300,300,true],"medium_large":["https:\/\/www.suomenurheiluhierontakeskus.fi\/wp-content\/uploads\/2024\/11\/selkapaketti-768x768.png",768,768,true],"large":["https:\/\/www.suomenurheiluhierontakeskus.fi\/wp-content\/uploads\/2024\/11\/selkapaketti-1024x1024.png",1024,1024,true],"1536x1536":["https:\/\/www.suomenurheiluhierontakeskus.fi\/wp-content\/uploads\/2024\/11\/selkapaketti.png",1080,1080,false],"2048x2048":["https:\/\/www.suomenurheiluhierontakeskus.fi\/wp-content\/uploads\/2024\/11\/selkapaketti.png",1080,1080,false],"woocommerce_thumbnail":["https:\/\/www.suomenurheiluhierontakeskus.fi\/wp-content\/uploads\/2024\/11\/selkapaketti-300x300.png",300,300,true],"woocommerce_single":["https:\/\/www.suomenurheiluhierontakeskus.fi\/wp-content\/uploads\/2024\/11\/selkapaketti-600x600.png",600,600,true],"woocommerce_gallery_thumbnail":["https:\/\/www.suomenurheiluhierontakeskus.fi\/wp-content\/uploads\/2024\/11\/selkapaketti-100x100.png",100,100,true]},"uagb_author_info":{"display_name":"Rami Luomanp\u00e4\u00e4","author_link":"https:\/\/www.suomenurheiluhierontakeskus.fi\/fi\/author\/"},"uagb_comment_info":0,"uagb_excerpt":"\u201cVahva selk\u00e4, joustavampi arki\u201d on uusi palvelukonsepti, jossa yhdistyy kahden SUHK Niittykummun huppuasiantuntijan ammattitaito. Fysioterapeutti Helin ymm\u00e4rrys kivulle herkistyneen hermoston huomioimisesta vie kuntoutuksesi t\u00e4ysin uudelle tasolle. Osteopaatti Marian hermostotietoinen ja -l\u00e4ht\u00f6inen hoitotapa tukee fysioterapeuttista kuntouttamista. Osteopatia tuo mukanaan tutkitusti merkitt\u00e4v\u00e4n kivunhoidon osa-alueen, kosketuksen. Meit\u00e4 on kaksi, jotta sin\u00e4 voisit paremmin. Palveluun kuuluu kuusi tapaamiskertaa (3&hellip;","_links":{"self":[{"href":"https:\/\/www.suomenurheiluhierontakeskus.fi\/fi\/wp-json\/wp\/v2\/product\/47683","targetHints":{"allow":["GET"]}}],"collection":[{"href":"https:\/\/www.suomenurheiluhierontakeskus.fi\/fi\/wp-json\/wp\/v2\/product"}],"about":[{"href":"https:\/\/www.suomenurheiluhierontakeskus.fi\/fi\/wp-json\/wp\/v2\/types\/product"}],"wp:featuredmedia":[{"embeddable":true,"href":"https:\/\/www.suomenurheiluhierontakeskus.fi\/fi\/wp-json\/wp\/v2\/media\/52433"}],"wp:attachment":[{"href":"https:\/\/www.suomenurheiluhierontakeskus.fi\/fi\/wp-json\/wp\/v2\/media?parent=47683"}],"wp:term":[{"taxonomy":"product_brand","embeddable":true,"href":"https:\/\/www.suomenurheiluhierontakeskus.fi\/fi\/wp-json\/wp\/v2\/product_brand?post=47683"},{"taxonomy":"product_cat","embeddable":true,"href":"https:\/\/www.suomenurheiluhierontakeskus.fi\/fi\/wp-json\/wp\/v2\/product_cat?post=47683"},{"taxonomy":"product_tag","embeddable":true,"href":"https:\/\/www.suomenurheiluhierontakeskus.fi\/fi\/wp-json\/wp\/v2\/product_tag?post=47683"}],"curies":[{"name":"wp","href":"https:\/\/api.w.org\/{rel}","templated":true}]}}