{"id":44463,"date":"2024-03-03T18:13:03","date_gmt":"2024-03-03T18:13:03","guid":{"rendered":"https:\/\/www.suomenurheiluhierontakeskus.fi\/fi\/?post_type=product&#038;p=44463"},"modified":"2026-01-26T15:28:05","modified_gmt":"2026-01-26T15:28:05","slug":"purentalihasten-hieronta-sarjakortti-5x45min","status":"publish","type":"product","link":"https:\/\/www.suomenurheiluhierontakeskus.fi\/fi\/tuote\/purentalihasten-hieronta-sarjakortti-5x45min\/","title":{"rendered":"Purentalihasten hieronta, sarjakortti 5x45min"},"content":{"rendered":"<p>Purentalihasten hieronta lievent\u00e4\u00e4 ja rentouttaa lihasj\u00e4nnityksi\u00e4 p\u00e4\u00e4n ja kasvojen sek\u00e4 niska- ja hartiaseudun alueella. Hoidossa k\u00e4ytet\u00e4\u00e4n klassisen hieronnan otteita sek\u00e4 tarvittaessa mobilisointia.<\/p>\n","protected":false},"excerpt":{"rendered":"<p>Sarjakortti on voimassa 12kk ostop\u00e4iv\u00e4st\u00e4 ja se k\u00e4y kaikissa toimipisteiss\u00e4.<\/p>\n","protected":false},"featured_media":52398,"template":"","meta":{"_acf_changed":false,"content-type":"","_uag_custom_page_level_css":""},"product_brand":[],"product_cat":[17],"product_tag":[],"class_list":{"0":"post-44463","1":"product","2":"type-product","3":"status-publish","4":"has-post-thumbnail","6":"product_cat-sarjakortit","7":"no-featured-image-padding","8":"sales-flash-overlay","9":"woocommerce-text-align-center","10":"woocommerce-image-align-center","11":"do-quantity-buttons","13":"first","14":"instock","15":"virtual","16":"taxable","17":"purchasable","18":"product-type-simple"},"acf":[],"aioseo_notices":[],"featured_image_urls_v2":{"full":["https:\/\/www.suomenurheiluhierontakeskus.fi\/wp-content\/uploads\/2024\/03\/purentalihashieronta5x45.png",1080,1080,false],"thumbnail":["https:\/\/www.suomenurheiluhierontakeskus.fi\/wp-content\/uploads\/2024\/03\/purentalihashieronta5x45-150x150.png",150,150,true],"medium":["https:\/\/www.suomenurheiluhierontakeskus.fi\/wp-content\/uploads\/2024\/03\/purentalihashieronta5x45-300x300.png",300,300,true],"medium_large":["https:\/\/www.suomenurheiluhierontakeskus.fi\/wp-content\/uploads\/2024\/03\/purentalihashieronta5x45-768x768.png",768,768,true],"large":["https:\/\/www.suomenurheiluhierontakeskus.fi\/wp-content\/uploads\/2024\/03\/purentalihashieronta5x45-1024x1024.png",1024,1024,true],"1536x1536":["https:\/\/www.suomenurheiluhierontakeskus.fi\/wp-content\/uploads\/2024\/03\/purentalihashieronta5x45.png",1080,1080,false],"2048x2048":["https:\/\/www.suomenurheiluhierontakeskus.fi\/wp-content\/uploads\/2024\/03\/purentalihashieronta5x45.png",1080,1080,false],"woocommerce_thumbnail":["https:\/\/www.suomenurheiluhierontakeskus.fi\/wp-content\/uploads\/2024\/03\/purentalihashieronta5x45-300x300.png",300,300,true],"woocommerce_single":["https:\/\/www.suomenurheiluhierontakeskus.fi\/wp-content\/uploads\/2024\/03\/purentalihashieronta5x45-600x600.png",600,600,true],"woocommerce_gallery_thumbnail":["https:\/\/www.suomenurheiluhierontakeskus.fi\/wp-content\/uploads\/2024\/03\/purentalihashieronta5x45-100x100.png",100,100,true]},"post_excerpt_stackable_v2":"<p>Sarjakortti on voimassa 12kk ostop\u00e4iv\u00e4st\u00e4 ja se k\u00e4y kaikissa toimipisteiss\u00e4.<\/p>\n","category_list_v2":"","author_info_v2":{"name":"","url":""},"comments_num_v2":"0 comments","uagb_featured_image_src":{"full":["https:\/\/www.suomenurheiluhierontakeskus.fi\/wp-content\/uploads\/2024\/03\/purentalihashieronta5x45.png",1080,1080,false],"thumbnail":["https:\/\/www.suomenurheiluhierontakeskus.fi\/wp-content\/uploads\/2024\/03\/purentalihashieronta5x45-150x150.png",150,150,true],"medium":["https:\/\/www.suomenurheiluhierontakeskus.fi\/wp-content\/uploads\/2024\/03\/purentalihashieronta5x45-300x300.png",300,300,true],"medium_large":["https:\/\/www.suomenurheiluhierontakeskus.fi\/wp-content\/uploads\/2024\/03\/purentalihashieronta5x45-768x768.png",768,768,true],"large":["https:\/\/www.suomenurheiluhierontakeskus.fi\/wp-content\/uploads\/2024\/03\/purentalihashieronta5x45-1024x1024.png",1024,1024,true],"1536x1536":["https:\/\/www.suomenurheiluhierontakeskus.fi\/wp-content\/uploads\/2024\/03\/purentalihashieronta5x45.png",1080,1080,false],"2048x2048":["https:\/\/www.suomenurheiluhierontakeskus.fi\/wp-content\/uploads\/2024\/03\/purentalihashieronta5x45.png",1080,1080,false],"woocommerce_thumbnail":["https:\/\/www.suomenurheiluhierontakeskus.fi\/wp-content\/uploads\/2024\/03\/purentalihashieronta5x45-300x300.png",300,300,true],"woocommerce_single":["https:\/\/www.suomenurheiluhierontakeskus.fi\/wp-content\/uploads\/2024\/03\/purentalihashieronta5x45-600x600.png",600,600,true],"woocommerce_gallery_thumbnail":["https:\/\/www.suomenurheiluhierontakeskus.fi\/wp-content\/uploads\/2024\/03\/purentalihashieronta5x45-100x100.png",100,100,true]},"uagb_author_info":{"display_name":"Rami Luomanp\u00e4\u00e4","author_link":"https:\/\/www.suomenurheiluhierontakeskus.fi\/fi\/author\/"},"uagb_comment_info":0,"uagb_excerpt":"Sarjakortti on voimassa 12kk ostop\u00e4iv\u00e4st\u00e4 ja se k\u00e4y kaikissa toimipisteiss\u00e4.","_links":{"self":[{"href":"https:\/\/www.suomenurheiluhierontakeskus.fi\/fi\/wp-json\/wp\/v2\/product\/44463","targetHints":{"allow":["GET"]}}],"collection":[{"href":"https:\/\/www.suomenurheiluhierontakeskus.fi\/fi\/wp-json\/wp\/v2\/product"}],"about":[{"href":"https:\/\/www.suomenurheiluhierontakeskus.fi\/fi\/wp-json\/wp\/v2\/types\/product"}],"wp:featuredmedia":[{"embeddable":true,"href":"https:\/\/www.suomenurheiluhierontakeskus.fi\/fi\/wp-json\/wp\/v2\/media\/52398"}],"wp:attachment":[{"href":"https:\/\/www.suomenurheiluhierontakeskus.fi\/fi\/wp-json\/wp\/v2\/media?parent=44463"}],"wp:term":[{"taxonomy":"product_brand","embeddable":true,"href":"https:\/\/www.suomenurheiluhierontakeskus.fi\/fi\/wp-json\/wp\/v2\/product_brand?post=44463"},{"taxonomy":"product_cat","embeddable":true,"href":"https:\/\/www.suomenurheiluhierontakeskus.fi\/fi\/wp-json\/wp\/v2\/product_cat?post=44463"},{"taxonomy":"product_tag","embeddable":true,"href":"https:\/\/www.suomenurheiluhierontakeskus.fi\/fi\/wp-json\/wp\/v2\/product_tag?post=44463"}],"curies":[{"name":"wp","href":"https:\/\/api.w.org\/{rel}","templated":true}]}}