{"id":3306,"date":"2020-04-01T06:41:45","date_gmt":"2020-04-01T06:41:45","guid":{"rendered":"https:\/\/www.suomenurheiluhierontakeskus.fi\/fi\/?post_type=product&#038;p=3306"},"modified":"2026-01-26T15:25:27","modified_gmt":"2026-01-26T15:25:27","slug":"urheiluhieronta-sarjakortti-10-x-30min","status":"publish","type":"product","link":"https:\/\/www.suomenurheiluhierontakeskus.fi\/fi\/tuote\/urheiluhieronta-sarjakortti-10-x-30min\/","title":{"rendered":"Urheiluhieronta, sarjakortti 10 x 30min"},"content":{"rendered":"<p class=\"p1\">Urheiluhieronta on lihaskudosten k\u00e4sittely\u00e4, joka mm. tehostaa aineenvaihduntaa ja vilkastuttaa verenkiertoa i\u00e4st\u00e4 riippumatta. 3o minuutin hierontakerralla voidaan keskitty\u00e4 yhden alueen\u00a0 k\u00e4sittelyyn, kuten niskahartiaseutuun. Urheiluhieronta rentouttaa j\u00e4nnittynytt\u00e4 lihasta, palauttaa kovasta harjoittelusta ja sill\u00e4 on positiivisia vaikutuksia stressiin.<\/p>\n","protected":false},"excerpt":{"rendered":"<p>Sarjakortti on voimassa vuoden ostop\u00e4iv\u00e4st\u00e4. Sarjakortti k\u00e4y maksuv\u00e4lineen\u00e4 kaikissa toimipisteiss\u00e4 ja kaikille hierojille hintaluokasta riippumatta.<\/p>\n","protected":false},"featured_media":52429,"template":"","meta":{"_acf_changed":false,"content-type":"","_uag_custom_page_level_css":""},"product_brand":[],"product_cat":[17],"product_tag":[],"class_list":{"0":"post-3306","1":"product","2":"type-product","3":"status-publish","4":"has-post-thumbnail","6":"product_cat-sarjakortit","7":"no-featured-image-padding","8":"sales-flash-overlay","9":"woocommerce-text-align-center","10":"woocommerce-image-align-center","11":"do-quantity-buttons","13":"first","14":"instock","15":"virtual","16":"taxable","17":"purchasable","18":"product-type-simple"},"acf":[],"aioseo_notices":[],"featured_image_urls_v2":{"full":["https:\/\/www.suomenurheiluhierontakeskus.fi\/wp-content\/uploads\/2020\/04\/urheiluhierontasarjakortti.png",1080,1080,false],"thumbnail":["https:\/\/www.suomenurheiluhierontakeskus.fi\/wp-content\/uploads\/2020\/04\/urheiluhierontasarjakortti-150x150.png",150,150,true],"medium":["https:\/\/www.suomenurheiluhierontakeskus.fi\/wp-content\/uploads\/2020\/04\/urheiluhierontasarjakortti-300x300.png",300,300,true],"medium_large":["https:\/\/www.suomenurheiluhierontakeskus.fi\/wp-content\/uploads\/2020\/04\/urheiluhierontasarjakortti-768x768.png",768,768,true],"large":["https:\/\/www.suomenurheiluhierontakeskus.fi\/wp-content\/uploads\/2020\/04\/urheiluhierontasarjakortti-1024x1024.png",1024,1024,true],"1536x1536":["https:\/\/www.suomenurheiluhierontakeskus.fi\/wp-content\/uploads\/2020\/04\/urheiluhierontasarjakortti.png",1080,1080,false],"2048x2048":["https:\/\/www.suomenurheiluhierontakeskus.fi\/wp-content\/uploads\/2020\/04\/urheiluhierontasarjakortti.png",1080,1080,false],"woocommerce_thumbnail":["https:\/\/www.suomenurheiluhierontakeskus.fi\/wp-content\/uploads\/2020\/04\/urheiluhierontasarjakortti-300x300.png",300,300,true],"woocommerce_single":["https:\/\/www.suomenurheiluhierontakeskus.fi\/wp-content\/uploads\/2020\/04\/urheiluhierontasarjakortti-600x600.png",600,600,true],"woocommerce_gallery_thumbnail":["https:\/\/www.suomenurheiluhierontakeskus.fi\/wp-content\/uploads\/2020\/04\/urheiluhierontasarjakortti-100x100.png",100,100,true]},"post_excerpt_stackable_v2":"<p>Sarjakortti on voimassa vuoden ostop\u00e4iv\u00e4st\u00e4. Sarjakortti k\u00e4y maksuv\u00e4lineen\u00e4 kaikissa toimipisteiss\u00e4 ja kaikille hierojille hintaluokasta riippumatta.<\/p>\n","category_list_v2":"","author_info_v2":{"name":"","url":""},"comments_num_v2":"0 comments","uagb_featured_image_src":{"full":["https:\/\/www.suomenurheiluhierontakeskus.fi\/wp-content\/uploads\/2020\/04\/urheiluhierontasarjakortti.png",1080,1080,false],"thumbnail":["https:\/\/www.suomenurheiluhierontakeskus.fi\/wp-content\/uploads\/2020\/04\/urheiluhierontasarjakortti-150x150.png",150,150,true],"medium":["https:\/\/www.suomenurheiluhierontakeskus.fi\/wp-content\/uploads\/2020\/04\/urheiluhierontasarjakortti-300x300.png",300,300,true],"medium_large":["https:\/\/www.suomenurheiluhierontakeskus.fi\/wp-content\/uploads\/2020\/04\/urheiluhierontasarjakortti-768x768.png",768,768,true],"large":["https:\/\/www.suomenurheiluhierontakeskus.fi\/wp-content\/uploads\/2020\/04\/urheiluhierontasarjakortti-1024x1024.png",1024,1024,true],"1536x1536":["https:\/\/www.suomenurheiluhierontakeskus.fi\/wp-content\/uploads\/2020\/04\/urheiluhierontasarjakortti.png",1080,1080,false],"2048x2048":["https:\/\/www.suomenurheiluhierontakeskus.fi\/wp-content\/uploads\/2020\/04\/urheiluhierontasarjakortti.png",1080,1080,false],"woocommerce_thumbnail":["https:\/\/www.suomenurheiluhierontakeskus.fi\/wp-content\/uploads\/2020\/04\/urheiluhierontasarjakortti-300x300.png",300,300,true],"woocommerce_single":["https:\/\/www.suomenurheiluhierontakeskus.fi\/wp-content\/uploads\/2020\/04\/urheiluhierontasarjakortti-600x600.png",600,600,true],"woocommerce_gallery_thumbnail":["https:\/\/www.suomenurheiluhierontakeskus.fi\/wp-content\/uploads\/2020\/04\/urheiluhierontasarjakortti-100x100.png",100,100,true]},"uagb_author_info":{"display_name":"Mikko Virtala","author_link":"https:\/\/www.suomenurheiluhierontakeskus.fi\/fi\/author\/"},"uagb_comment_info":0,"uagb_excerpt":"Sarjakortti on voimassa vuoden ostop\u00e4iv\u00e4st\u00e4. Sarjakortti k\u00e4y maksuv\u00e4lineen\u00e4 kaikissa toimipisteiss\u00e4 ja kaikille hierojille hintaluokasta riippumatta.","_links":{"self":[{"href":"https:\/\/www.suomenurheiluhierontakeskus.fi\/fi\/wp-json\/wp\/v2\/product\/3306","targetHints":{"allow":["GET"]}}],"collection":[{"href":"https:\/\/www.suomenurheiluhierontakeskus.fi\/fi\/wp-json\/wp\/v2\/product"}],"about":[{"href":"https:\/\/www.suomenurheiluhierontakeskus.fi\/fi\/wp-json\/wp\/v2\/types\/product"}],"wp:featuredmedia":[{"embeddable":true,"href":"https:\/\/www.suomenurheiluhierontakeskus.fi\/fi\/wp-json\/wp\/v2\/media\/52429"}],"wp:attachment":[{"href":"https:\/\/www.suomenurheiluhierontakeskus.fi\/fi\/wp-json\/wp\/v2\/media?parent=3306"}],"wp:term":[{"taxonomy":"product_brand","embeddable":true,"href":"https:\/\/www.suomenurheiluhierontakeskus.fi\/fi\/wp-json\/wp\/v2\/product_brand?post=3306"},{"taxonomy":"product_cat","embeddable":true,"href":"https:\/\/www.suomenurheiluhierontakeskus.fi\/fi\/wp-json\/wp\/v2\/product_cat?post=3306"},{"taxonomy":"product_tag","embeddable":true,"href":"https:\/\/www.suomenurheiluhierontakeskus.fi\/fi\/wp-json\/wp\/v2\/product_tag?post=3306"}],"curies":[{"name":"wp","href":"https:\/\/api.w.org\/{rel}","templated":true}]}}