{"id":13402,"date":"2021-04-29T08:13:12","date_gmt":"2021-04-29T08:13:12","guid":{"rendered":"https:\/\/www.suomenurheiluhierontakeskus.fi\/fi\/?post_type=product&#038;p=13402"},"modified":"2026-04-27T14:23:05","modified_gmt":"2026-04-27T14:23:05","slug":"aitienpaiva-hierontalahjakortti","status":"publish","type":"product","link":"https:\/\/www.suomenurheiluhierontakeskus.fi\/fi\/tuote\/aitienpaiva-hierontalahjakortti\/","title":{"rendered":"\u00c4itienp\u00e4iv\u00e4: 45 min Urheiluhieronta"},"content":{"rendered":"<p>T\u00e4ydellinen lahja \u00e4itienp\u00e4iv\u00e4ksi. Anna lahjaksi hyvinvointia ja omaa aikaa.<\/p>\n<p>Urheiluhieronta perustuu klassiseen hierontaan. Se tehostaa aineenvaihduntaa ja vilkastuttaa verenkiertoa i\u00e4st\u00e4 riippumatta. Urheiluhieronta rentouttaa j\u00e4nnittynytt\u00e4 lihasta, palauttaa kovasta harjoittelusta ja sill\u00e4 on positiivisia vaikutuksia stressiin. Vaikka sana \u201durheilu\u201d esiintyykin nimess\u00e4, on urheiluhieronnalla saatu loistavia tuloksia mm. niskahartiaseudun vaivoissa. SUHKin tyypillisin asiakas onkin 30-55-vuotias p\u00e4\u00e4tety\u00f6skentelij\u00e4.<\/p>\n","protected":false},"excerpt":{"rendered":"<p>\u00c4itienp\u00e4iv\u00e4tarjous on voimassa su 10.5.2026 asti. 45 min urheiluhierontalahjakortti hintaan 49,50 \u20ac.<br \/>\nHUOM! Lahjakortti voimassa vain 6 kk ostop\u00e4iv\u00e4st\u00e4. Lahjakortti k\u00e4y kaikille SUHKin hierojille hintaluokasta riippumatta ja kaikissa toimipisteiss\u00e4.<\/p>\n","protected":false},"featured_media":52461,"template":"","meta":{"_acf_changed":false,"content-type":"","_uag_custom_page_level_css":""},"product_brand":[],"product_cat":[52],"product_tag":[],"class_list":{"0":"post-13402","1":"product","2":"type-product","3":"status-publish","4":"has-post-thumbnail","6":"product_cat-kampanjat","7":"no-featured-image-padding","8":"sales-flash-overlay","9":"woocommerce-text-align-center","10":"woocommerce-image-align-center","11":"do-quantity-buttons","13":"first","14":"instock","15":"virtual","16":"taxable","17":"purchasable","18":"product-type-simple"},"acf":[],"aioseo_notices":[],"featured_image_urls_v2":{"full":["https:\/\/www.suomenurheiluhierontakeskus.fi\/wp-content\/uploads\/2021\/04\/aitienpaivalahjakortti-1.png",1080,1080,false],"thumbnail":["https:\/\/www.suomenurheiluhierontakeskus.fi\/wp-content\/uploads\/2021\/04\/aitienpaivalahjakortti-1-150x150.png",150,150,true],"medium":["https:\/\/www.suomenurheiluhierontakeskus.fi\/wp-content\/uploads\/2021\/04\/aitienpaivalahjakortti-1-300x300.png",300,300,true],"medium_large":["https:\/\/www.suomenurheiluhierontakeskus.fi\/wp-content\/uploads\/2021\/04\/aitienpaivalahjakortti-1-768x768.png",768,768,true],"large":["https:\/\/www.suomenurheiluhierontakeskus.fi\/wp-content\/uploads\/2021\/04\/aitienpaivalahjakortti-1-1024x1024.png",1024,1024,true],"1536x1536":["https:\/\/www.suomenurheiluhierontakeskus.fi\/wp-content\/uploads\/2021\/04\/aitienpaivalahjakortti-1.png",1080,1080,false],"2048x2048":["https:\/\/www.suomenurheiluhierontakeskus.fi\/wp-content\/uploads\/2021\/04\/aitienpaivalahjakortti-1.png",1080,1080,false],"woocommerce_thumbnail":["https:\/\/www.suomenurheiluhierontakeskus.fi\/wp-content\/uploads\/2021\/04\/aitienpaivalahjakortti-1-300x300.png",300,300,true],"woocommerce_single":["https:\/\/www.suomenurheiluhierontakeskus.fi\/wp-content\/uploads\/2021\/04\/aitienpaivalahjakortti-1-600x600.png",600,600,true],"woocommerce_gallery_thumbnail":["https:\/\/www.suomenurheiluhierontakeskus.fi\/wp-content\/uploads\/2021\/04\/aitienpaivalahjakortti-1-100x100.png",100,100,true]},"post_excerpt_stackable_v2":"<p>\u00c4itienp\u00e4iv\u00e4tarjous on voimassa su 10.5.2026 asti. 45 min urheiluhierontalahjakortti hintaan 49,50 \u20ac.<br \/>\nHUOM! Lahjakortti voimassa vain 6 kk ostop\u00e4iv\u00e4st\u00e4. Lahjakortti k\u00e4y kaikille SUHKin hierojille hintaluokasta riippumatta ja kaikissa toimipisteiss\u00e4.<\/p>\n","category_list_v2":"","author_info_v2":{"name":"","url":""},"comments_num_v2":"0 comments","uagb_featured_image_src":{"full":["https:\/\/www.suomenurheiluhierontakeskus.fi\/wp-content\/uploads\/2021\/04\/aitienpaivalahjakortti-1.png",1080,1080,false],"thumbnail":["https:\/\/www.suomenurheiluhierontakeskus.fi\/wp-content\/uploads\/2021\/04\/aitienpaivalahjakortti-1-150x150.png",150,150,true],"medium":["https:\/\/www.suomenurheiluhierontakeskus.fi\/wp-content\/uploads\/2021\/04\/aitienpaivalahjakortti-1-300x300.png",300,300,true],"medium_large":["https:\/\/www.suomenurheiluhierontakeskus.fi\/wp-content\/uploads\/2021\/04\/aitienpaivalahjakortti-1-768x768.png",768,768,true],"large":["https:\/\/www.suomenurheiluhierontakeskus.fi\/wp-content\/uploads\/2021\/04\/aitienpaivalahjakortti-1-1024x1024.png",1024,1024,true],"1536x1536":["https:\/\/www.suomenurheiluhierontakeskus.fi\/wp-content\/uploads\/2021\/04\/aitienpaivalahjakortti-1.png",1080,1080,false],"2048x2048":["https:\/\/www.suomenurheiluhierontakeskus.fi\/wp-content\/uploads\/2021\/04\/aitienpaivalahjakortti-1.png",1080,1080,false],"woocommerce_thumbnail":["https:\/\/www.suomenurheiluhierontakeskus.fi\/wp-content\/uploads\/2021\/04\/aitienpaivalahjakortti-1-300x300.png",300,300,true],"woocommerce_single":["https:\/\/www.suomenurheiluhierontakeskus.fi\/wp-content\/uploads\/2021\/04\/aitienpaivalahjakortti-1-600x600.png",600,600,true],"woocommerce_gallery_thumbnail":["https:\/\/www.suomenurheiluhierontakeskus.fi\/wp-content\/uploads\/2021\/04\/aitienpaivalahjakortti-1-100x100.png",100,100,true]},"uagb_author_info":{"display_name":"Rami Luomanp\u00e4\u00e4","author_link":"https:\/\/www.suomenurheiluhierontakeskus.fi\/fi\/author\/"},"uagb_comment_info":0,"uagb_excerpt":"\u00c4itienp\u00e4iv\u00e4tarjous on voimassa su 10.5.2026 asti. 45 min urheiluhierontalahjakortti hintaan 49,50 \u20ac. HUOM! Lahjakortti voimassa vain 6 kk ostop\u00e4iv\u00e4st\u00e4. Lahjakortti k\u00e4y kaikille SUHKin hierojille hintaluokasta riippumatta ja kaikissa toimipisteiss\u00e4.","_links":{"self":[{"href":"https:\/\/www.suomenurheiluhierontakeskus.fi\/fi\/wp-json\/wp\/v2\/product\/13402","targetHints":{"allow":["GET"]}}],"collection":[{"href":"https:\/\/www.suomenurheiluhierontakeskus.fi\/fi\/wp-json\/wp\/v2\/product"}],"about":[{"href":"https:\/\/www.suomenurheiluhierontakeskus.fi\/fi\/wp-json\/wp\/v2\/types\/product"}],"wp:featuredmedia":[{"embeddable":true,"href":"https:\/\/www.suomenurheiluhierontakeskus.fi\/fi\/wp-json\/wp\/v2\/media\/52461"}],"wp:attachment":[{"href":"https:\/\/www.suomenurheiluhierontakeskus.fi\/fi\/wp-json\/wp\/v2\/media?parent=13402"}],"wp:term":[{"taxonomy":"product_brand","embeddable":true,"href":"https:\/\/www.suomenurheiluhierontakeskus.fi\/fi\/wp-json\/wp\/v2\/product_brand?post=13402"},{"taxonomy":"product_cat","embeddable":true,"href":"https:\/\/www.suomenurheiluhierontakeskus.fi\/fi\/wp-json\/wp\/v2\/product_cat?post=13402"},{"taxonomy":"product_tag","embeddable":true,"href":"https:\/\/www.suomenurheiluhierontakeskus.fi\/fi\/wp-json\/wp\/v2\/product_tag?post=13402"}],"curies":[{"name":"wp","href":"https:\/\/api.w.org\/{rel}","templated":true}]}}