{"id":880,"date":"2020-01-02T10:45:39","date_gmt":"2020-01-02T10:45:39","guid":{"rendered":"https:\/\/new.suomenurheiluhierontakeskus.fi\/urheiluhieronta-helsinki-etu-toolo\/"},"modified":"2025-10-30T11:45:04","modified_gmt":"2025-10-30T11:45:04","slug":"helsinki-etu-toolo","status":"publish","type":"page","link":"https:\/\/www.suomenurheiluhierontakeskus.fi\/fi\/helsinki-etu-toolo\/","title":{"rendered":"Helsinki, Etu-T\u00f6\u00f6l\u00f6"},"content":{"rendered":"\n<div class=\"wp-block-columns is-layout-flex wp-container-core-columns-is-layout-9d6595d7 wp-block-columns-is-layout-flex\">\n<div class=\"wp-block-column is-layout-flow wp-block-column-is-layout-flow\">\n<h2 class=\"wp-block-heading\">Palvelut<\/h2>\n\n\n\n<p>Etu-T\u00f6\u00f6l\u00f6n palveluvalikoimaan kuuluvat:<\/p>\n\n\n\n<ul class=\"wp-block-list\">\n<li><a class=\"aioseop-link\" href=\"https:\/\/www.suomenurheiluhierontakeskus.fi\/fi\/palvelut-urheiluhieronta\/\">Urheiluhieronta<\/a><\/li>\n\n\n\n<li><a href=\"https:\/\/www.suomenurheiluhierontakeskus.fi\/fi\/klassinen-hieronta\/\" title=\"Klassinen hieronta\">Hieronta<\/a><\/li>\n\n\n\n<li><a href=\"https:\/\/www.suomenurheiluhierontakeskus.fi\/fi\/palvelut\/purentalihasten-kasittely\/\" title=\"Purentalihasten Hieronta\">Purentalihashieronta<\/a><\/li>\n\n\n\n<li><a href=\"https:\/\/www.suomenurheiluhierontakeskus.fi\/fi\/raskausajan-hieronta\/\" title=\"Raskausajan hieronta\">Raskaushieronta<\/a><\/li>\n\n\n\n<li><a class=\"aioseop-link\" href=\"https:\/\/www.suomenurheiluhierontakeskus.fi\/fi\/osteopatia\/\">Osteopatia<\/a><\/li>\n\n\n\n<li><a href=\"https:\/\/www.suomenurheiluhierontakeskus.fi\/fi\/akupunktio\/\">Akupunktio<\/a><\/li>\n<\/ul>\n\n\n\n<p>Tutustu Etu-T\u00f6\u00f6l\u00f6n ammattitaitoisen&nbsp;<a class=\"aioseop-link\" href=\"https:\/\/www.suomenurheiluhierontakeskus.fi\/fi\/henkilosto-new\/#etu-toolo\">tiimiin<\/a><\/p>\n\n\n\n<figure class=\"wp-block-image size-large\"><img loading=\"lazy\" decoding=\"async\" width=\"1024\" height=\"768\" src=\"https:\/\/www.suomenurheiluhierontakeskus.fi\/wp-content\/uploads\/2025\/09\/etu-toolo-tiimi-1024x768.jpg\" alt=\"Etu-T\u00f6\u00f6l\u00f6n hierojat\" class=\"wp-image-54144\" srcset=\"https:\/\/www.suomenurheiluhierontakeskus.fi\/wp-content\/uploads\/2025\/09\/etu-toolo-tiimi-1024x768.jpg 1024w, https:\/\/www.suomenurheiluhierontakeskus.fi\/wp-content\/uploads\/2025\/09\/etu-toolo-tiimi-300x225.jpg 300w, https:\/\/www.suomenurheiluhierontakeskus.fi\/wp-content\/uploads\/2025\/09\/etu-toolo-tiimi-768x576.jpg 768w, https:\/\/www.suomenurheiluhierontakeskus.fi\/wp-content\/uploads\/2025\/09\/etu-toolo-tiimi-600x450.jpg 600w, https:\/\/www.suomenurheiluhierontakeskus.fi\/wp-content\/uploads\/2025\/09\/etu-toolo-tiimi.jpg 1200w\" sizes=\"auto, (max-width: 1024px) 100vw, 1024px\" \/><\/figure>\n\n\n\n<h2 class=\"wp-block-heading\"><\/h2>\n<\/div>\n\n\n\n<div class=\"wp-block-column is-layout-flow wp-block-column-is-layout-flow\">\n<h2 class=\"wp-block-heading\">Etu-T\u00f6\u00f6l\u00f6<\/h2>\n\n\n\n<p><strong>SUHK Etu-T\u00f6\u00f6l\u00f6<\/strong><br>Nervanderinkatu 10<br>00100 Helsinki<br>p. 050 464 8472<\/p>\n\n\n\n<p>Saapuessasi soita ovikelloa, niin tulemme avaamaan sinulle oven. Suosittelemme saapumaan n. 5-10 minuuttia ennen ajanvaraustasi.<\/p>\n\n\n\n<p>Mik\u00e4li emme p\u00e4\u00e4se vastaamaan puhelimeen, j\u00e4t\u00e4th\u00e4n viestin vastaajaan tai l\u00e4het\u00e4 meille tekstiviesti toimipisteen\u00a0numeroon.<\/p>\n\n\n\n<h2 class=\"wp-block-heading\">Ajanvaraus<\/h2>\n\n\n\n<p><strong><a class=\"aioseop-link\" href=\"\/fi\/ajanvaraus\/etu-toolo#varauskohta\">Varaa aika Etu-T\u00f6\u00f6l\u00f6\u00f6n<\/a><\/strong><\/p>\n\n\n\n<h2 class=\"wp-block-heading\">Varatun ajan peruutus<\/h2>\n\n\n\n<p>Peruutathan ajan tarvittaessa viimeist\u00e4\u00e4n 12 tuntia ennen varatun hoitoajan alkua. <a href=\"https:\/\/www.suomenurheiluhierontakeskus.fi\/fi\/ajanvarauksen-peruutus\/\">Lis\u00e4tietoa varauksen peruuttamisesta<\/a>.<\/p>\n\n\n\n<figure><iframe src=\"https:\/\/maps.google.com\/maps?q=Temppelikatu 1&amp;ie=UTF8&amp;t=roadmap&amp;z=17&amp;iwloc=B&amp;output=embed&amp;ll=60.166374,24.934401\"><\/iframe><\/figure>\n<\/div>\n\n\n\n<div class=\"wp-block-column is-layout-flow wp-block-column-is-layout-flow\">\n<h2 class=\"wp-block-heading\">Liikenneyhteydet ja paikoitus<\/h2>\n\n\n\n<p>Toimipaikkaan on matkaa Kampin kauppakeskuksesta n. 500m. Julkiset kulkuyhteydet toimipisteelle ovat erinomaiset:<\/p>\n\n\n\n<ul class=\"wp-block-list\">\n<li>Raitiovaunupys\u00e4kki Runeberginkadulla on 350m p\u00e4\u00e4ss\u00e4, Arkadiankadulla 400m p\u00e4\u00e4ss\u00e4 sek\u00e4 Mannerheimintiell\u00e4 450m p\u00e4\u00e4ss\u00e4.<\/li>\n\n\n\n<li>Kampin keskukselle on matkaa noin 550m, jossa sijaitsee metroasema sek\u00e4 bussiterminaali.<\/li>\n\n\n\n<li>Helsingin p\u00e4\u00e4rautatieasemalle on matkaa 900m<\/li>\n\n\n\n<li>Autoilijoille l\u00f6ytyy maksullisia tienvarsipaikkoja on rajoitetusti katujen varsilla. L\u00e4himm\u00e4t kadut ovat esim. Nervanderinkatu,&nbsp;Temppelikatu sek\u00e4 Tunturikatu. Kampin keskuksen parkkihalli sijaitsee k\u00e4velymatkan p\u00e4\u00e4ss\u00e4.<\/li>\n<\/ul>\n\n\n\n<h2 class=\"wp-block-heading\">Faktat<\/h2>\n\n\n\n<ul class=\"wp-block-list\">\n<li><strong>Perustettu:<\/strong> 2020<\/li>\n\n\n\n<li><strong>Hoitohuoneita:<\/strong> 5 kpl<\/li>\n\n\n\n<li><strong>Ammattilaisia:<\/strong>&nbsp;6 kpl<\/li>\n\n\n\n<li><strong>Tiiminvet\u00e4j\u00e4:<\/strong>&nbsp;Henri Kari<\/li>\n<\/ul>\n<\/div>\n<\/div>\n\n\n<div id=\"osa3\" class=\"yhteystietolohko\">\n<\/div>\n<div id=\"osa2\" class=\"yhteystietolohko\">&nbsp;<\/div>\n<div id=\"osa3\" class=\"yhteystietolohko\">\n<div class=\"ajanvarauslaatikko\">&nbsp;<\/div>\n<\/div>","protected":false},"excerpt":{"rendered":"<p>Urheiluhieronta Helsinki, Etu-T\u00f6\u00f6l\u00f6&nbsp;| Suomen Urheiluhierontakeskus | SUHK<\/p>\n","protected":false},"author":1,"featured_media":0,"parent":0,"menu_order":0,"comment_status":"closed","ping_status":"closed","template":"","meta":{"_acf_changed":false,"content-type":"","_uag_custom_page_level_css":"","footnotes":""},"class_list":{"0":"post-880","1":"page","2":"type-page","3":"status-publish","5":"no-featured-image-padding"},"acf":[],"aioseo_notices":[],"featured_image_urls_v2":{"full":"","thumbnail":"","medium":"","medium_large":"","large":"","1536x1536":"","2048x2048":"","woocommerce_thumbnail":"","woocommerce_single":"","woocommerce_gallery_thumbnail":""},"post_excerpt_stackable_v2":"<p>Urheiluhieronta Helsinki, Etu-T\u00f6\u00f6l\u00f6&nbsp;| Suomen Urheiluhierontakeskus | SUHK<\/p>\n","category_list_v2":"","author_info_v2":{"name":"suhk_admin","url":"https:\/\/www.suomenurheiluhierontakeskus.fi\/fi\/author\/suhk_admin\/"},"comments_num_v2":"0 comments","uagb_featured_image_src":{"full":false,"thumbnail":false,"medium":false,"medium_large":false,"large":false,"1536x1536":false,"2048x2048":false,"woocommerce_thumbnail":false,"woocommerce_single":false,"woocommerce_gallery_thumbnail":false},"uagb_author_info":{"display_name":"suhk_admin","author_link":"https:\/\/www.suomenurheiluhierontakeskus.fi\/fi\/author\/suhk_admin\/"},"uagb_comment_info":0,"uagb_excerpt":"Urheiluhieronta Helsinki, Etu-T\u00f6\u00f6l\u00f6&nbsp;| Suomen Urheiluhierontakeskus | SUHK","_links":{"self":[{"href":"https:\/\/www.suomenurheiluhierontakeskus.fi\/fi\/wp-json\/wp\/v2\/pages\/880","targetHints":{"allow":["GET"]}}],"collection":[{"href":"https:\/\/www.suomenurheiluhierontakeskus.fi\/fi\/wp-json\/wp\/v2\/pages"}],"about":[{"href":"https:\/\/www.suomenurheiluhierontakeskus.fi\/fi\/wp-json\/wp\/v2\/types\/page"}],"author":[{"embeddable":true,"href":"https:\/\/www.suomenurheiluhierontakeskus.fi\/fi\/wp-json\/wp\/v2\/users\/1"}],"replies":[{"embeddable":true,"href":"https:\/\/www.suomenurheiluhierontakeskus.fi\/fi\/wp-json\/wp\/v2\/comments?post=880"}],"version-history":[{"count":19,"href":"https:\/\/www.suomenurheiluhierontakeskus.fi\/fi\/wp-json\/wp\/v2\/pages\/880\/revisions"}],"predecessor-version":[{"id":54679,"href":"https:\/\/www.suomenurheiluhierontakeskus.fi\/fi\/wp-json\/wp\/v2\/pages\/880\/revisions\/54679"}],"wp:attachment":[{"href":"https:\/\/www.suomenurheiluhierontakeskus.fi\/fi\/wp-json\/wp\/v2\/media?parent=880"}],"curies":[{"name":"wp","href":"https:\/\/api.w.org\/{rel}","templated":true}]}}