{"id":833,"date":"2015-11-30T14:43:48","date_gmt":"2015-11-30T14:43:48","guid":{"rendered":"https:\/\/new.suomenurheiluhierontakeskus.fi\/espoo-tapiola\/"},"modified":"2026-01-21T11:54:08","modified_gmt":"2026-01-21T11:54:08","slug":"espoo-tapiola","status":"publish","type":"page","link":"https:\/\/www.suomenurheiluhierontakeskus.fi\/fi\/espoo-tapiola\/","title":{"rendered":"Espoo, Tapiola"},"content":{"rendered":"\n<div class=\"wp-block-columns is-layout-flex wp-container-core-columns-is-layout-9d6595d7 wp-block-columns-is-layout-flex\">\n<div class=\"wp-block-column is-layout-flow wp-block-column-is-layout-flow\">\n<h2 class=\"wp-block-heading\">Palvelut<\/h2>\n\n\n\n<p>Tapiolan palveluvalikoimaan kuuluvat:<\/p>\n\n\n\n<ul class=\"wp-block-list\">\n<li><a class=\"aioseop-link\" href=\"https:\/\/www.suomenurheiluhierontakeskus.fi\/fi\/palvelut-urheiluhieronta\/\">Urheiluhieronta<\/a><\/li>\n\n\n\n<li><a class=\"aioseop-link\" href=\"https:\/\/www.suomenurheiluhierontakeskus.fi\/fi\/palvelut-urheiluhieronta\/\">Hieronta<\/a><\/li>\n\n\n\n<li><a class=\"aioseop-link\" href=\"https:\/\/www.suomenurheiluhierontakeskus.fi\/fi\/fysioterapia\/\">Fysioterapia<\/a><\/li>\n\n\n\n<li><a href=\"https:\/\/www.suomenurheiluhierontakeskus.fi\/fi\/osteopatia\/\" title=\"\">Osteopatia<\/a><\/li>\n\n\n\n<li><a class=\"aioseop-link\" href=\"https:\/\/www.suhkmama.fi\/\">SUHK Maman palvelut<\/a><\/li>\n<\/ul>\n\n\n\n<p>Tapiolan ammattitaitoisen <a class=\"aioseop-link\" href=\"\/fi\/henkilosto-new\/#tapiola\">tiimin <\/a>l\u00f6yd\u00e4t t\u00e4\u00e4lt\u00e4.<\/p>\n\n\n\n<h2 class=\"wp-block-heading\">Ajanvaraus<\/h2>\n\n\n\n<p><a href=\"\/fi\/ajanvaraus\/tapiola\" title=\"\">Varaa aika Tapiolaan <\/a><\/p>\n\n\n\n<h2 class=\"wp-block-heading\">Varatun ajan peruutus<\/h2>\n\n\n\n<p><a href=\"https:\/\/www.suomenurheiluhierontakeskus.fi\/fi\/ajanvarauksen-peruutus\/\">Lis\u00e4tietoa varauksen peruuttamisesta t\u00e4st\u00e4 linkist\u00e4.<\/a><\/p>\n<\/div>\n\n\n\n<div class=\"wp-block-column is-layout-flow wp-block-column-is-layout-flow\">\n<h2 class=\"wp-block-heading\">TAPIOLA<\/h2>\n\n\n\n<p><strong>SUHK Tapiola<\/strong><br>Revontulentie 8 C<br>02100 Espoo<br>p. 050 543 4993<\/p>\n\n\n\n<p>Toimipisteess\u00e4 sinut tullaan hakemaan aulasta ennen varattua aikaasi.<\/p>\n\n\n\n<p>Mik\u00e4li emme p\u00e4\u00e4se vastaamaan puhelimeen, j\u00e4t\u00e4th\u00e4n viestin vastaajaan tai l\u00e4het\u00e4 meille tekstiviesti toimipisteen&nbsp;numeroon.<\/p>\n\n\n\n<figure><iframe src=\"https:\/\/maps.google.com\/maps?f=q&amp;source=s_q&amp;hl=fi&amp;geocode=&amp;q=Revontulentie+8+C,+Espoo,+Suomi&amp;aq=&amp;sll=60.176889,24.805742&amp;sspn=0.008249,0.020578&amp;ie=UTF8&amp;hq=&amp;hnear=Revontulentie+8+C,+Espoo,+Suomi&amp;t=m&amp;ll=60.17691,24.805756&amp;spn=0.012806,0.025749&amp;z=14&amp;iwloc=A&amp;output=embed\"><\/iframe><\/figure>\n<\/div>\n\n\n\n<div class=\"wp-block-column is-layout-flow wp-block-column-is-layout-flow\">\n<h2 class=\"wp-block-heading\">Liikenneyhteydet ja paikoitus<\/h2>\n\n\n\n<p>Toimipiste sijaitsee Espoon kaupunginteatterin takana samalla tontilla. Kauppakeskus Ainoasta, Tapiolan metroasemalta ja bussiterminaalilta on vain 7 min k\u00e4velymatka. <\/p>\n\n\n\n<p>Autolla saapuville toimipisteen edess\u00e4 on 5 kpl SUHKille varattuja Autopaikkoja. Pys\u00e4k\u00f6intialueelle ajetaan Revontulenkujalta, josta l\u00f6ytyy my\u00f6s hyv\u00e4t opasteet.<\/p>\n\n\n\n<h2 class=\"wp-block-heading\">Faktat<\/h2>\n\n\n\n<p><strong>Perustettu:<\/strong> 2013. Muutettu uusiin tiloihin 2023<\/p>\n\n\n\n<p><strong>Ammattilaisia:<\/strong> 10-14<\/p>\n\n\n\n<p><strong>Hoitohuoneita: <\/strong>7 kpl<\/p>\n\n\n\n<p><strong>Tiiminvet\u00e4j\u00e4:\u00a0<\/strong>Richard Wahlstedt<\/p>\n<\/div>\n<\/div>\n","protected":false},"excerpt":{"rendered":"<p>Tapiolan toimipaikka oli SUHK:n kolmas piste, joka aukaistiin vuonna 2013. Tapiolan keskustornissa sijaitseva hoitolaitos on odottanut metron valmistumista siin\u00e4 miss\u00e4 kaikki muutkin.&nbsp; Tapiolassa tarjottavia palveluita ovat urheiluhieronta, fysioterapia ja personal trainer -palvelut.<\/p>\n","protected":false},"author":1,"featured_media":0,"parent":0,"menu_order":0,"comment_status":"closed","ping_status":"closed","template":"","meta":{"_acf_changed":false,"content-type":"","_uag_custom_page_level_css":"","footnotes":""},"class_list":{"0":"post-833","1":"page","2":"type-page","3":"status-publish","5":"no-featured-image-padding"},"acf":[],"aioseo_notices":[],"featured_image_urls_v2":{"full":"","thumbnail":"","medium":"","medium_large":"","large":"","1536x1536":"","2048x2048":"","woocommerce_thumbnail":"","woocommerce_single":"","woocommerce_gallery_thumbnail":""},"post_excerpt_stackable_v2":"<p>Tapiolan toimipaikka oli SUHK:n kolmas piste, joka aukaistiin vuonna 2013. Tapiolan keskustornissa sijaitseva hoitolaitos on odottanut metron valmistumista siin\u00e4 miss\u00e4 kaikki muutkin.&nbsp; Tapiolassa tarjottavia palveluita ovat urheiluhieronta, fysioterapia ja personal trainer -palvelut.<\/p>\n","category_list_v2":"","author_info_v2":{"name":"suhk_admin","url":"https:\/\/www.suomenurheiluhierontakeskus.fi\/fi\/author\/suhk_admin\/"},"comments_num_v2":"0 comments","uagb_featured_image_src":{"full":false,"thumbnail":false,"medium":false,"medium_large":false,"large":false,"1536x1536":false,"2048x2048":false,"woocommerce_thumbnail":false,"woocommerce_single":false,"woocommerce_gallery_thumbnail":false},"uagb_author_info":{"display_name":"suhk_admin","author_link":"https:\/\/www.suomenurheiluhierontakeskus.fi\/fi\/author\/suhk_admin\/"},"uagb_comment_info":0,"uagb_excerpt":"Tapiolan toimipaikka oli SUHK:n kolmas piste, joka aukaistiin vuonna 2013. Tapiolan keskustornissa sijaitseva hoitolaitos on odottanut metron valmistumista siin\u00e4 miss\u00e4 kaikki muutkin.&nbsp; Tapiolassa tarjottavia palveluita ovat urheiluhieronta, fysioterapia ja personal trainer -palvelut.","_links":{"self":[{"href":"https:\/\/www.suomenurheiluhierontakeskus.fi\/fi\/wp-json\/wp\/v2\/pages\/833","targetHints":{"allow":["GET"]}}],"collection":[{"href":"https:\/\/www.suomenurheiluhierontakeskus.fi\/fi\/wp-json\/wp\/v2\/pages"}],"about":[{"href":"https:\/\/www.suomenurheiluhierontakeskus.fi\/fi\/wp-json\/wp\/v2\/types\/page"}],"author":[{"embeddable":true,"href":"https:\/\/www.suomenurheiluhierontakeskus.fi\/fi\/wp-json\/wp\/v2\/users\/1"}],"replies":[{"embeddable":true,"href":"https:\/\/www.suomenurheiluhierontakeskus.fi\/fi\/wp-json\/wp\/v2\/comments?post=833"}],"version-history":[{"count":18,"href":"https:\/\/www.suomenurheiluhierontakeskus.fi\/fi\/wp-json\/wp\/v2\/pages\/833\/revisions"}],"predecessor-version":[{"id":59314,"href":"https:\/\/www.suomenurheiluhierontakeskus.fi\/fi\/wp-json\/wp\/v2\/pages\/833\/revisions\/59314"}],"wp:attachment":[{"href":"https:\/\/www.suomenurheiluhierontakeskus.fi\/fi\/wp-json\/wp\/v2\/media?parent=833"}],"curies":[{"name":"wp","href":"https:\/\/api.w.org\/{rel}","templated":true}]}}