{"id":832,"date":"2015-11-30T14:43:03","date_gmt":"2015-11-30T14:43:03","guid":{"rendered":"https:\/\/new.suomenurheiluhierontakeskus.fi\/espoo-espoonlahti\/"},"modified":"2026-02-26T09:31:17","modified_gmt":"2026-02-26T09:31:17","slug":"espoo-espoonlahti","status":"publish","type":"page","link":"https:\/\/www.suomenurheiluhierontakeskus.fi\/fi\/espoo-espoonlahti\/","title":{"rendered":"Espoo, Espoonlahti"},"content":{"rendered":"\n<div class=\"wp-block-columns is-layout-flex wp-container-core-columns-is-layout-9d6595d7 wp-block-columns-is-layout-flex\">\n<div class=\"wp-block-column is-layout-flow wp-block-column-is-layout-flow\">\n<h2 class=\"wp-block-heading\">Palvelut<\/h2>\n\n\n\n<p>Espoonlahden palveluvalikoimaan kuuluvat:<\/p>\n\n\n\n<ul class=\"wp-block-list\">\n<li><a class=\"aioseop-link\" href=\"\/fi\/urheiluhieronta-palvelut\/\">Urheiluhieronta<\/a><\/li>\n\n\n\n<li><a class=\"aioseop-link\" href=\"https:\/\/www.suomenurheiluhierontakeskus.fi\/fi\/palvelut-urheiluhieronta\/\">Hieronta<\/a><\/li>\n\n\n\n<li><a class=\"aioseop-link\" href=\"\/fi\/fysioterapia\/\">Fysioterapia<\/a> <\/li>\n\n\n\n<li><a href=\"https:\/\/www.suomenurheiluhierontakeskus.fi\/fi\/raskausajan-hieronta\/\" title=\"Raskaushieronta\">Raskaushieronta<\/a><\/li>\n\n\n\n<li><a href=\"https:\/\/www.suomenurheiluhierontakeskus.fi\/fi\/raskausajan-hieronta\/\" title=\"Synnytyksen j\u00e4lkeinen hieronta\">Synnytyksen j\u00e4lkeinen hieronta<\/a><\/li>\n\n\n\n<li><a href=\"https:\/\/www.suomenurheiluhierontakeskus.fi\/fi\/palvelut\/purentalihasten-kasittely\/\" title=\"Purentalihashieronta\">Purentalihashieronta<\/a><\/li>\n\n\n\n<li><a href=\"https:\/\/www.suomenurheiluhierontakeskus.fi\/fi\/akupunktio\/\" title=\"Akupunktio\">Akupunktio<\/a><\/li>\n\n\n\n<li>Personal Trainer -palvelut (Fressi)<\/li>\n<\/ul>\n\n\n\n<p>Tutustu Espoonlahden ammattitaitoisen <a href=\"https:\/\/www.suomenurheiluhierontakeskus.fi\/fi\/henkilosto-new\/#espoonlahti\" title=\"\">tiimiin<\/a><\/p>\n\n\n\n<figure class=\"wp-block-image size-large\"><a href=\"https:\/\/www.suomenurheiluhierontakeskus.fi\/fi\/henkilosto-new\/#espoonlahti\"><img loading=\"lazy\" decoding=\"async\" width=\"1024\" height=\"739\" src=\"https:\/\/www.suomenurheiluhierontakeskus.fi\/wp-content\/uploads\/2025\/11\/espoonlahti_hierojat-1024x739.jpeg\" alt=\"Espoonlahden hierojat, osteopaatit ja fysioterapeutit\" class=\"wp-image-55339\" srcset=\"https:\/\/www.suomenurheiluhierontakeskus.fi\/wp-content\/uploads\/2025\/11\/espoonlahti_hierojat-1024x739.jpeg 1024w, https:\/\/www.suomenurheiluhierontakeskus.fi\/wp-content\/uploads\/2025\/11\/espoonlahti_hierojat-300x217.jpeg 300w, https:\/\/www.suomenurheiluhierontakeskus.fi\/wp-content\/uploads\/2025\/11\/espoonlahti_hierojat-768x555.jpeg 768w, https:\/\/www.suomenurheiluhierontakeskus.fi\/wp-content\/uploads\/2025\/11\/espoonlahti_hierojat-1536x1109.jpeg 1536w, https:\/\/www.suomenurheiluhierontakeskus.fi\/wp-content\/uploads\/2025\/11\/espoonlahti_hierojat-2048x1479.jpeg 2048w, https:\/\/www.suomenurheiluhierontakeskus.fi\/wp-content\/uploads\/2025\/11\/espoonlahti_hierojat-600x433.jpeg 600w\" sizes=\"auto, (max-width: 1024px) 100vw, 1024px\" \/><\/a><\/figure>\n\n\n\n<h2 class=\"wp-block-heading\"><\/h2>\n<\/div>\n\n\n\n<div class=\"wp-block-column is-layout-flow wp-block-column-is-layout-flow\">\n<h2 class=\"wp-block-heading\">Espoonlahti<\/h2>\n\n\n\n<p><strong>SUHK Espoonlahti<\/strong><br><strong>Espoonlahdenkuja 3<\/strong><br>(Fressi Espoonlahti)<br>02320 Espoo<br>p. 050 301 8093<\/p>\n\n\n\n<p>Mik\u00e4li emme p\u00e4\u00e4se vastaamaan puhelimeen, j\u00e4t\u00e4th\u00e4n viestin vastaajaan tai l\u00e4het\u00e4 meille tekstiviesti toimipisteen&nbsp;numeroon.<\/p>\n\n\n\n<h2 class=\"wp-block-heading\">Ajanvaraus<\/h2>\n\n\n\n<p><a class=\"aioseop-link\" href=\"\/fi\/ajanvaraus\/espoonlahti\"><strong>Varaa aika Espoonlahteen  <\/strong><\/a><\/p>\n\n\n\n<p><a href=\"https:\/\/www.suomenurheiluhierontakeskus.fi\/fi\/ajanvarauksen-peruutus\/\">Lis\u00e4tietoa varauksen peruuttamisesta <\/a><\/p>\n\n\n\n<figure><iframe src=\"https:\/\/maps.google.com\/maps?f=q&amp;source=s_q&amp;hl=fi&amp;geocode=&amp;q=Espoonlahdenkuja+3,+Espoo,+Suomi&amp;aq=0&amp;oq=Espoonlahdenkuja+3+&amp;sll=60.1521938,24.6586319&amp;sspn=0.008252,0.020578&amp;ie=UTF8&amp;hq=&amp;hnear=Espoonlahdenkuja+3,+Espoo,+Suomi&amp;t=m&amp;ll=60.1521938,24.6586319&amp;spn=0.012814,0.025749&amp;z=14&amp;iwloc=A&amp;output=embed\"><\/iframe><\/figure>\n<\/div>\n\n\n\n<div class=\"wp-block-column is-layout-flow wp-block-column-is-layout-flow\">\n<h2 class=\"wp-block-heading\">Liikenneyhteydet ja paikoitus<\/h2>\n\n\n\n<p>Toimipiste sijaitsee Fressi Espoonlahden tiloissa aivan Espoonlahden uimahallin vieress\u00e4. Rakennuksen edess\u00e4 on runsaasti parkkitilaa. <\/p>\n\n\n\n<p>L\u00e4hin bussipys\u00e4kki l\u00f6ytyy n. 200 metrin p\u00e4\u00e4ss\u00e4 (Espoonlahden uimahalli).<\/p>\n\n\n\n<p>Kauppakeskus <a href=\"https:\/\/lippulaiva.fi\/\">Lippulaiva<\/a> sijaitsee n. 300 m p\u00e4\u00e4ss\u00e4.<\/p>\n\n\n\n<p>Saapuessasi Espoonlahden toimipisteeseen omalla autolla, rekister\u00f6i autosi rekisterikilpi Fressin aulassa olevaan Parkkipaten tablettiin.<\/p>\n\n\n\n<h2 class=\"wp-block-heading\">Faktat<\/h2>\n\n\n\n<p><strong>Perustettu:<\/strong> 2011 (muuttanut 2024)<\/p>\n\n\n\n<p><strong>Hoitohuoneita:<\/strong> 5 kpl (+ Fressin palvelut)<\/p>\n\n\n\n<p><strong>Ammattilaisia:<\/strong> 9<\/p>\n\n\n\n<p><strong>Tiiminvet\u00e4j\u00e4:<\/strong> Sonja Sallinen<\/p>\n<\/div>\n<\/div>\n","protected":false},"excerpt":{"rendered":"<p>Palvelut Espoonlahden palveluvalikoimaan kuuluvat: Tutustu Espoonlahden ammattitaitoisen tiimiin Espoonlahti SUHK EspoonlahtiEspoonlahdenkuja 3(Fressi Espoonlahti)02320 Espoop. 050 301 8093 Mik\u00e4li emme p\u00e4\u00e4se vastaamaan puhelimeen, j\u00e4t\u00e4th\u00e4n viestin vastaajaan tai l\u00e4het\u00e4 meille tekstiviesti toimipisteen&nbsp;numeroon. Ajanvaraus Varaa aika Espoonlahteen Lis\u00e4tietoa varauksen peruuttamisesta Liikenneyhteydet ja paikoitus Toimipiste sijaitsee Fressi Espoonlahden tiloissa aivan Espoonlahden uimahallin vieress\u00e4. Rakennuksen edess\u00e4 on runsaasti parkkitilaa. L\u00e4hin &#8230; <\/p>\n<p class=\"read-more-container\"><a title=\"Espoo, Espoonlahti\" class=\"read-more button\" href=\"https:\/\/www.suomenurheiluhierontakeskus.fi\/fi\/espoo-espoonlahti\/#more-832\" aria-label=\"Lue lis\u00e4\u00e4 aiheesta Espoo, Espoonlahti\">Continue<\/a><\/p>\n","protected":false},"author":1,"featured_media":0,"parent":0,"menu_order":0,"comment_status":"closed","ping_status":"closed","template":"","meta":{"_acf_changed":false,"content-type":"","_uag_custom_page_level_css":"","footnotes":""},"class_list":{"0":"post-832","1":"page","2":"type-page","3":"status-publish","5":"no-featured-image-padding"},"acf":[],"aioseo_notices":[],"featured_image_urls_v2":{"full":"","thumbnail":"","medium":"","medium_large":"","large":"","1536x1536":"","2048x2048":"","woocommerce_thumbnail":"","woocommerce_single":"","woocommerce_gallery_thumbnail":""},"post_excerpt_stackable_v2":"<p>Palvelut Espoonlahden palveluvalikoimaan kuuluvat: Urheiluhieronta Hieronta Fysioterapia Raskaushieronta Synnytyksen j\u00e4lkeinen hieronta Purentalihashieronta Akupunktio Personal Trainer -palvelut (Fressi) Tutustu Espoonlahden ammattitaitoisen tiimiin Espoonlahti SUHK EspoonlahtiEspoonlahdenkuja 3(Fressi Espoonlahti)02320 Espoop. 050 301 8093 Mik\u00e4li emme p\u00e4\u00e4se vastaamaan puhelimeen, j\u00e4t\u00e4th\u00e4n viestin vastaajaan tai l\u00e4het\u00e4 meille tekstiviesti toimipisteen&nbsp;numeroon. Ajanvaraus Varaa aika Espoonlahteen Lis\u00e4tietoa varauksen peruuttamisesta Liikenneyhteydet ja paikoitus Toimipiste sijaitsee Fressi Espoonlahden tiloissa aivan Espoonlahden uimahallin vieress\u00e4. Rakennuksen edess\u00e4 on runsaasti parkkitilaa. L\u00e4hin bussipys\u00e4kki l\u00f6ytyy n. 200 metrin p\u00e4\u00e4ss\u00e4 (Espoonlahden uimahalli). Kauppakeskus Lippulaiva sijaitsee n. 300 m p\u00e4\u00e4ss\u00e4. Saapuessasi Espoonlahden toimipisteeseen omalla autolla, rekister\u00f6i autosi rekisterikilpi Fressin aulassa olevaan Parkkipaten tablettiin. Faktat Perustettu: 2011 (muuttanut&hellip;<\/p>\n","category_list_v2":"","author_info_v2":{"name":"suhk_admin","url":"https:\/\/www.suomenurheiluhierontakeskus.fi\/fi\/author\/suhk_admin\/"},"comments_num_v2":"0 comments","uagb_featured_image_src":{"full":false,"thumbnail":false,"medium":false,"medium_large":false,"large":false,"1536x1536":false,"2048x2048":false,"woocommerce_thumbnail":false,"woocommerce_single":false,"woocommerce_gallery_thumbnail":false},"uagb_author_info":{"display_name":"suhk_admin","author_link":"https:\/\/www.suomenurheiluhierontakeskus.fi\/fi\/author\/suhk_admin\/"},"uagb_comment_info":0,"uagb_excerpt":"Palvelut Espoonlahden palveluvalikoimaan kuuluvat: Tutustu Espoonlahden ammattitaitoisen tiimiin Espoonlahti SUHK EspoonlahtiEspoonlahdenkuja 3(Fressi Espoonlahti)02320 Espoop. 050 301 8093 Mik\u00e4li emme p\u00e4\u00e4se vastaamaan puhelimeen, j\u00e4t\u00e4th\u00e4n viestin vastaajaan tai l\u00e4het\u00e4 meille tekstiviesti toimipisteen&nbsp;numeroon. Ajanvaraus Varaa aika Espoonlahteen Lis\u00e4tietoa varauksen peruuttamisesta Liikenneyhteydet ja paikoitus Toimipiste sijaitsee Fressi Espoonlahden tiloissa aivan Espoonlahden uimahallin vieress\u00e4. Rakennuksen edess\u00e4 on runsaasti parkkitilaa. L\u00e4hin&hellip;","_links":{"self":[{"href":"https:\/\/www.suomenurheiluhierontakeskus.fi\/fi\/wp-json\/wp\/v2\/pages\/832","targetHints":{"allow":["GET"]}}],"collection":[{"href":"https:\/\/www.suomenurheiluhierontakeskus.fi\/fi\/wp-json\/wp\/v2\/pages"}],"about":[{"href":"https:\/\/www.suomenurheiluhierontakeskus.fi\/fi\/wp-json\/wp\/v2\/types\/page"}],"author":[{"embeddable":true,"href":"https:\/\/www.suomenurheiluhierontakeskus.fi\/fi\/wp-json\/wp\/v2\/users\/1"}],"replies":[{"embeddable":true,"href":"https:\/\/www.suomenurheiluhierontakeskus.fi\/fi\/wp-json\/wp\/v2\/comments?post=832"}],"version-history":[{"count":23,"href":"https:\/\/www.suomenurheiluhierontakeskus.fi\/fi\/wp-json\/wp\/v2\/pages\/832\/revisions"}],"predecessor-version":[{"id":59892,"href":"https:\/\/www.suomenurheiluhierontakeskus.fi\/fi\/wp-json\/wp\/v2\/pages\/832\/revisions\/59892"}],"wp:attachment":[{"href":"https:\/\/www.suomenurheiluhierontakeskus.fi\/fi\/wp-json\/wp\/v2\/media?parent=832"}],"curies":[{"name":"wp","href":"https:\/\/api.w.org\/{rel}","templated":true}]}}