{"id":831,"date":"2015-11-30T14:41:11","date_gmt":"2015-11-30T14:41:11","guid":{"rendered":"https:\/\/new.suomenurheiluhierontakeskus.fi\/espoo-leppavaara\/"},"modified":"2026-01-21T11:54:00","modified_gmt":"2026-01-21T11:54:00","slug":"espoo-leppavaara","status":"publish","type":"page","link":"https:\/\/www.suomenurheiluhierontakeskus.fi\/fi\/espoo-leppavaara\/","title":{"rendered":"Espoo, Lepp\u00e4vaara"},"content":{"rendered":"\n<div class=\"wp-block-columns is-layout-flex wp-container-core-columns-is-layout-9d6595d7 wp-block-columns-is-layout-flex\">\n<div class=\"wp-block-column is-layout-flow wp-block-column-is-layout-flow\">\n<h2 class=\"wp-block-heading\">Palvelut<\/h2>\n\n\n\n<p>Lepp\u00e4vaaran palveluvalikoimaan kuuluvat:<\/p>\n\n\n\n<ul class=\"wp-block-list\">\n<li><a href=\"https:\/\/www.suomenurheiluhierontakeskus.fi\/fi\/urheiluhieronta-palvelut\/\">Urheiluhieronta<\/a><\/li>\n\n\n\n<li><a href=\"https:\/\/www.suomenurheiluhierontakeskus.fi\/fi\/palvelut-urheiluhieronta\/\">Hieronta<\/a><\/li>\n\n\n\n<li><a href=\"https:\/\/www.suomenurheiluhierontakeskus.fi\/fi\/osteopatia\">Osteopatia<\/a><\/li>\n\n\n\n<li><a href=\"https:\/\/www.suomenurheiluhierontakeskus.fi\/fi\/fysioterapia\/\">Fysioterapia<\/a><\/li>\n\n\n\n<li><a href=\"https:\/\/www.suhkmama.fi\/\" title=\"\">SUHK Maman<\/a> palvelut<\/li>\n<\/ul>\n\n\n\n<p>Lepp\u00e4vaaran ammattitaitoisen&nbsp;<a href=\"https:\/\/www.suomenurheiluhierontakeskus.fi\/fi\/henkilosto-new\/#leppavaara\" class=\"aioseop-link\">tiimin<\/a><a href=\"https:\/\/www.suomenurheiluhierontakeskus.fi\/fi\/henkilosto-new\/#espoonlahti\" class=\"aioseop-link\">&nbsp;<\/a>l\u00f6yd\u00e4t t\u00e4\u00e4lt\u00e4<\/p>\n\n\n\n<h2 class=\"wp-block-heading\">Ajanvaraus<\/h2>\n\n\n\n<p><a href=\"\/fi\/ajanvaraus\/leppavaara#varauskohta\" class=\"aioseop-link\">Varaa aika Lepp\u00e4vaaraan&nbsp; <\/a><\/p>\n\n\n\n<h2 class=\"wp-block-heading\">Varatun ajan peruutus<\/h2>\n\n\n\n<p><a href=\"https:\/\/www.suomenurheiluhierontakeskus.fi\/fi\/ajanvarauksen-peruutus\/\">Lis\u00e4tietoa varauksen peruuttamisesta t\u00e4st\u00e4 linkist\u00e4.<\/a><\/p>\n<\/div>\n\n\n\n<div class=\"wp-block-column is-layout-flow wp-block-column-is-layout-flow\">\n<h2 class=\"wp-block-heading\">Lepp\u00e4vaara<\/h2>\n\n\n\n<p><strong>SUHK Lepp\u00e4vaara<\/strong><br>Lintuvaarantie 2, 2 krs.<br>02650 Espoo<br>p. 046 920 1768<\/p>\n\n\n\n<p>Mik\u00e4li emme p\u00e4\u00e4se vastaamaan puhelimeen, j\u00e4t\u00e4th\u00e4n viestin vastaajaan tai l\u00e4het\u00e4 meille tekstiviesti toimipisteen&nbsp;numeroon.<\/p>\n\n\n\n<p>Sis\u00e4\u00e4nk\u00e4ynti on Lintuvaarantien ja Ratsukadun kulmassa olevista p\u00e4\u00e4ovista. Ulko-ovien ollessa lukittuna sis\u00e4\u00e4n p\u00e4\u00e4see ovikoodilla, joka l\u00f6ytyy varausvahvistuksesta.<\/p>\n\n\n\n<figure><iframe src=\"https:\/\/www.google.com\/maps\/embed?pb=!1m18!1m12!1m3!1d1981.5434577090539!2d24.810585499999995!3d60.22138470000001!2m3!1f0!2f0!3f0!3m2!1i1024!2i768!4f13.1!3m3!1m2!1s0x468df67c5e1a3f7f%3A0x2956e84cf06121ec!2sLintuvaarantie+2!5e0!3m2!1sfi!2sfi!4v1400485970334\"><\/iframe><\/figure>\n<\/div>\n\n\n\n<div class=\"wp-block-column is-layout-flow wp-block-column-is-layout-flow\">\n<h2 class=\"wp-block-heading\">Liikenneyhteydet ja paikoitus<\/h2>\n\n\n\n<p>Toimipaikka sijaitsee&nbsp;n. 300m p\u00e4\u00e4ss\u00e4 Lepp\u00e4vaaran&nbsp;juna-asemasta ja bussiterminaalista. Turuntien bussipys\u00e4keilt\u00e4 matkaa toimipisteelle on 150m. Keh\u00e4 1 kulkee 500m p\u00e4\u00e4ss\u00e4.<\/p>\n\n\n\n<p>Parin tunnin ilmaisia pys\u00e4k\u00f6intipaikkoja l\u00f6ytyy sek\u00e4 kiinteist\u00f6n ett\u00e4 Gallerian edest\u00e4.<\/p>\n\n\n\n<p>Jos tulet autolla ja k\u00e4yt\u00e4t navigaattoria, kannattaa osoitteeksi laittaa Vanha Maantie 1.<\/p>\n\n\n\n<h2 class=\"wp-block-heading\">Faktat<\/h2>\n\n\n\n<p><strong>Ammattilaisia:<\/strong> 15-18kpl<\/p>\n\n\n\n<p><strong>Perustettu:<\/strong> 2014<\/p>\n\n\n\n<p><strong>Hoitohuoneita:<\/strong> 10 kpl+testitila<\/p>\n\n\n\n<p><strong>Tiiminvet\u00e4j\u00e4:<\/strong> Ari-Pekka Kanerva<\/p>\n<\/div>\n<\/div>\n","protected":false},"excerpt":{"rendered":"<p>Palvelut Lepp\u00e4vaaran palveluvalikoimaan kuuluvat: Lepp\u00e4vaaran ammattitaitoisen&nbsp;tiimin&nbsp;l\u00f6yd\u00e4t t\u00e4\u00e4lt\u00e4 Ajanvaraus Varaa aika Lepp\u00e4vaaraan&nbsp; Varatun ajan peruutus Lis\u00e4tietoa varauksen peruuttamisesta t\u00e4st\u00e4 linkist\u00e4. Lepp\u00e4vaara SUHK Lepp\u00e4vaaraLintuvaarantie 2, 2 krs.02650 Espoop. 046 920 1768 Mik\u00e4li emme p\u00e4\u00e4se vastaamaan puhelimeen, j\u00e4t\u00e4th\u00e4n viestin vastaajaan tai l\u00e4het\u00e4 meille tekstiviesti toimipisteen&nbsp;numeroon. Sis\u00e4\u00e4nk\u00e4ynti on Lintuvaarantien ja Ratsukadun kulmassa olevista p\u00e4\u00e4ovista. Ulko-ovien ollessa lukittuna sis\u00e4\u00e4n p\u00e4\u00e4see &#8230; <\/p>\n<p class=\"read-more-container\"><a title=\"Espoo, Lepp\u00e4vaara\" class=\"read-more button\" href=\"https:\/\/www.suomenurheiluhierontakeskus.fi\/fi\/espoo-leppavaara\/#more-831\" aria-label=\"Lue lis\u00e4\u00e4 aiheesta Espoo, Lepp\u00e4vaara\">Continue<\/a><\/p>\n","protected":false},"author":1,"featured_media":0,"parent":0,"menu_order":0,"comment_status":"closed","ping_status":"closed","template":"","meta":{"_acf_changed":false,"content-type":"","_uag_custom_page_level_css":"","footnotes":""},"class_list":{"0":"post-831","1":"page","2":"type-page","3":"status-publish","5":"no-featured-image-padding"},"acf":[],"aioseo_notices":[],"featured_image_urls_v2":{"full":"","thumbnail":"","medium":"","medium_large":"","large":"","1536x1536":"","2048x2048":"","woocommerce_thumbnail":"","woocommerce_single":"","woocommerce_gallery_thumbnail":""},"post_excerpt_stackable_v2":"<p>Palvelut Lepp\u00e4vaaran palveluvalikoimaan kuuluvat: Urheiluhieronta Hieronta Osteopatia Fysioterapia SUHK Maman palvelut Lepp\u00e4vaaran ammattitaitoisen&nbsp;tiimin&nbsp;l\u00f6yd\u00e4t t\u00e4\u00e4lt\u00e4 Ajanvaraus Varaa aika Lepp\u00e4vaaraan&nbsp; Varatun ajan peruutus Lis\u00e4tietoa varauksen peruuttamisesta t\u00e4st\u00e4 linkist\u00e4. Lepp\u00e4vaara SUHK Lepp\u00e4vaaraLintuvaarantie 2, 2 krs.02650 Espoop. 046 920 1768 Mik\u00e4li emme p\u00e4\u00e4se vastaamaan puhelimeen, j\u00e4t\u00e4th\u00e4n viestin vastaajaan tai l\u00e4het\u00e4 meille tekstiviesti toimipisteen&nbsp;numeroon. Sis\u00e4\u00e4nk\u00e4ynti on Lintuvaarantien ja Ratsukadun kulmassa olevista p\u00e4\u00e4ovista. Ulko-ovien ollessa lukittuna sis\u00e4\u00e4n p\u00e4\u00e4see ovikoodilla, joka l\u00f6ytyy varausvahvistuksesta. Liikenneyhteydet ja paikoitus Toimipaikka sijaitsee&nbsp;n. 300m p\u00e4\u00e4ss\u00e4 Lepp\u00e4vaaran&nbsp;juna-asemasta ja bussiterminaalista. Turuntien bussipys\u00e4keilt\u00e4 matkaa toimipisteelle on 150m. Keh\u00e4 1 kulkee 500m p\u00e4\u00e4ss\u00e4. Parin tunnin ilmaisia pys\u00e4k\u00f6intipaikkoja l\u00f6ytyy sek\u00e4 kiinteist\u00f6n ett\u00e4 Gallerian edest\u00e4. Jos tulet autolla&hellip;<\/p>\n","category_list_v2":"","author_info_v2":{"name":"suhk_admin","url":"https:\/\/www.suomenurheiluhierontakeskus.fi\/fi\/author\/suhk_admin\/"},"comments_num_v2":"0 comments","uagb_featured_image_src":{"full":false,"thumbnail":false,"medium":false,"medium_large":false,"large":false,"1536x1536":false,"2048x2048":false,"woocommerce_thumbnail":false,"woocommerce_single":false,"woocommerce_gallery_thumbnail":false},"uagb_author_info":{"display_name":"suhk_admin","author_link":"https:\/\/www.suomenurheiluhierontakeskus.fi\/fi\/author\/suhk_admin\/"},"uagb_comment_info":0,"uagb_excerpt":"Palvelut Lepp\u00e4vaaran palveluvalikoimaan kuuluvat: Lepp\u00e4vaaran ammattitaitoisen&nbsp;tiimin&nbsp;l\u00f6yd\u00e4t t\u00e4\u00e4lt\u00e4 Ajanvaraus Varaa aika Lepp\u00e4vaaraan&nbsp; Varatun ajan peruutus Lis\u00e4tietoa varauksen peruuttamisesta t\u00e4st\u00e4 linkist\u00e4. Lepp\u00e4vaara SUHK Lepp\u00e4vaaraLintuvaarantie 2, 2 krs.02650 Espoop. 046 920 1768 Mik\u00e4li emme p\u00e4\u00e4se vastaamaan puhelimeen, j\u00e4t\u00e4th\u00e4n viestin vastaajaan tai l\u00e4het\u00e4 meille tekstiviesti toimipisteen&nbsp;numeroon. Sis\u00e4\u00e4nk\u00e4ynti on Lintuvaarantien ja Ratsukadun kulmassa olevista p\u00e4\u00e4ovista. Ulko-ovien ollessa lukittuna sis\u00e4\u00e4n p\u00e4\u00e4see&hellip;","_links":{"self":[{"href":"https:\/\/www.suomenurheiluhierontakeskus.fi\/fi\/wp-json\/wp\/v2\/pages\/831","targetHints":{"allow":["GET"]}}],"collection":[{"href":"https:\/\/www.suomenurheiluhierontakeskus.fi\/fi\/wp-json\/wp\/v2\/pages"}],"about":[{"href":"https:\/\/www.suomenurheiluhierontakeskus.fi\/fi\/wp-json\/wp\/v2\/types\/page"}],"author":[{"embeddable":true,"href":"https:\/\/www.suomenurheiluhierontakeskus.fi\/fi\/wp-json\/wp\/v2\/users\/1"}],"replies":[{"embeddable":true,"href":"https:\/\/www.suomenurheiluhierontakeskus.fi\/fi\/wp-json\/wp\/v2\/comments?post=831"}],"version-history":[{"count":12,"href":"https:\/\/www.suomenurheiluhierontakeskus.fi\/fi\/wp-json\/wp\/v2\/pages\/831\/revisions"}],"predecessor-version":[{"id":59312,"href":"https:\/\/www.suomenurheiluhierontakeskus.fi\/fi\/wp-json\/wp\/v2\/pages\/831\/revisions\/59312"}],"wp:attachment":[{"href":"https:\/\/www.suomenurheiluhierontakeskus.fi\/fi\/wp-json\/wp\/v2\/media?parent=831"}],"curies":[{"name":"wp","href":"https:\/\/api.w.org\/{rel}","templated":true}]}}