{"id":829,"date":"2015-11-30T14:38:02","date_gmt":"2015-11-30T14:38:02","guid":{"rendered":"https:\/\/new.suomenurheiluhierontakeskus.fi\/urheiluhieronta-helsinki-kamppi\/"},"modified":"2026-03-26T09:27:41","modified_gmt":"2026-03-26T09:27:41","slug":"helsinki-kamppi","status":"publish","type":"page","link":"https:\/\/www.suomenurheiluhierontakeskus.fi\/fi\/helsinki-kamppi\/","title":{"rendered":"Helsinki, Kamppi"},"content":{"rendered":"\n<div class=\"wp-block-columns is-layout-flex wp-container-core-columns-is-layout-9d6595d7 wp-block-columns-is-layout-flex\">\n<div class=\"wp-block-column is-layout-flow wp-block-column-is-layout-flow\">\n<h2 class=\"wp-block-heading\">Palvelut<\/h2>\n\n\n\n<p>Kampin palveluvalikoimaan kuuluvat:<\/p>\n\n\n\n<ul class=\"wp-block-list\">\n<li><a class=\"aioseop-link\" href=\"\/fi\/urheiluhieronta-palvelut\/\">Urheiluhieronta<\/a><\/li>\n\n\n\n<li><a class=\"aioseop-link\" href=\"\/fi\/urheiluhieronta-palvelut\/\">Hieronta<\/a><\/li>\n\n\n\n<li><a class=\"aioseop-link\" href=\"\/fi\/osteopatia\">Osteopatia<\/a><\/li>\n\n\n\n<li><a class=\"aioseop-link\" href=\"\/fi\/fysioterapia\">Fysioterapia<\/a><\/li>\n\n\n\n<li><a href=\"https:\/\/www.suomenurheiluhierontakeskus.fi\/fi\/akupunktio\/\" title=\"Akupunktio\">Akupunktio<\/a><\/li>\n\n\n\n<li><a href=\"https:\/\/www.suomenurheiluhierontakeskus.fi\/fi\/palvelut\/purentalihasten-kasittely\/\" title=\"Purentalihashieronta\">Purentalihashieronta<\/a><\/li>\n\n\n\n<li><a href=\"https:\/\/www.suomenurheiluhierontakeskus.fi\/fi\/raskausajan-hieronta\/\" title=\"Raskaushieronta\">Raskaushieronta<\/a><\/li>\n\n\n\n<li><a href=\"https:\/\/www.suomenurheiluhierontakeskus.fi\/fi\/raskausajan-hieronta\/\" title=\"Synnytyksen j\u00e4lkeinen hieronta\">Synnytyksen j\u00e4lkeinen hieronta<\/a><\/li>\n\n\n\n<li><a href=\"https:\/\/www.suomenurheiluhierontakeskus.fi\/fi\/vauvojen-ja-lasten-osteopatia\/\" title=\"Lasten ja vauvojen osteopatia\">Lasten ja vauvojen osteopatia<\/a><\/li>\n\n\n\n<li><a href=\"https:\/\/www.suomenurheiluhierontakeskus.fi\/fi\/aitiysfysioterapia\/\" title=\"\u00c4itiysfysioterapia\">\u00c4itiysfysioterapia<\/a><\/li>\n\n\n\n<li><a href=\"https:\/\/www.suomenurheiluhierontakeskus.fi\/fi\/lantionpohjan-fysioterapia\/\" title=\"Lantionpohjan fysioterapia\">Lantionpohjan fysioterapia<\/a><\/li>\n\n\n\n<li><a href=\"https:\/\/www.suhkmama.fi\/fysioterapeuttinen-jalkitarkastus\/\" title=\"Fysioterapeuttinen j\u00e4lkitarkastus\">Fysioterapeuttinen j\u00e4lkitarkastus<\/a><\/li>\n<\/ul>\n\n\n\n<p>Toimipisteess\u00e4 on 10 hoitohuonetta, oma harjoitustila ja esteet\u00f6n WC.<\/p>\n\n\n\n<p>Tutustu Kampin ammattitaitoisen <a class=\"aioseop-link\" href=\"https:\/\/www.suomenurheiluhierontakeskus.fi\/fi\/henkilosto-new\/#kamppi\">tiimiin<\/a>.<\/p>\n\n\n\n<p><\/p>\n<\/div>\n\n\n\n<div class=\"wp-block-column is-layout-flow wp-block-column-is-layout-flow\">\n<h2 class=\"wp-block-heading\">Kamppi<\/h2>\n\n\n\n<p><strong>SUHK Kamppi<\/strong><br>Fredrikinkatu 47, 3 krs<br>00100 Helsinki<br>p. 050 467 3769<\/p>\n\n\n\n<p>Mik\u00e4li emme p\u00e4\u00e4se vastaamaan puhelimeen, j\u00e4t\u00e4th\u00e4n viestin vastaajaan tai l\u00e4het\u00e4 meille tekstiviesti toimipisteen&nbsp;numeroon.<\/p>\n\n\n\n<h2 class=\"wp-block-heading\">Ajanvaraus<\/h2>\n\n\n\n<p><strong><a class=\"aioseop-link\" href=\"\/fi\/ajanvaraus\/kamppi#varauskohta\">Varaa aika Kamppiin<\/a><\/strong><\/p>\n\n\n\n<p><a href=\"https:\/\/www.suomenurheiluhierontakeskus.fi\/fi\/ajanvarauksen-peruutus\/\">Lis\u00e4tietoa varauksen peruuttamisesta<\/a><\/p>\n\n\n\n<figure><iframe src=\"https:\/\/maps.google.com\/maps?q=Fredrikinkatu 47&amp;ie=UTF8&amp;t=roadmap&amp;z=17&amp;iwloc=B&amp;output=embed&amp;ll=60.166374,24.934401\"><\/iframe><\/figure>\n<\/div>\n\n\n\n<div class=\"wp-block-column is-layout-flow wp-block-column-is-layout-flow\">\n<h2 class=\"wp-block-heading\">Liikenneyhteydet ja paikoitus<\/h2>\n\n\n\n<p>Sis\u00e4\u00e4nk\u00e4ynti Fredrikinkadun puolelta. Iltaisin ja viikonloppuisin oven avaus varausvahvistuksen yhteydess\u00e4 toimitetulla ovikoodilla. Rakennuksessa hissi, joten p\u00e4\u00e4set helposti kolmanteen kerrokseen.<\/p>\n\n\n\n<p>Matkaa Kampin kauppakeskukseen ja metroasemalle on n. 300m, Stockan kulmalta (Mannerheimintielt\u00e4) k\u00e4velymatka on 5min ja l\u00e4himm\u00e4lle bussipys\u00e4kille on matkaa vain 150m.<\/p>\n\n\n\n<p>Tienvarsipaikkoja on rajoitetusti Fredrikinkadulla sek\u00e4 Kalevankadulla. Maksullinen Kampin parkkihalli on k\u00e4velymatkan p\u00e4\u00e4ss\u00e4.<\/p>\n\n\n\n<h2 class=\"wp-block-heading\">Faktat<\/h2>\n\n\n\n<p><strong>Perustettu:<\/strong> 2015<\/p>\n\n\n\n<p><strong>Ammattilaisia:<\/strong> 12-15<\/p>\n\n\n\n<p><strong>Tiiminvet\u00e4j\u00e4:<\/strong>&nbsp;Kaisla M\u00e4kinen<\/p>\n<\/div>\n<\/div>\n\n\n<div id=\"osa3\" class=\"yhteystietolohko\">&nbsp;<\/div>\n<div id=\"osa1\" class=\"yhteystietolohko\">\n<div class=\"googlelohko\">&nbsp;<\/div>\n<\/div>\n<div id=\"osa2\" class=\"yhteystietolohko\">&nbsp;<\/div>\n<div id=\"osa3\" class=\"yhteystietolohko\">\n<div class=\"ajanvarauslaatikko\">&nbsp;<\/div>\n<\/div>","protected":false},"excerpt":{"rendered":"<p>Urheiluhieronta Helsinki, Kamppi | Suomen Urheiluhierontakeskus | SUHK<\/p>\n","protected":false},"author":1,"featured_media":0,"parent":0,"menu_order":0,"comment_status":"closed","ping_status":"closed","template":"","meta":{"_acf_changed":false,"content-type":"","_uag_custom_page_level_css":"","footnotes":""},"class_list":{"0":"post-829","1":"page","2":"type-page","3":"status-publish","5":"no-featured-image-padding"},"acf":[],"aioseo_notices":[],"featured_image_urls_v2":{"full":"","thumbnail":"","medium":"","medium_large":"","large":"","1536x1536":"","2048x2048":"","woocommerce_thumbnail":"","woocommerce_single":"","woocommerce_gallery_thumbnail":""},"post_excerpt_stackable_v2":"<p>Urheiluhieronta Helsinki, Kamppi | Suomen Urheiluhierontakeskus | SUHK<\/p>\n","category_list_v2":"","author_info_v2":{"name":"suhk_admin","url":"https:\/\/www.suomenurheiluhierontakeskus.fi\/fi\/author\/suhk_admin\/"},"comments_num_v2":"0 comments","uagb_featured_image_src":{"full":false,"thumbnail":false,"medium":false,"medium_large":false,"large":false,"1536x1536":false,"2048x2048":false,"woocommerce_thumbnail":false,"woocommerce_single":false,"woocommerce_gallery_thumbnail":false},"uagb_author_info":{"display_name":"suhk_admin","author_link":"https:\/\/www.suomenurheiluhierontakeskus.fi\/fi\/author\/suhk_admin\/"},"uagb_comment_info":0,"uagb_excerpt":"Urheiluhieronta Helsinki, Kamppi | Suomen Urheiluhierontakeskus | SUHK","_links":{"self":[{"href":"https:\/\/www.suomenurheiluhierontakeskus.fi\/fi\/wp-json\/wp\/v2\/pages\/829","targetHints":{"allow":["GET"]}}],"collection":[{"href":"https:\/\/www.suomenurheiluhierontakeskus.fi\/fi\/wp-json\/wp\/v2\/pages"}],"about":[{"href":"https:\/\/www.suomenurheiluhierontakeskus.fi\/fi\/wp-json\/wp\/v2\/types\/page"}],"author":[{"embeddable":true,"href":"https:\/\/www.suomenurheiluhierontakeskus.fi\/fi\/wp-json\/wp\/v2\/users\/1"}],"replies":[{"embeddable":true,"href":"https:\/\/www.suomenurheiluhierontakeskus.fi\/fi\/wp-json\/wp\/v2\/comments?post=829"}],"version-history":[{"count":19,"href":"https:\/\/www.suomenurheiluhierontakeskus.fi\/fi\/wp-json\/wp\/v2\/pages\/829\/revisions"}],"predecessor-version":[{"id":60303,"href":"https:\/\/www.suomenurheiluhierontakeskus.fi\/fi\/wp-json\/wp\/v2\/pages\/829\/revisions\/60303"}],"wp:attachment":[{"href":"https:\/\/www.suomenurheiluhierontakeskus.fi\/fi\/wp-json\/wp\/v2\/media?parent=829"}],"curies":[{"name":"wp","href":"https:\/\/api.w.org\/{rel}","templated":true}]}}