{"id":816,"date":"2015-07-28T13:30:44","date_gmt":"2015-07-28T13:30:44","guid":{"rendered":"https:\/\/new.suomenurheiluhierontakeskus.fi\/tietosuojakaytannot\/"},"modified":"2025-07-22T10:30:43","modified_gmt":"2025-07-22T10:30:43","slug":"tietosuojakaytannot","status":"publish","type":"page","link":"https:\/\/www.suomenurheiluhierontakeskus.fi\/fi\/tietosuojakaytannot\/","title":{"rendered":"Tietosuojak\u00e4yt\u00e4nn\u00f6t"},"content":{"rendered":"<p>Sivusto k\u00e4ytt\u00e4\u00e4 ev\u00e4steit\u00e4 voidakseen varmistaa mahdollisimman hyv\u00e4n k\u00e4ytett\u00e4vyyden ja asiakasl\u00e4ht\u00f6isen sis\u00e4ll\u00f6n.<\/p>\n<p><a href=\"https:\/\/www.suomenurheiluhierontakeskus.fi\/wp-content\/uploads\/2022\/06\/Rekisteriseloste_SUHK.pdf\">PDF-tietosuojaseloste<\/a><\/p>\n","protected":false},"excerpt":{"rendered":"<p>Sivusto k\u00e4ytt\u00e4\u00e4 ev\u00e4steit\u00e4 voidakseen varmistaa mahdollisimman hyv\u00e4n k\u00e4ytett\u00e4vyyden ja asiakasl\u00e4ht\u00f6isen sis\u00e4ll\u00f6n. PDF-tietosuojaseloste<\/p>\n","protected":false},"author":1,"featured_media":0,"parent":0,"menu_order":0,"comment_status":"closed","ping_status":"closed","template":"","meta":{"_acf_changed":false,"content-type":"","_uag_custom_page_level_css":"","footnotes":""},"class_list":{"0":"post-816","1":"page","2":"type-page","3":"status-publish","5":"no-featured-image-padding"},"acf":[],"aioseo_notices":[],"featured_image_urls_v2":{"full":"","thumbnail":"","medium":"","medium_large":"","large":"","1536x1536":"","2048x2048":"","woocommerce_thumbnail":"","woocommerce_single":"","woocommerce_gallery_thumbnail":""},"post_excerpt_stackable_v2":"<p>Sivusto k\u00e4ytt\u00e4\u00e4 ev\u00e4steit\u00e4 voidakseen varmistaa mahdollisimman hyv\u00e4n k\u00e4ytett\u00e4vyyden ja asiakasl\u00e4ht\u00f6isen sis\u00e4ll\u00f6n. PDF-tietosuojaseloste<\/p>\n","category_list_v2":"","author_info_v2":{"name":"suhk_admin","url":"https:\/\/www.suomenurheiluhierontakeskus.fi\/fi\/author\/suhk_admin\/"},"comments_num_v2":"0 comments","uagb_featured_image_src":{"full":false,"thumbnail":false,"medium":false,"medium_large":false,"large":false,"1536x1536":false,"2048x2048":false,"woocommerce_thumbnail":false,"woocommerce_single":false,"woocommerce_gallery_thumbnail":false},"uagb_author_info":{"display_name":"suhk_admin","author_link":"https:\/\/www.suomenurheiluhierontakeskus.fi\/fi\/author\/suhk_admin\/"},"uagb_comment_info":0,"uagb_excerpt":"Sivusto k\u00e4ytt\u00e4\u00e4 ev\u00e4steit\u00e4 voidakseen varmistaa mahdollisimman hyv\u00e4n k\u00e4ytett\u00e4vyyden ja asiakasl\u00e4ht\u00f6isen sis\u00e4ll\u00f6n. PDF-tietosuojaseloste","_links":{"self":[{"href":"https:\/\/www.suomenurheiluhierontakeskus.fi\/fi\/wp-json\/wp\/v2\/pages\/816","targetHints":{"allow":["GET"]}}],"collection":[{"href":"https:\/\/www.suomenurheiluhierontakeskus.fi\/fi\/wp-json\/wp\/v2\/pages"}],"about":[{"href":"https:\/\/www.suomenurheiluhierontakeskus.fi\/fi\/wp-json\/wp\/v2\/types\/page"}],"author":[{"embeddable":true,"href":"https:\/\/www.suomenurheiluhierontakeskus.fi\/fi\/wp-json\/wp\/v2\/users\/1"}],"replies":[{"embeddable":true,"href":"https:\/\/www.suomenurheiluhierontakeskus.fi\/fi\/wp-json\/wp\/v2\/comments?post=816"}],"version-history":[{"count":2,"href":"https:\/\/www.suomenurheiluhierontakeskus.fi\/fi\/wp-json\/wp\/v2\/pages\/816\/revisions"}],"predecessor-version":[{"id":25749,"href":"https:\/\/www.suomenurheiluhierontakeskus.fi\/fi\/wp-json\/wp\/v2\/pages\/816\/revisions\/25749"}],"wp:attachment":[{"href":"https:\/\/www.suomenurheiluhierontakeskus.fi\/fi\/wp-json\/wp\/v2\/media?parent=816"}],"curies":[{"name":"wp","href":"https:\/\/api.w.org\/{rel}","templated":true}]}}