{"id":5871,"date":"2020-07-31T07:09:35","date_gmt":"2020-07-31T07:09:35","guid":{"rendered":"https:\/\/www.suomenurheiluhierontakeskus.fi\/?page_id=5871"},"modified":"2026-01-23T15:59:53","modified_gmt":"2026-01-23T15:59:53","slug":"espoo-niittykumpu","status":"publish","type":"page","link":"https:\/\/www.suomenurheiluhierontakeskus.fi\/fi\/espoo-niittykumpu\/","title":{"rendered":"ESPOO, Niittykumpu"},"content":{"rendered":"\n<div class=\"wp-block-columns is-layout-flex wp-container-core-columns-is-layout-9d6595d7 wp-block-columns-is-layout-flex\">\n<div class=\"wp-block-column is-layout-flow wp-block-column-is-layout-flow\">\n<h2 class=\"wp-block-heading\">Palvelut<\/h2>\n\n\n\n<p>Niittykummun palveluvalikoimaan kuuluu:<\/p>\n\n\n\n<ul class=\"wp-block-list\">\n<li><a class=\"aioseop-link\" href=\"\/fi\/urheiluhieronta-palvelut\/\">Urheiluhieronta<\/a><\/li>\n\n\n\n<li><a href=\"https:\/\/www.suomenurheiluhierontakeskus.fi\/fi\/klassinen-hieronta\/\" title=\"Klassinen hieronta\">Hieronta<\/a><\/li>\n\n\n\n<li><a class=\"aioseop-link\" href=\"\/fi\/fysioterapia\">Fysioterapia<\/a><\/li>\n\n\n\n<li><a href=\"https:\/\/www.suomenurheiluhierontakeskus.fi\/fi\/osteopatia\/\" title=\"Osteopatia\">Osteopatia<\/a><\/li>\n\n\n\n<li><a href=\"https:\/\/www.suomenurheiluhierontakeskus.fi\/fi\/palvelut\/purentalihasten-kasittely\/\" title=\"Purentalihasten Hieronta\">Purentalihasten hieronta<\/a><\/li>\n\n\n\n<li><a href=\"https:\/\/www.suomenurheiluhierontakeskus.fi\/fi\/akupunktio\/\" title=\"Akupunktio \/ Dry Needling\">Akupunktio<\/a><\/li>\n\n\n\n<li><a href=\"https:\/\/www.suomenurheiluhierontakeskus.fi\/fi\/aitiysfysioterapia\/\" title=\"\u00c4itiysfysioterapia\">\u00c4itiysfysioterapia<\/a><\/li>\n\n\n\n<li><a href=\"https:\/\/www.suomenurheiluhierontakeskus.fi\/fi\/lantionpohjan-fysioterapia\/\" title=\"Lantionpohjan fysioterapia\">Lantionpohjan fysioterapia<\/a><\/li>\n\n\n\n<li><a href=\"https:\/\/www.suomenurheiluhierontakeskus.fi\/fi\/raskausajan-hieronta\/\" title=\"Raskausajan hieronta\">Synnytyksen j\u00e4lkeinen hieronta<\/a><\/li>\n\n\n\n<li><a href=\"https:\/\/www.suomenurheiluhierontakeskus.fi\/fi\/raskausajan-hieronta\/\" title=\"Raskausajan hieronta\">Raskaushieronta<\/a><\/li>\n<\/ul>\n\n\n\n<p>Muut palvelut:<\/p>\n\n\n\n<ul class=\"wp-block-list\">\n<li><a href=\"https:\/\/www.suomenurheiluhierontakeskus.fi\/fi\/lymfahoidot\/\" title=\"Lympha Touch-laitehoito\">Lympha Touch-laitehoito<\/a> fysioterapia- tai osteopatiahoitojen yhteydess\u00e4 (turvotuksen hoito, arpien k\u00e4sittely, akuutit urheiluvammat)<\/li>\n\n\n\n<li>Stressin ja p\u00e4\u00e4ns\u00e4ryn osteopatiahoito (<a href=\"https:\/\/www.suomenurheiluhierontakeskus.fi\/fi\/ajanvaraus\/niittykumpu\/?employee=296\" title=\"Maria Merra\">Maria Merra<\/a>)<\/li>\n<\/ul>\n\n\n\n<p>SUHK Niittykummun tiloissa tmi Kehontarina j\u00e4rjest\u00e4\u00e4 laadukkaita pilatestunteja odottaville ja synnytt\u00e4neille \u00e4ideille. <a href=\"https:\/nettiaika.fi\/kehontarina\" title=\"Varaa paikka\">Varaa paikka<\/a> Katriina Pohjolan pilatekseen.<\/p>\n\n\n\n<p>Kela korvaa 15 \u20ac nelj\u00e4st\u00e4 fysioterapiak\u00e4ynnist\u00e4 vuodessa. Korvaus v\u00e4hennet\u00e4\u00e4n hoidon loppusummasta kassalla. L\u00e4\u00e4k\u00e4rin l\u00e4hetett\u00e4 ei tarvita. Teemme tarvittaessa my\u00f6s kotik\u00e4yntej\u00e4 fysioterapiassa. Yhteys <a href=\"mailto:niittykumpu@suhk.fi\">niittykumpu@suhk.fi<\/a>. SUHK Niittykumpu on Fysipartners-palveluntarjoaja.<\/p>\n<\/div>\n\n\n\n<div class=\"wp-block-column is-layout-flow wp-block-column-is-layout-flow\">\n<h2 class=\"wp-block-heading\">Niittykumpu<\/h2>\n\n\n\n<p><strong>SUHK Niittykumpu<\/strong><br>Kappelikuja 6 c<br>02200 Espoo<br>p. 050 550 3448<br><a href=\"mailto:niittykumpu@suhk.fi\" target=\"_blank\" rel=\"noopener\" title=\"\">niittykumpu(at)suhk.fi<\/a><\/p>\n\n\n\n<p>Mik\u00e4li emme p\u00e4\u00e4se vastaamaan puhelimeen, j\u00e4t\u00e4th\u00e4n viestin vastaajaan tai l\u00e4het\u00e4 meille tekstiviesti toimipisteen&nbsp;numeroon.<\/p>\n\n\n\n<h2 class=\"wp-block-heading\">Ajanvaraus<\/h2>\n\n\n\n<p><a href=\"\/fi\/ajanvaraus\/niittykumpu#varauskohta\">Varaa aika Niittykumpuun<\/a><\/p>\n\n\n\n<p>Tutustu Niittykummun ammattitaitoiseen\u00a0<a href=\"https:\/\/www.suomenurheiluhierontakeskus.fi\/fi\/henkilosto\/#niittykumpu\" title=\"\">tiimiin<\/a>.<\/p>\n\n\n\n<h2 class=\"wp-block-heading\">Faktat<\/h2>\n\n\n\n<p><strong>Perustettu:<\/strong> 2020<\/p>\n\n\n\n<p><strong>Hoitohuoneita:<\/strong> 7 kpl sek\u00e4 avara sali toiminnalliseen harjoitteluun ja pilatekseen.<\/p>\n\n\n\n<p><strong>Ammattilaisia:<\/strong>&nbsp;10<\/p>\n\n\n\n<p><strong>Tiiminvet\u00e4j\u00e4:<\/strong> Teemu Honkanen<\/p>\n\n\n\n<h2 class=\"wp-block-heading\">Varatun ajan peruutus<\/h2>\n\n\n\n<p><a href=\"https:\/\/www.suomenurheiluhierontakeskus.fi\/fi\/ajanvarauksen-peruutus\/\">Lis\u00e4tietoa varauksen peruuttamisesta t\u00e4st\u00e4 linkist\u00e4.<\/a><\/p>\n<\/div>\n\n\n\n<div class=\"wp-block-column is-layout-flow wp-block-column-is-layout-flow\">\n<h2 class=\"wp-block-heading\">Liikenneyhteydet ja paikoitus<\/h2>\n\n\n\n<p>Niittykummun toimipisteen l\u00e4hist\u00f6ll\u00e4 on hyvin ilmaista pys\u00e4k\u00f6intitilaa. Pys\u00e4k\u00f6inti on maksutonta 2h parkkikiekolla.<\/p>\n\n\n\n<iframe src=\"https:\/\/www.google.com\/maps\/embed?pb=!1m18!1m12!1m3!1d1984.7792486507194!2d24.76353877745823!3d60.16783327503119!2m3!1f0!2f0!3f0!3m2!1i1024!2i768!4f13.1!3m3!1m2!1s0x468df5d596e54a59%3A0x7f2628797053f634!2sSUHK%20Niittykumpu%20-%20Suomen%20Urheiluhierontakeskus!5e0!3m2!1sen!2sus!4v1760520462711!5m2!1sen!2sus\" width=\"400\" height=\"300\" style=\"border:0;\" allowfullscreen=\"\" loading=\"lazy\" referrerpolicy=\"no-referrer-when-downgrade\"><\/iframe>\n\n\n\n<p><\/p>\n\n\n\n<h2 class=\"wp-block-heading\">Niittykummun uutisia<\/h2>\n\n\n\n<div data-wp-interactive=\"core\/file\" class=\"wp-block-file\"><object data-wp-bind--hidden=\"!state.hasPdfPreview\" hidden class=\"wp-block-file__embed\" data=\"https:\/\/www.suomenurheiluhierontakeskus.fi\/wp-content\/uploads\/2025\/10\/Niittykumpu_Uutiset.pdf\" type=\"application\/pdf\" style=\"width:100%;height:600px\" aria-label=\"Tiedoston Niittykumpu_Uutiset upotus.\"><\/object><a id=\"wp-block-file--media-8daeadb2-6aff-4339-bce1-fa41c309dd9b\" href=\"https:\/\/www.suomenurheiluhierontakeskus.fi\/wp-content\/uploads\/2025\/10\/Niittykumpu_Uutiset.pdf\">Niittykumpu_Uutiset<\/a><a href=\"https:\/\/www.suomenurheiluhierontakeskus.fi\/wp-content\/uploads\/2025\/10\/Niittykumpu_Uutiset.pdf\" class=\"wp-block-file__button wp-element-button\" download aria-describedby=\"wp-block-file--media-8daeadb2-6aff-4339-bce1-fa41c309dd9b\">Lataa<\/a><\/div>\n\n\n\n<h2 class=\"wp-block-heading\"><\/h2>\n<\/div>\n<\/div>\n\n\n<div id=\"osa1\" class=\"yhteystietolohko\">\n<div class=\"googlelohko\"> <\/div>\n<\/div>\n<div id=\"osa3\" class=\"yhteystietolohko\">\n<div class=\"ajanvarauslaatikko\"><a style=\"display: block;\" title=\"Kirkkonummen ajanvaraus\" href=\"\/fi\/ajanvaraus\/kirkkonummi#varauskohta\">  <\/a><\/div>\n<\/div>\n\n\n<p><\/p>\n","protected":false},"excerpt":{"rendered":"<p>Palvelut Niittykummun palveluvalikoimaan kuuluu: Muut palvelut: SUHK Niittykummun tiloissa tmi Kehontarina j\u00e4rjest\u00e4\u00e4 laadukkaita pilatestunteja odottaville ja synnytt\u00e4neille \u00e4ideille. Varaa paikka Katriina Pohjolan pilatekseen. Kela korvaa 15 \u20ac nelj\u00e4st\u00e4 fysioterapiak\u00e4ynnist\u00e4 vuodessa. Korvaus v\u00e4hennet\u00e4\u00e4n hoidon loppusummasta kassalla. L\u00e4\u00e4k\u00e4rin l\u00e4hetett\u00e4 ei tarvita. Teemme tarvittaessa my\u00f6s kotik\u00e4yntej\u00e4 fysioterapiassa. Yhteys niittykumpu@suhk.fi. SUHK Niittykumpu on Fysipartners-palveluntarjoaja. Niittykumpu SUHK NiittykumpuKappelikuja 6 c02200 &#8230; <\/p>\n<p class=\"read-more-container\"><a title=\"ESPOO, Niittykumpu\" class=\"read-more button\" href=\"https:\/\/www.suomenurheiluhierontakeskus.fi\/fi\/espoo-niittykumpu\/#more-5871\" aria-label=\"Lue lis\u00e4\u00e4 aiheesta ESPOO, Niittykumpu\">Continue<\/a><\/p>\n","protected":false},"author":1,"featured_media":0,"parent":0,"menu_order":0,"comment_status":"closed","ping_status":"closed","template":"","meta":{"_acf_changed":false,"content-type":"","_uag_custom_page_level_css":"","footnotes":""},"class_list":{"0":"post-5871","1":"page","2":"type-page","3":"status-publish","5":"no-featured-image-padding"},"acf":[],"aioseo_notices":[],"featured_image_urls_v2":{"full":"","thumbnail":"","medium":"","medium_large":"","large":"","1536x1536":"","2048x2048":"","woocommerce_thumbnail":"","woocommerce_single":"","woocommerce_gallery_thumbnail":""},"post_excerpt_stackable_v2":"<p>Palvelut Niittykummun palveluvalikoimaan kuuluu: Urheiluhieronta Hieronta Fysioterapia Osteopatia Purentalihasten hieronta Akupunktio \u00c4itiysfysioterapia Lantionpohjan fysioterapia Synnytyksen j\u00e4lkeinen hieronta Raskaushieronta Muut palvelut: Lympha Touch-laitehoito fysioterapia- tai osteopatiahoitojen yhteydess\u00e4 (turvotuksen hoito, arpien k\u00e4sittely, akuutit urheiluvammat) Stressin ja p\u00e4\u00e4ns\u00e4ryn osteopatiahoito (Maria Merra) SUHK Niittykummun tiloissa tmi Kehontarina j\u00e4rjest\u00e4\u00e4 laadukkaita pilatestunteja odottaville ja synnytt\u00e4neille \u00e4ideille. Varaa paikka Katriina Pohjolan pilatekseen. Kela korvaa 15 \u20ac nelj\u00e4st\u00e4 fysioterapiak\u00e4ynnist\u00e4 vuodessa. Korvaus v\u00e4hennet\u00e4\u00e4n hoidon loppusummasta kassalla. L\u00e4\u00e4k\u00e4rin l\u00e4hetett\u00e4 ei tarvita. Teemme tarvittaessa my\u00f6s kotik\u00e4yntej\u00e4 fysioterapiassa. Yhteys niittykumpu@suhk.fi. SUHK Niittykumpu on Fysipartners-palveluntarjoaja. Niittykumpu SUHK NiittykumpuKappelikuja 6 c02200 Espoop. 050 550 3448niittykumpu(at)suhk.fi Mik\u00e4li emme p\u00e4\u00e4se vastaamaan puhelimeen, j\u00e4t\u00e4th\u00e4n viestin vastaajaan tai&hellip;<\/p>\n","category_list_v2":"","author_info_v2":{"name":"suhk_admin","url":"https:\/\/www.suomenurheiluhierontakeskus.fi\/fi\/author\/suhk_admin\/"},"comments_num_v2":"0 comments","uagb_featured_image_src":{"full":false,"thumbnail":false,"medium":false,"medium_large":false,"large":false,"1536x1536":false,"2048x2048":false,"woocommerce_thumbnail":false,"woocommerce_single":false,"woocommerce_gallery_thumbnail":false},"uagb_author_info":{"display_name":"suhk_admin","author_link":"https:\/\/www.suomenurheiluhierontakeskus.fi\/fi\/author\/suhk_admin\/"},"uagb_comment_info":0,"uagb_excerpt":"Palvelut Niittykummun palveluvalikoimaan kuuluu: Muut palvelut: SUHK Niittykummun tiloissa tmi Kehontarina j\u00e4rjest\u00e4\u00e4 laadukkaita pilatestunteja odottaville ja synnytt\u00e4neille \u00e4ideille. Varaa paikka Katriina Pohjolan pilatekseen. Kela korvaa 15 \u20ac nelj\u00e4st\u00e4 fysioterapiak\u00e4ynnist\u00e4 vuodessa. Korvaus v\u00e4hennet\u00e4\u00e4n hoidon loppusummasta kassalla. L\u00e4\u00e4k\u00e4rin l\u00e4hetett\u00e4 ei tarvita. Teemme tarvittaessa my\u00f6s kotik\u00e4yntej\u00e4 fysioterapiassa. Yhteys niittykumpu@suhk.fi. SUHK Niittykumpu on Fysipartners-palveluntarjoaja. Niittykumpu SUHK NiittykumpuKappelikuja 6 c02200&hellip;","_links":{"self":[{"href":"https:\/\/www.suomenurheiluhierontakeskus.fi\/fi\/wp-json\/wp\/v2\/pages\/5871","targetHints":{"allow":["GET"]}}],"collection":[{"href":"https:\/\/www.suomenurheiluhierontakeskus.fi\/fi\/wp-json\/wp\/v2\/pages"}],"about":[{"href":"https:\/\/www.suomenurheiluhierontakeskus.fi\/fi\/wp-json\/wp\/v2\/types\/page"}],"author":[{"embeddable":true,"href":"https:\/\/www.suomenurheiluhierontakeskus.fi\/fi\/wp-json\/wp\/v2\/users\/1"}],"replies":[{"embeddable":true,"href":"https:\/\/www.suomenurheiluhierontakeskus.fi\/fi\/wp-json\/wp\/v2\/comments?post=5871"}],"version-history":[{"count":32,"href":"https:\/\/www.suomenurheiluhierontakeskus.fi\/fi\/wp-json\/wp\/v2\/pages\/5871\/revisions"}],"predecessor-version":[{"id":59365,"href":"https:\/\/www.suomenurheiluhierontakeskus.fi\/fi\/wp-json\/wp\/v2\/pages\/5871\/revisions\/59365"}],"wp:attachment":[{"href":"https:\/\/www.suomenurheiluhierontakeskus.fi\/fi\/wp-json\/wp\/v2\/media?parent=5871"}],"curies":[{"name":"wp","href":"https:\/\/api.w.org\/{rel}","templated":true}]}}