{"id":55909,"date":"2026-01-13T08:25:45","date_gmt":"2026-01-13T08:25:45","guid":{"rendered":"https:\/\/www.suomenurheiluhierontakeskus.fi\/?page_id=55909"},"modified":"2026-02-02T11:34:41","modified_gmt":"2026-02-02T11:34:41","slug":"vantaa-myyrmaki","status":"publish","type":"page","link":"https:\/\/www.suomenurheiluhierontakeskus.fi\/fi\/vantaa-myyrmaki\/","title":{"rendered":"SUHK Myyrm\u00e4ki, Vantaa"},"content":{"rendered":"\n<div class=\"wp-block-columns is-layout-flex wp-container-core-columns-is-layout-9d6595d7 wp-block-columns-is-layout-flex\">\n<div class=\"wp-block-column is-layout-flow wp-block-column-is-layout-flow\">\n<h2 class=\"wp-block-heading\">Palvelut<\/h2>\n\n\n\n<p><strong>Myyrm\u00e4en palveluvalikoima<\/strong>:<br><br>&#8211; <a class=\"aioseop-link\" href=\"https:\/\/www.suomenurheiluhierontakeskus.fi\/fi\/palvelut-urheiluhieronta\/\">Urheiluhieronta<\/a><br>&#8211; <a href=\"https:\/\/www.suomenurheiluhierontakeskus.fi\/fi\/klassinen-hieronta\/\" title=\"Hieronta\">Hieronta<\/a> <br>&#8211; <a href=\"https:\/\/www.suomenurheiluhierontakeskus.fi\/fi\/palvelut\/purentalihasten-kasittely\/\" title=\"Purentalihasten Hieronta\">Purentalihashieronnat<\/a><br>&#8211; <a href=\"https:\/\/www.suomenurheiluhierontakeskus.fi\/fi\/raskausajan-hieronta\/\" title=\"Raskaushieronta\">Raskaushieronta<\/a><br>&#8211; <a href=\"https:\/\/www.suomenurheiluhierontakeskus.fi\/fi\/raskausajan-hieronta\/\" title=\"Synnytyksen j\u00e4lkeinen hieronta\">Synnytyksen j\u00e4lkeinen hieronta<\/a><\/p>\n\n\n\n<p>Tutustu Myyrm\u00e4en ammattitaitoiseen\u00a0<a href=\"https:\/\/www.suomenurheiluhierontakeskus.fi\/fi\/henkilosto\/#myyrmaki\" title=\"tiimiin\">tiimiin<\/a>.<\/p>\n\n\n\n<iframe src=\"https:\/\/www.google.com\/maps\/embed?pb=!1m18!1m12!1m3!1d3958.464709062652!2d24.838469677243253!3d60.259615275078126!2m3!1f0!2f0!3f0!3m2!1i1024!2i768!4f13.1!3m3!1m2!1s0x468df7008fb10117%3A0x6d83b99aa0c91eb7!2sRajatorpantie%2019%2C%2001600%20Vantaa!5e0!3m2!1sen!2sfi!4v1764687196562!5m2!1sen!2sfi\" width=\"400\" height=\"300\" style=\"border:0;\" allowfullscreen=\"\" loading=\"lazy\" referrerpolicy=\"no-referrer-when-downgrade\"><\/iframe>\n\n\n\n<p><br><\/p>\n<\/div>\n\n\n\n<div class=\"wp-block-column is-layout-flow wp-block-column-is-layout-flow\">\n<h2 class=\"wp-block-heading\">Myyrm\u00e4ki<\/h2>\n\n\n\n<p><strong>SUHK Myyrm\u00e4ki<\/strong><br>Rajatorpantie 19<br>01600 Vantaa<br>p. 050 5437 537<\/p>\n\n\n\n<p>Mik\u00e4li emme p\u00e4\u00e4se vastaamaan puhelimeen, j\u00e4t\u00e4th\u00e4n viestin vastaajaan tai l\u00e4het\u00e4 meille tekstiviesti toimipisteen&nbsp;numeroon.<\/p>\n\n\n\n<h2 class=\"wp-block-heading\">Ajanvaraus<\/h2>\n\n\n\n<p><strong><a href=\"https:\/\/www.suomenurheiluhierontakeskus.fi\/fi\/ajanvaraus\/myyrmaki\/\" title=\"Varaa aika Espalle\">Varaa aika Myyrm\u00e4keen<\/a><\/strong><\/p>\n\n\n\n<p>Ensik\u00e4yntitarjous uusille asiakkaille. Urheiluhieronta 45 min vain 42 \u20ac.<\/p>\n\n\n\n<figure class=\"wp-block-image size-large\"><img loading=\"lazy\" decoding=\"async\" width=\"1024\" height=\"1024\" src=\"https:\/\/www.suomenurheiluhierontakeskus.fi\/wp-content\/uploads\/2026\/02\/myyrmaki_hierontatarjous-2-1024x1024.png\" alt=\"Hyv\u00e4 hieronta alennus Myyrm\u00e4ki\" class=\"wp-image-59502\" srcset=\"https:\/\/www.suomenurheiluhierontakeskus.fi\/wp-content\/uploads\/2026\/02\/myyrmaki_hierontatarjous-2-1024x1024.png 1024w, https:\/\/www.suomenurheiluhierontakeskus.fi\/wp-content\/uploads\/2026\/02\/myyrmaki_hierontatarjous-2-300x300.png 300w, https:\/\/www.suomenurheiluhierontakeskus.fi\/wp-content\/uploads\/2026\/02\/myyrmaki_hierontatarjous-2-150x150.png 150w, https:\/\/www.suomenurheiluhierontakeskus.fi\/wp-content\/uploads\/2026\/02\/myyrmaki_hierontatarjous-2-768x768.png 768w, https:\/\/www.suomenurheiluhierontakeskus.fi\/wp-content\/uploads\/2026\/02\/myyrmaki_hierontatarjous-2-600x600.png 600w, https:\/\/www.suomenurheiluhierontakeskus.fi\/wp-content\/uploads\/2026\/02\/myyrmaki_hierontatarjous-2-100x100.png 100w, https:\/\/www.suomenurheiluhierontakeskus.fi\/wp-content\/uploads\/2026\/02\/myyrmaki_hierontatarjous-2.png 1200w\" sizes=\"auto, (max-width: 1024px) 100vw, 1024px\" \/><\/figure>\n<\/div>\n\n\n\n<div class=\"wp-block-column is-layout-flow wp-block-column-is-layout-flow\">\n<h2 class=\"wp-block-heading\">Saapuminen ja pys\u00e4k\u00f6inti<\/h2>\n\n\n\n<p>Toimipiste sijaitsee helppojen liikenneyhteyksien varrella Myyrm\u00e4en urheilupuistossa <a href=\"https:\/\/www.fressi.fi\/toimipisteet\/myyrmaki\/\" title=\"Fressi Myyrm\u00e4en\">Fressi Myyrm\u00e4en<\/a> yhteydess\u00e4. Pys\u00e4k\u00f6intitilaa alueella runsaasti (muista pys\u00e4k\u00f6intikiekko).<\/p>\n\n\n\n<h2 class=\"wp-block-heading\">Faktat<\/h2>\n\n\n\n<p><strong>Perustettu:<\/strong> 2026<\/p>\n\n\n\n<p><strong>Ammattilaisia:<\/strong>\u00a04<\/p>\n\n\n\n<p><strong>Tiiminvet\u00e4j\u00e4:<\/strong>&nbsp;Netta Koso &amp; Hanna Vornanen<\/p>\n\n\n\n<h2 class=\"wp-block-heading\">Varatun ajan peruutus<\/h2>\n\n\n\n<p>Peruutathan ajan tarvittaessa viimeist\u00e4\u00e4n 12 tuntia ennen varatun hoitoajan alkua. <br><a href=\"https:\/\/www.suomenurheiluhierontakeskus.fi\/fi\/ajanvarauksen-peruutus\/\">Lis\u00e4tietoa varauksen peruuttamisesta t\u00e4st\u00e4<\/a>.<\/p>\n<\/div>\n<\/div>\n","protected":false},"excerpt":{"rendered":"<p>Palvelut Myyrm\u00e4en palveluvalikoima: &#8211; Urheiluhieronta&#8211; Hieronta &#8211; Purentalihashieronnat&#8211; Raskaushieronta&#8211; Synnytyksen j\u00e4lkeinen hieronta Tutustu Myyrm\u00e4en ammattitaitoiseen\u00a0tiimiin. Myyrm\u00e4ki SUHK Myyrm\u00e4kiRajatorpantie 1901600 Vantaap. 050 5437 537 Mik\u00e4li emme p\u00e4\u00e4se vastaamaan puhelimeen, j\u00e4t\u00e4th\u00e4n viestin vastaajaan tai l\u00e4het\u00e4 meille tekstiviesti toimipisteen&nbsp;numeroon. Ajanvaraus Varaa aika Myyrm\u00e4keen Ensik\u00e4yntitarjous uusille asiakkaille. Urheiluhieronta 45 min vain 42 \u20ac. Saapuminen ja pys\u00e4k\u00f6inti Toimipiste sijaitsee helppojen &#8230; <\/p>\n<p class=\"read-more-container\"><a title=\"SUHK Myyrm\u00e4ki, Vantaa\" class=\"read-more button\" href=\"https:\/\/www.suomenurheiluhierontakeskus.fi\/fi\/vantaa-myyrmaki\/#more-55909\" aria-label=\"Lue lis\u00e4\u00e4 aiheesta SUHK Myyrm\u00e4ki, Vantaa\">Continue<\/a><\/p>\n","protected":false},"author":10,"featured_media":0,"parent":0,"menu_order":0,"comment_status":"closed","ping_status":"closed","template":"","meta":{"_acf_changed":false,"content-type":"","_uag_custom_page_level_css":"","footnotes":""},"class_list":{"0":"post-55909","1":"page","2":"type-page","3":"status-publish","5":"no-featured-image-padding"},"acf":[],"aioseo_notices":[],"featured_image_urls_v2":{"full":"","thumbnail":"","medium":"","medium_large":"","large":"","1536x1536":"","2048x2048":"","woocommerce_thumbnail":"","woocommerce_single":"","woocommerce_gallery_thumbnail":""},"post_excerpt_stackable_v2":"<p>Palvelut Myyrm\u00e4en palveluvalikoima:&#8211; Urheiluhieronta&#8211; Hieronta &#8211; Purentalihashieronnat&#8211; Raskaushieronta&#8211; Synnytyksen j\u00e4lkeinen hieronta Tutustu Myyrm\u00e4en ammattitaitoiseen\u00a0tiimiin. Myyrm\u00e4ki SUHK Myyrm\u00e4kiRajatorpantie 1901600 Vantaap. 050 5437 537 Mik\u00e4li emme p\u00e4\u00e4se vastaamaan puhelimeen, j\u00e4t\u00e4th\u00e4n viestin vastaajaan tai l\u00e4het\u00e4 meille tekstiviesti toimipisteen&nbsp;numeroon. Ajanvaraus Varaa aika Myyrm\u00e4keen Ensik\u00e4yntitarjous uusille asiakkaille. Urheiluhieronta 45 min vain 42 \u20ac. Saapuminen ja pys\u00e4k\u00f6inti Toimipiste sijaitsee helppojen liikenneyhteyksien varrella Myyrm\u00e4en urheilupuistossa Fressi Myyrm\u00e4en yhteydess\u00e4. Pys\u00e4k\u00f6intitilaa alueella runsaasti (muista pys\u00e4k\u00f6intikiekko). Faktat Perustettu: 2026 Ammattilaisia:\u00a04 Tiiminvet\u00e4j\u00e4:&nbsp;Netta Koso &amp; Hanna Vornanen Varatun ajan peruutus Peruutathan ajan tarvittaessa viimeist\u00e4\u00e4n 12 tuntia ennen varatun hoitoajan alkua. Lis\u00e4tietoa varauksen peruuttamisesta t\u00e4st\u00e4.<\/p>\n","category_list_v2":"","author_info_v2":{"name":"Emilia Liberman","url":"https:\/\/www.suomenurheiluhierontakeskus.fi\/fi\/author\/emiliali\/"},"comments_num_v2":"0 comments","uagb_featured_image_src":{"full":false,"thumbnail":false,"medium":false,"medium_large":false,"large":false,"1536x1536":false,"2048x2048":false,"woocommerce_thumbnail":false,"woocommerce_single":false,"woocommerce_gallery_thumbnail":false},"uagb_author_info":{"display_name":"Emilia Liberman","author_link":"https:\/\/www.suomenurheiluhierontakeskus.fi\/fi\/author\/emiliali\/"},"uagb_comment_info":0,"uagb_excerpt":"Palvelut Myyrm\u00e4en palveluvalikoima: &#8211; Urheiluhieronta&#8211; Hieronta &#8211; Purentalihashieronnat&#8211; Raskaushieronta&#8211; Synnytyksen j\u00e4lkeinen hieronta Tutustu Myyrm\u00e4en ammattitaitoiseen\u00a0tiimiin. Myyrm\u00e4ki SUHK Myyrm\u00e4kiRajatorpantie 1901600 Vantaap. 050 5437 537 Mik\u00e4li emme p\u00e4\u00e4se vastaamaan puhelimeen, j\u00e4t\u00e4th\u00e4n viestin vastaajaan tai l\u00e4het\u00e4 meille tekstiviesti toimipisteen&nbsp;numeroon. Ajanvaraus Varaa aika Myyrm\u00e4keen Ensik\u00e4yntitarjous uusille asiakkaille. Urheiluhieronta 45 min vain 42 \u20ac. Saapuminen ja pys\u00e4k\u00f6inti Toimipiste sijaitsee helppojen&hellip;","_links":{"self":[{"href":"https:\/\/www.suomenurheiluhierontakeskus.fi\/fi\/wp-json\/wp\/v2\/pages\/55909","targetHints":{"allow":["GET"]}}],"collection":[{"href":"https:\/\/www.suomenurheiluhierontakeskus.fi\/fi\/wp-json\/wp\/v2\/pages"}],"about":[{"href":"https:\/\/www.suomenurheiluhierontakeskus.fi\/fi\/wp-json\/wp\/v2\/types\/page"}],"author":[{"embeddable":true,"href":"https:\/\/www.suomenurheiluhierontakeskus.fi\/fi\/wp-json\/wp\/v2\/users\/10"}],"replies":[{"embeddable":true,"href":"https:\/\/www.suomenurheiluhierontakeskus.fi\/fi\/wp-json\/wp\/v2\/comments?post=55909"}],"version-history":[{"count":7,"href":"https:\/\/www.suomenurheiluhierontakeskus.fi\/fi\/wp-json\/wp\/v2\/pages\/55909\/revisions"}],"predecessor-version":[{"id":59505,"href":"https:\/\/www.suomenurheiluhierontakeskus.fi\/fi\/wp-json\/wp\/v2\/pages\/55909\/revisions\/59505"}],"wp:attachment":[{"href":"https:\/\/www.suomenurheiluhierontakeskus.fi\/fi\/wp-json\/wp\/v2\/media?parent=55909"}],"curies":[{"name":"wp","href":"https:\/\/api.w.org\/{rel}","templated":true}]}}