{"id":5280,"date":"2020-06-22T09:31:42","date_gmt":"2020-06-22T09:31:42","guid":{"rendered":"https:\/\/www.suomenurheiluhierontakeskus.fi\/?page_id=5280"},"modified":"2025-07-22T10:43:21","modified_gmt":"2025-07-22T10:43:21","slug":"ajanvarauksen-peruutus","status":"publish","type":"page","link":"https:\/\/www.suomenurheiluhierontakeskus.fi\/fi\/ajanvarauksen-peruutus\/","title":{"rendered":"Ajanvarauksen peruutus"},"content":{"rendered":"\n<p>Mik\u00e4li joudut peruuttamaan aikasi, niin tee se mahdollisimman pikaisesti, jotta muilla asiakkailla on mahdollisuus k\u00e4ytt\u00e4\u00e4 sinulta vapautunut aika. Tee peruutus t\u00e4ll\u00e4 sivulla sy\u00f6tt\u00e4m\u00e4ll\u00e4 varausvahvistuksessa tullut varauskoodi sille varattuun kentt\u00e4\u00e4 ja paina Hae -nappia. T\u00e4m\u00e4n j\u00e4lkeen p\u00e4\u00e4set peruuttamaan varuksen Peruuta -napista. Muista my\u00f6s vahvistaa peruutus. Jos olet luonut itsellesi k\u00e4ytt\u00e4j\u00e4tunnuksen, niin voit peruuttaa aikasi my\u00f6s kirjautumalla sis\u00e4\u00e4n kirjautumisv\u00e4lilehdelt\u00e4 tai voit peruuttaa aikasi varausvahvistuksessa olevan linkin avulla. Peruutuksesta l\u00e4hetet\u00e4\u00e4n vahvistus varauksessa olleeseen s\u00e4hk\u00f6postiin.<\/p>\n\n\n\n<p><strong>HUOM! Ajanvarauksen s\u00e4hk\u00f6inen peruutus on teht\u00e4v\u00e4 viimeist\u00e4\u00e4n 12h ennen varatun hoitoajan alkua. Jos jostain syyst\u00e4 joudut peruuttamaan aikasi my\u00f6hemmin, kuin 12h ennen varauksen alkua, niin tee se soittamalla toimipisteeseen. Voit j\u00e4tt\u00e4\u00e4 my\u00f6s viestin vastaajaan, jos yksik\u00e4\u00e4n asiakaspalvelijoistamme ei juuri sill\u00e4 hetkell\u00e4 p\u00e4\u00e4se vastaamaan puhelimeen. Toimipisteiden yhteystiedot l\u00f6ytyv\u00e4t <a href=\"https:\/\/www.suomenurheiluhierontakeskus.fi\/fi\/yhteystiedot\/\">t\u00e4\u00e4lt\u00e4.<\/a> <\/strong><\/p>\n\n\n\n<p>Peruuttamattomista tai alle 12h varauksen alkua tehdyist\u00e4 peruutuksista on SUHKilla oikeus laskuttaa hoidon hinta kokonaisuudessaan. <\/p>\n\n\n\n<div id=\"nettivaraus6-container\"><\/div>\n\n\n\n<script type=\"text\/javascript\" src=\"https:\/\/nettivaraus6.ajas.fi\/scripts\/iframe-embed.php?lid=edf3c841d6c2\/mybookings&amp;lang=fi\"><\/script>\n","protected":false},"excerpt":{"rendered":"<p>Mik\u00e4li joudut peruuttamaan aikasi, niin tee se mahdollisimman pikaisesti, jotta muilla asiakkailla on mahdollisuus k\u00e4ytt\u00e4\u00e4 sinulta vapautunut aika. Tee peruutus t\u00e4ll\u00e4 sivulla sy\u00f6tt\u00e4m\u00e4ll\u00e4 varausvahvistuksessa tullut varauskoodi sille varattuun kentt\u00e4\u00e4 ja paina Hae -nappia. T\u00e4m\u00e4n j\u00e4lkeen p\u00e4\u00e4set peruuttamaan varuksen Peruuta -napista. Muista my\u00f6s vahvistaa peruutus. Jos olet luonut itsellesi k\u00e4ytt\u00e4j\u00e4tunnuksen, niin voit peruuttaa aikasi my\u00f6s kirjautumalla &#8230; <\/p>\n<p class=\"read-more-container\"><a title=\"Ajanvarauksen peruutus\" class=\"read-more button\" href=\"https:\/\/www.suomenurheiluhierontakeskus.fi\/fi\/ajanvarauksen-peruutus\/#more-5280\" aria-label=\"Lue lis\u00e4\u00e4 aiheesta Ajanvarauksen peruutus\">Continue<\/a><\/p>\n","protected":false},"author":1,"featured_media":0,"parent":0,"menu_order":0,"comment_status":"closed","ping_status":"closed","template":"","meta":{"_acf_changed":false,"content-type":"","_uag_custom_page_level_css":"","footnotes":""},"class_list":{"0":"post-5280","1":"page","2":"type-page","3":"status-publish","5":"no-featured-image-padding"},"acf":[],"aioseo_notices":[],"featured_image_urls_v2":{"full":"","thumbnail":"","medium":"","medium_large":"","large":"","1536x1536":"","2048x2048":"","woocommerce_thumbnail":"","woocommerce_single":"","woocommerce_gallery_thumbnail":""},"post_excerpt_stackable_v2":"<p>Mik\u00e4li joudut peruuttamaan aikasi, niin tee se mahdollisimman pikaisesti, jotta muilla asiakkailla on mahdollisuus k\u00e4ytt\u00e4\u00e4 sinulta vapautunut aika. Tee peruutus t\u00e4ll\u00e4 sivulla sy\u00f6tt\u00e4m\u00e4ll\u00e4 varausvahvistuksessa tullut varauskoodi sille varattuun kentt\u00e4\u00e4 ja paina Hae -nappia. T\u00e4m\u00e4n j\u00e4lkeen p\u00e4\u00e4set peruuttamaan varuksen Peruuta -napista. Muista my\u00f6s vahvistaa peruutus. Jos olet luonut itsellesi k\u00e4ytt\u00e4j\u00e4tunnuksen, niin voit peruuttaa aikasi my\u00f6s kirjautumalla sis\u00e4\u00e4n kirjautumisv\u00e4lilehdelt\u00e4 tai voit peruuttaa aikasi varausvahvistuksessa olevan linkin avulla. Peruutuksesta l\u00e4hetet\u00e4\u00e4n vahvistus varauksessa olleeseen s\u00e4hk\u00f6postiin. HUOM! Ajanvarauksen s\u00e4hk\u00f6inen peruutus on teht\u00e4v\u00e4 viimeist\u00e4\u00e4n 12h ennen varatun hoitoajan alkua. Jos jostain syyst\u00e4 joudut peruuttamaan aikasi my\u00f6hemmin, kuin 12h ennen varauksen alkua, niin tee se soittamalla toimipisteeseen.&hellip;<\/p>\n","category_list_v2":"","author_info_v2":{"name":"suhk_admin","url":"https:\/\/www.suomenurheiluhierontakeskus.fi\/fi\/author\/suhk_admin\/"},"comments_num_v2":"0 comments","uagb_featured_image_src":{"full":false,"thumbnail":false,"medium":false,"medium_large":false,"large":false,"1536x1536":false,"2048x2048":false,"woocommerce_thumbnail":false,"woocommerce_single":false,"woocommerce_gallery_thumbnail":false},"uagb_author_info":{"display_name":"suhk_admin","author_link":"https:\/\/www.suomenurheiluhierontakeskus.fi\/fi\/author\/suhk_admin\/"},"uagb_comment_info":0,"uagb_excerpt":"Mik\u00e4li joudut peruuttamaan aikasi, niin tee se mahdollisimman pikaisesti, jotta muilla asiakkailla on mahdollisuus k\u00e4ytt\u00e4\u00e4 sinulta vapautunut aika. Tee peruutus t\u00e4ll\u00e4 sivulla sy\u00f6tt\u00e4m\u00e4ll\u00e4 varausvahvistuksessa tullut varauskoodi sille varattuun kentt\u00e4\u00e4 ja paina Hae -nappia. T\u00e4m\u00e4n j\u00e4lkeen p\u00e4\u00e4set peruuttamaan varuksen Peruuta -napista. Muista my\u00f6s vahvistaa peruutus. Jos olet luonut itsellesi k\u00e4ytt\u00e4j\u00e4tunnuksen, niin voit peruuttaa aikasi my\u00f6s kirjautumalla&hellip;","_links":{"self":[{"href":"https:\/\/www.suomenurheiluhierontakeskus.fi\/fi\/wp-json\/wp\/v2\/pages\/5280","targetHints":{"allow":["GET"]}}],"collection":[{"href":"https:\/\/www.suomenurheiluhierontakeskus.fi\/fi\/wp-json\/wp\/v2\/pages"}],"about":[{"href":"https:\/\/www.suomenurheiluhierontakeskus.fi\/fi\/wp-json\/wp\/v2\/types\/page"}],"author":[{"embeddable":true,"href":"https:\/\/www.suomenurheiluhierontakeskus.fi\/fi\/wp-json\/wp\/v2\/users\/1"}],"replies":[{"embeddable":true,"href":"https:\/\/www.suomenurheiluhierontakeskus.fi\/fi\/wp-json\/wp\/v2\/comments?post=5280"}],"version-history":[{"count":14,"href":"https:\/\/www.suomenurheiluhierontakeskus.fi\/fi\/wp-json\/wp\/v2\/pages\/5280\/revisions"}],"predecessor-version":[{"id":24684,"href":"https:\/\/www.suomenurheiluhierontakeskus.fi\/fi\/wp-json\/wp\/v2\/pages\/5280\/revisions\/24684"}],"wp:attachment":[{"href":"https:\/\/www.suomenurheiluhierontakeskus.fi\/fi\/wp-json\/wp\/v2\/media?parent=5280"}],"curies":[{"name":"wp","href":"https:\/\/api.w.org\/{rel}","templated":true}]}}