{"id":51157,"date":"2025-02-19T12:58:21","date_gmt":"2025-02-19T12:58:21","guid":{"rendered":"https:\/\/www.suomenurheiluhierontakeskus.fi\/?page_id=51157"},"modified":"2026-04-27T09:28:24","modified_gmt":"2026-04-27T09:28:24","slug":"tammela-tampere","status":"publish","type":"page","link":"https:\/\/www.suomenurheiluhierontakeskus.fi\/fi\/tammela-tampere\/","title":{"rendered":"SUHK Tammela, Tampere"},"content":{"rendered":"\n<div class=\"wp-block-columns is-layout-flex wp-container-core-columns-is-layout-9d6595d7 wp-block-columns-is-layout-flex\">\n<div class=\"wp-block-column is-layout-flow wp-block-column-is-layout-flow\">\n<h2 class=\"wp-block-heading\">Palvelut<\/h2>\n\n\n\n<p><strong>Tammelan palveluvalikoima<\/strong>:<\/p>\n\n\n\n<ul class=\"wp-block-list\">\n<li><a class=\"aioseop-link\" href=\"https:\/\/www.suomenurheiluhierontakeskus.fi\/fi\/palvelut-urheiluhieronta\/\">Urheiluhieronta<\/a><\/li>\n\n\n\n<li><a href=\"https:\/\/www.suomenurheiluhierontakeskus.fi\/fi\/klassinen-hieronta\/\" title=\"\">Hieronta<\/a><\/li>\n\n\n\n<li><a href=\"https:\/\/www.suomenurheiluhierontakeskus.fi\/fi\/raskausajan-hieronta\/\" title=\"Raskaushieronta\">Raskaushieronta<\/a><\/li>\n\n\n\n<li>Faskiahieronta (tulossa 06\/2026)<\/li>\n<\/ul>\n\n\n\n<p>Tutustu Tammelan ammattitaitoisen&nbsp;<a href=\"https:\/\/www.suomenurheiluhierontakeskus.fi\/fi\/henkilosto\/#tammela\" title=\"tiimiin\">tiimiin<\/a>.<\/p>\n\n\n\n<h2 class=\"wp-block-heading\">Ajanvaraus<\/h2>\n\n\n\n<p><strong><a href=\"https:\/\/www.suomenurheiluhierontakeskus.fi\/fi\/ajanvaraus\/tammela\/\" title=\"Varaa aika Tammelaan\">Varaa aika Tammelaan<\/a><\/strong><\/p>\n<\/div>\n\n\n\n<div class=\"wp-block-column is-layout-flow wp-block-column-is-layout-flow\">\n<h2 class=\"wp-block-heading\">Tammela<\/h2>\n\n\n\n<p><strong>SUHK Tammela<\/strong><br>Erkkil\u00e4nkatu 11, 5. krs<br>33100 Tampere<br>p. 050 436 6276<\/p>\n\n\n\n<p>Mik\u00e4li emme p\u00e4\u00e4se vastaamaan puhelimeen, j\u00e4t\u00e4th\u00e4n viestin vastaajaan tai l\u00e4het\u00e4 meille tekstiviesti toimipisteen&nbsp;numeroon.<\/p>\n\n\n\n<iframe src=\"https:\/\/www.google.com\/maps\/embed?pb=!1m18!1m12!1m3!1d1930.8399406181081!2d23.769942194099766!3d61.50329377260041!2m3!1f0!2f0!3f0!3m2!1i1024!2i768!4f13.1!3m3!1m2!1s0x468f275560670403%3A0xe036090134377300!2sErkkil%C3%A4nkatu%2011%2C%2033100%20Tampere!5e1!3m2!1sen!2sfi!4v1738747635472!5m2!1sen!2sfi\" width=\"400\" height=\"300\" style=\"border:0;\" allowfullscreen=\"\" loading=\"lazy\" referrerpolicy=\"no-referrer-when-downgrade\"><\/iframe>\n<\/div>\n\n\n\n<div class=\"wp-block-column is-layout-flow wp-block-column-is-layout-flow\">\n<h2 class=\"wp-block-heading\">Saapuminen ja pys\u00e4k\u00f6inti<\/h2>\n\n\n\n<p>Toimipisteell\u00e4 on 2 h maksuton pys\u00e4k\u00f6inti. Rekisterinumero lis\u00e4t\u00e4\u00e4n asiakaspalvelun n\u00e4yt\u00f6lle Fressin aulassa, jossa SUHK toimii samoissa tiloissa. <\/p>\n\n\n\n<h2 class=\"wp-block-heading\">Faktat<\/h2>\n\n\n\n<p><strong>Perustettu:<\/strong> 2025<\/p>\n\n\n\n<p><strong>Ammattilaisia:<\/strong>&nbsp;5<\/p>\n\n\n\n<p><strong>Tiiminvet\u00e4j\u00e4:<\/strong>&nbsp;Mikko Viinanen<\/p>\n\n\n\n<h2 class=\"wp-block-heading\">Varatun ajan peruutus<\/h2>\n\n\n\n<p>Peruutathan ajan tarvittaessa viimeist\u00e4\u00e4n 12 tuntia ennen varatun hoitoajan alkua.<\/p>\n\n\n\n<p><a href=\"https:\/\/www.suomenurheiluhierontakeskus.fi\/fi\/ajanvarauksen-peruutus\/\">Lis\u00e4tietoa varauksen peruuttamisesta t\u00e4st\u00e4<\/a>.<\/p>\n<\/div>\n<\/div>\n","protected":false},"excerpt":{"rendered":"<p>Palvelut Tammelan palveluvalikoima: Tutustu Tammelan ammattitaitoisen&nbsp;tiimiin. Ajanvaraus Varaa aika Tammelaan Tammela SUHK TammelaErkkil\u00e4nkatu 11, 5. krs33100 Tamperep. 050 436 6276 Mik\u00e4li emme p\u00e4\u00e4se vastaamaan puhelimeen, j\u00e4t\u00e4th\u00e4n viestin vastaajaan tai l\u00e4het\u00e4 meille tekstiviesti toimipisteen&nbsp;numeroon. Saapuminen ja pys\u00e4k\u00f6inti Toimipisteell\u00e4 on 2 h maksuton pys\u00e4k\u00f6inti. Rekisterinumero lis\u00e4t\u00e4\u00e4n asiakaspalvelun n\u00e4yt\u00f6lle Fressin aulassa, jossa SUHK toimii samoissa tiloissa. Faktat Perustettu: &#8230; <\/p>\n<p class=\"read-more-container\"><a title=\"SUHK Tammela, Tampere\" class=\"read-more button\" href=\"https:\/\/www.suomenurheiluhierontakeskus.fi\/fi\/tammela-tampere\/#more-51157\" aria-label=\"Lue lis\u00e4\u00e4 aiheesta SUHK Tammela, Tampere\">Continue<\/a><\/p>\n","protected":false},"author":10,"featured_media":0,"parent":0,"menu_order":0,"comment_status":"closed","ping_status":"closed","template":"","meta":{"_acf_changed":false,"content-type":"","_uag_custom_page_level_css":"","footnotes":""},"class_list":{"0":"post-51157","1":"page","2":"type-page","3":"status-publish","5":"no-featured-image-padding"},"acf":[],"aioseo_notices":[],"featured_image_urls_v2":{"full":"","thumbnail":"","medium":"","medium_large":"","large":"","1536x1536":"","2048x2048":"","woocommerce_thumbnail":"","woocommerce_single":"","woocommerce_gallery_thumbnail":""},"post_excerpt_stackable_v2":"<p>Palvelut Tammelan palveluvalikoima: Urheiluhieronta Hieronta Raskaushieronta Faskiahieronta (tulossa 06\/2026) Tutustu Tammelan ammattitaitoisen&nbsp;tiimiin. Ajanvaraus Varaa aika Tammelaan Tammela SUHK TammelaErkkil\u00e4nkatu 11, 5. krs33100 Tamperep. 050 436 6276 Mik\u00e4li emme p\u00e4\u00e4se vastaamaan puhelimeen, j\u00e4t\u00e4th\u00e4n viestin vastaajaan tai l\u00e4het\u00e4 meille tekstiviesti toimipisteen&nbsp;numeroon. Saapuminen ja pys\u00e4k\u00f6inti Toimipisteell\u00e4 on 2 h maksuton pys\u00e4k\u00f6inti. Rekisterinumero lis\u00e4t\u00e4\u00e4n asiakaspalvelun n\u00e4yt\u00f6lle Fressin aulassa, jossa SUHK toimii samoissa tiloissa. Faktat Perustettu: 2025 Ammattilaisia:&nbsp;5 Tiiminvet\u00e4j\u00e4:&nbsp;Mikko Viinanen Varatun ajan peruutus Peruutathan ajan tarvittaessa viimeist\u00e4\u00e4n 12 tuntia ennen varatun hoitoajan alkua. Lis\u00e4tietoa varauksen peruuttamisesta t\u00e4st\u00e4.<\/p>\n","category_list_v2":"","author_info_v2":{"name":"Emilia Liberman","url":"https:\/\/www.suomenurheiluhierontakeskus.fi\/fi\/author\/emiliali\/"},"comments_num_v2":"0 comments","uagb_featured_image_src":{"full":false,"thumbnail":false,"medium":false,"medium_large":false,"large":false,"1536x1536":false,"2048x2048":false,"woocommerce_thumbnail":false,"woocommerce_single":false,"woocommerce_gallery_thumbnail":false},"uagb_author_info":{"display_name":"Emilia Liberman","author_link":"https:\/\/www.suomenurheiluhierontakeskus.fi\/fi\/author\/emiliali\/"},"uagb_comment_info":0,"uagb_excerpt":"Palvelut Tammelan palveluvalikoima: Tutustu Tammelan ammattitaitoisen&nbsp;tiimiin. Ajanvaraus Varaa aika Tammelaan Tammela SUHK TammelaErkkil\u00e4nkatu 11, 5. krs33100 Tamperep. 050 436 6276 Mik\u00e4li emme p\u00e4\u00e4se vastaamaan puhelimeen, j\u00e4t\u00e4th\u00e4n viestin vastaajaan tai l\u00e4het\u00e4 meille tekstiviesti toimipisteen&nbsp;numeroon. Saapuminen ja pys\u00e4k\u00f6inti Toimipisteell\u00e4 on 2 h maksuton pys\u00e4k\u00f6inti. Rekisterinumero lis\u00e4t\u00e4\u00e4n asiakaspalvelun n\u00e4yt\u00f6lle Fressin aulassa, jossa SUHK toimii samoissa tiloissa. Faktat Perustettu:&hellip;","_links":{"self":[{"href":"https:\/\/www.suomenurheiluhierontakeskus.fi\/fi\/wp-json\/wp\/v2\/pages\/51157","targetHints":{"allow":["GET"]}}],"collection":[{"href":"https:\/\/www.suomenurheiluhierontakeskus.fi\/fi\/wp-json\/wp\/v2\/pages"}],"about":[{"href":"https:\/\/www.suomenurheiluhierontakeskus.fi\/fi\/wp-json\/wp\/v2\/types\/page"}],"author":[{"embeddable":true,"href":"https:\/\/www.suomenurheiluhierontakeskus.fi\/fi\/wp-json\/wp\/v2\/users\/10"}],"replies":[{"embeddable":true,"href":"https:\/\/www.suomenurheiluhierontakeskus.fi\/fi\/wp-json\/wp\/v2\/comments?post=51157"}],"version-history":[{"count":21,"href":"https:\/\/www.suomenurheiluhierontakeskus.fi\/fi\/wp-json\/wp\/v2\/pages\/51157\/revisions"}],"predecessor-version":[{"id":60641,"href":"https:\/\/www.suomenurheiluhierontakeskus.fi\/fi\/wp-json\/wp\/v2\/pages\/51157\/revisions\/60641"}],"wp:attachment":[{"href":"https:\/\/www.suomenurheiluhierontakeskus.fi\/fi\/wp-json\/wp\/v2\/media?parent=51157"}],"curies":[{"name":"wp","href":"https:\/\/api.w.org\/{rel}","templated":true}]}}