{"id":51155,"date":"2025-02-19T12:37:31","date_gmt":"2025-02-19T12:37:31","guid":{"rendered":"https:\/\/www.suomenurheiluhierontakeskus.fi\/?page_id=51155"},"modified":"2026-04-27T09:58:50","modified_gmt":"2026-04-27T09:58:50","slug":"kuopio","status":"publish","type":"page","link":"https:\/\/www.suomenurheiluhierontakeskus.fi\/fi\/kuopio\/","title":{"rendered":"SUHK Kuopio"},"content":{"rendered":"\n<div class=\"wp-block-columns is-layout-flex wp-container-core-columns-is-layout-9d6595d7 wp-block-columns-is-layout-flex\">\n<div class=\"wp-block-column is-layout-flow wp-block-column-is-layout-flow\">\n<h2 class=\"wp-block-heading\">Palvelut<\/h2>\n\n\n\n<p><strong>Kuopion palveluvalikoima<\/strong>:<\/p>\n\n\n\n<ul class=\"wp-block-list\">\n<li><a class=\"aioseop-link\" href=\"https:\/\/www.suomenurheiluhierontakeskus.fi\/fi\/palvelut-urheiluhieronta\/\">Urheiluhieronta<\/a><\/li>\n\n\n\n<li><a href=\"https:\/\/www.suomenurheiluhierontakeskus.fi\/fi\/klassinen-hieronta\/\" title=\"Hieronta\">Hieronta<\/a><\/li>\n\n\n\n<li><a href=\"https:\/\/www.suomenurheiluhierontakeskus.fi\/fi\/palvelut\/purentalihasten-kasittely\/\" title=\"Purentalihashieronta\">Purentalihashieronta<\/a><\/li>\n\n\n\n<li><a href=\"https:\/\/www.suomenurheiluhierontakeskus.fi\/fi\/raskausajan-hieronta\/\" title=\"Raskaushieronta\">Raskaushieronta<\/a><\/li>\n\n\n\n<li><a href=\"https:\/\/www.suomenurheiluhierontakeskus.fi\/fi\/lymfahoidot\/\" title=\"Lymfahieronta\">Lymfahieronta<\/a><\/li>\n\n\n\n<li><a href=\"https:\/\/www.suomenurheiluhierontakeskus.fi\/fi\/akupunktio\/\" title=\"Akupunktio\">Akupunktio<\/a><\/li>\n\n\n\n<li>Faskiahieronta (tulossa 06\/2026)<\/li>\n<\/ul>\n\n\n\n<figure class=\"wp-block-image size-large\"><a href=\"https:\/\/www.suomenurheiluhierontakeskus.fi\/fi\/henkilosto\/#kuopio\"><img loading=\"lazy\" decoding=\"async\" width=\"768\" height=\"1024\" src=\"https:\/\/www.suomenurheiluhierontakeskus.fi\/wp-content\/uploads\/2026\/02\/suhk_kuopio-768x1024.jpeg\" alt=\"SUHK Kuopion urheiluhierojat\" class=\"wp-image-59790\" srcset=\"https:\/\/www.suomenurheiluhierontakeskus.fi\/wp-content\/uploads\/2026\/02\/suhk_kuopio-768x1024.jpeg 768w, https:\/\/www.suomenurheiluhierontakeskus.fi\/wp-content\/uploads\/2026\/02\/suhk_kuopio-225x300.jpeg 225w, https:\/\/www.suomenurheiluhierontakeskus.fi\/wp-content\/uploads\/2026\/02\/suhk_kuopio-1152x1536.jpeg 1152w, https:\/\/www.suomenurheiluhierontakeskus.fi\/wp-content\/uploads\/2026\/02\/suhk_kuopio-600x800.jpeg 600w, https:\/\/www.suomenurheiluhierontakeskus.fi\/wp-content\/uploads\/2026\/02\/suhk_kuopio.jpeg 1536w\" sizes=\"auto, (max-width: 768px) 100vw, 768px\" \/><\/a><\/figure>\n<\/div>\n\n\n\n<div class=\"wp-block-column is-layout-flow wp-block-column-is-layout-flow\">\n<h2 class=\"wp-block-heading\">Kuopio<\/h2>\n\n\n\n<p><strong>SUHK Kuopio<\/strong><br>Kauppakatu 33<br>70100 Kuopio (Fressi Kauppakatu)<br>p. 050 435 6068<\/p>\n\n\n\n<p>Mik\u00e4li emme p\u00e4\u00e4se vastaamaan puhelimeen, j\u00e4t\u00e4th\u00e4n viestin vastaajaan tai l\u00e4het\u00e4 meille tekstiviesti toimipisteen&nbsp;numeroon.<\/p>\n\n\n\n<p>Mik\u00e4li ulko-ovi on lukossa, tulemme avaamaan oven noin 5-10 minuuttia ennen varattua aikaa.<\/p>\n\n\n\n<p>Tutustu Kuopion ammattitaitoisen\u00a0<a href=\"https:\/\/www.suomenurheiluhierontakeskus.fi\/fi\/henkilosto\/#kuopio\" title=\"tiimiin\">tiimiin<\/a>.<\/p>\n\n\n\n<h2 class=\"wp-block-heading\">Ajanvaraus<\/h2>\n\n\n\n<p><strong><a href=\"https:\/\/www.suomenurheiluhierontakeskus.fi\/fi\/ajanvaraus\/paikkakunta\/kuopio\/\" title=\"Varaa aika Kuopioon\">Varaa aika Kuopioon<\/a><\/strong><\/p>\n\n\n\n<iframe src=\"https:\/\/www.google.com\/maps\/embed?pb=!1m18!1m12!1m3!1d3688.153734829379!2d27.68091017716603!3d62.892000820933376!2m3!1f0!2f0!3f0!3m2!1i1024!2i768!4f13.1!3m3!1m2!1s0x4684b08bb43a196b%3A0xc1e6ea30d07c4fe4!2sKauppakatu%2033%2C%2070100%20Kuopio!5e1!3m2!1sen!2sfi!4v1739968589873!5m2!1sen!2sfi\" width=\"400\" height=\"300\" style=\"border:0;\" allowfullscreen=\"\" loading=\"lazy\" referrerpolicy=\"no-referrer-when-downgrade\"><\/iframe>\n<\/div>\n\n\n\n<div class=\"wp-block-column is-layout-flow wp-block-column-is-layout-flow\">\n<h2 class=\"wp-block-heading\">Saapuminen ja pys\u00e4k\u00f6inti<\/h2>\n\n\n\n<p>Toimipiste sijaitsee hyvinvointikeskus <a href=\"https:\/\/www.fressi.fi\/toimipisteet\/kauppakatu\/\" title=\"Fressi Kauppakadun\">Fressi Kauppakadun<\/a> tiloissa, aivan keskustan kupeessa. Noin 10 minuutin k\u00e4velymatka juna-asemalta.<\/p>\n\n\n\n<p>Autolla saapuville 2 tunnin ilmainen pys\u00e4k\u00f6inti parkkihallissa &#8211; sis\u00e4\u00e4najo Vuorikadulta. Opasteita pitkin p\u00e4\u00e4set katutasolle ulko-oven viereen. Ilmoita tuloaulassa rekisterinumerosi. Lis\u00e4ksi alueelta l\u00f6ytyy kadunvarsipaikkoja.<\/p>\n\n\n\n<h2 class=\"wp-block-heading\">Faktat<\/h2>\n\n\n\n<p><strong>Perustettu:<\/strong> 2025<\/p>\n\n\n\n<p><strong>Ammattilaisia:<\/strong>&nbsp;4 kpl<\/p>\n\n\n\n<p><strong>Tiiminvet\u00e4j\u00e4:<\/strong>&nbsp;Vili Manninen<\/p>\n\n\n\n<h2 class=\"wp-block-heading\">Varatun ajan peruutus<\/h2>\n\n\n\n<p>Peruutathan ajan tarvittaessa viimeist\u00e4\u00e4n 12 tuntia ennen varatun hoitoajan alkua <a href=\"https:\/\/www.suomenurheiluhierontakeskus.fi\/fi\/ajanvarauksen-peruutus\/\" title=\"verkossa\">verkossa<\/a>.<\/p>\n<\/div>\n<\/div>\n\n\n\n<p><\/p>\n","protected":false},"excerpt":{"rendered":"<p>Palvelut Kuopion palveluvalikoima: Kuopio SUHK KuopioKauppakatu 3370100 Kuopio (Fressi Kauppakatu)p. 050 435 6068 Mik\u00e4li emme p\u00e4\u00e4se vastaamaan puhelimeen, j\u00e4t\u00e4th\u00e4n viestin vastaajaan tai l\u00e4het\u00e4 meille tekstiviesti toimipisteen&nbsp;numeroon. Mik\u00e4li ulko-ovi on lukossa, tulemme avaamaan oven noin 5-10 minuuttia ennen varattua aikaa. Tutustu Kuopion ammattitaitoisen\u00a0tiimiin. Ajanvaraus Varaa aika Kuopioon Saapuminen ja pys\u00e4k\u00f6inti Toimipiste sijaitsee hyvinvointikeskus Fressi Kauppakadun tiloissa, &#8230; <\/p>\n<p class=\"read-more-container\"><a title=\"SUHK Kuopio\" class=\"read-more button\" href=\"https:\/\/www.suomenurheiluhierontakeskus.fi\/fi\/kuopio\/#more-51155\" aria-label=\"Lue lis\u00e4\u00e4 aiheesta SUHK Kuopio\">Continue<\/a><\/p>\n","protected":false},"author":10,"featured_media":0,"parent":0,"menu_order":0,"comment_status":"closed","ping_status":"closed","template":"","meta":{"_acf_changed":false,"content-type":"","_uag_custom_page_level_css":"","footnotes":""},"class_list":{"0":"post-51155","1":"page","2":"type-page","3":"status-publish","5":"no-featured-image-padding"},"acf":[],"aioseo_notices":[],"featured_image_urls_v2":{"full":"","thumbnail":"","medium":"","medium_large":"","large":"","1536x1536":"","2048x2048":"","woocommerce_thumbnail":"","woocommerce_single":"","woocommerce_gallery_thumbnail":""},"post_excerpt_stackable_v2":"<p>Palvelut Kuopion palveluvalikoima: Urheiluhieronta Hieronta Purentalihashieronta Raskaushieronta Lymfahieronta Akupunktio Faskiahieronta (tulossa 06\/2026) Kuopio SUHK KuopioKauppakatu 3370100 Kuopio (Fressi Kauppakatu)p. 050 435 6068 Mik\u00e4li emme p\u00e4\u00e4se vastaamaan puhelimeen, j\u00e4t\u00e4th\u00e4n viestin vastaajaan tai l\u00e4het\u00e4 meille tekstiviesti toimipisteen&nbsp;numeroon. Mik\u00e4li ulko-ovi on lukossa, tulemme avaamaan oven noin 5-10 minuuttia ennen varattua aikaa. Tutustu Kuopion ammattitaitoisen\u00a0tiimiin. Ajanvaraus Varaa aika Kuopioon Saapuminen ja pys\u00e4k\u00f6inti Toimipiste sijaitsee hyvinvointikeskus Fressi Kauppakadun tiloissa, aivan keskustan kupeessa. Noin 10 minuutin k\u00e4velymatka juna-asemalta. Autolla saapuville 2 tunnin ilmainen pys\u00e4k\u00f6inti parkkihallissa &#8211; sis\u00e4\u00e4najo Vuorikadulta. Opasteita pitkin p\u00e4\u00e4set katutasolle ulko-oven viereen. Ilmoita tuloaulassa rekisterinumerosi. Lis\u00e4ksi alueelta l\u00f6ytyy kadunvarsipaikkoja. Faktat Perustettu: 2025 Ammattilaisia:&nbsp;4 kpl&hellip;<\/p>\n","category_list_v2":"","author_info_v2":{"name":"Emilia Liberman","url":"https:\/\/www.suomenurheiluhierontakeskus.fi\/fi\/author\/emiliali\/"},"comments_num_v2":"0 comments","uagb_featured_image_src":{"full":false,"thumbnail":false,"medium":false,"medium_large":false,"large":false,"1536x1536":false,"2048x2048":false,"woocommerce_thumbnail":false,"woocommerce_single":false,"woocommerce_gallery_thumbnail":false},"uagb_author_info":{"display_name":"Emilia Liberman","author_link":"https:\/\/www.suomenurheiluhierontakeskus.fi\/fi\/author\/emiliali\/"},"uagb_comment_info":0,"uagb_excerpt":"Palvelut Kuopion palveluvalikoima: Kuopio SUHK KuopioKauppakatu 3370100 Kuopio (Fressi Kauppakatu)p. 050 435 6068 Mik\u00e4li emme p\u00e4\u00e4se vastaamaan puhelimeen, j\u00e4t\u00e4th\u00e4n viestin vastaajaan tai l\u00e4het\u00e4 meille tekstiviesti toimipisteen&nbsp;numeroon. Mik\u00e4li ulko-ovi on lukossa, tulemme avaamaan oven noin 5-10 minuuttia ennen varattua aikaa. Tutustu Kuopion ammattitaitoisen\u00a0tiimiin. Ajanvaraus Varaa aika Kuopioon Saapuminen ja pys\u00e4k\u00f6inti Toimipiste sijaitsee hyvinvointikeskus Fressi Kauppakadun tiloissa,&hellip;","_links":{"self":[{"href":"https:\/\/www.suomenurheiluhierontakeskus.fi\/fi\/wp-json\/wp\/v2\/pages\/51155","targetHints":{"allow":["GET"]}}],"collection":[{"href":"https:\/\/www.suomenurheiluhierontakeskus.fi\/fi\/wp-json\/wp\/v2\/pages"}],"about":[{"href":"https:\/\/www.suomenurheiluhierontakeskus.fi\/fi\/wp-json\/wp\/v2\/types\/page"}],"author":[{"embeddable":true,"href":"https:\/\/www.suomenurheiluhierontakeskus.fi\/fi\/wp-json\/wp\/v2\/users\/10"}],"replies":[{"embeddable":true,"href":"https:\/\/www.suomenurheiluhierontakeskus.fi\/fi\/wp-json\/wp\/v2\/comments?post=51155"}],"version-history":[{"count":30,"href":"https:\/\/www.suomenurheiluhierontakeskus.fi\/fi\/wp-json\/wp\/v2\/pages\/51155\/revisions"}],"predecessor-version":[{"id":60643,"href":"https:\/\/www.suomenurheiluhierontakeskus.fi\/fi\/wp-json\/wp\/v2\/pages\/51155\/revisions\/60643"}],"wp:attachment":[{"href":"https:\/\/www.suomenurheiluhierontakeskus.fi\/fi\/wp-json\/wp\/v2\/media?parent=51155"}],"curies":[{"name":"wp","href":"https:\/\/api.w.org\/{rel}","templated":true}]}}