{"id":51135,"date":"2025-02-06T09:14:30","date_gmt":"2025-02-06T09:14:30","guid":{"rendered":"https:\/\/www.suomenurheiluhierontakeskus.fi\/?page_id=51135"},"modified":"2026-01-21T12:27:02","modified_gmt":"2026-01-21T12:27:02","slug":"helsinki-espa","status":"publish","type":"page","link":"https:\/\/www.suomenurheiluhierontakeskus.fi\/fi\/helsinki-espa\/","title":{"rendered":"SUHK Espa, Helsinki"},"content":{"rendered":"\n<div class=\"wp-block-columns is-layout-flex wp-container-core-columns-is-layout-9d6595d7 wp-block-columns-is-layout-flex\">\n<div class=\"wp-block-column is-layout-flow wp-block-column-is-layout-flow\">\n<h2 class=\"wp-block-heading\">Palvelut<\/h2>\n\n\n\n<p><strong>Espan palveluvalikoima<\/strong>:<br><br>&#8211; <a class=\"aioseop-link\" href=\"https:\/\/www.suomenurheiluhierontakeskus.fi\/fi\/palvelut-urheiluhieronta\/\">Urheiluhieronta<\/a><br>&#8211; <a href=\"https:\/\/www.suomenurheiluhierontakeskus.fi\/fi\/klassinen-hieronta\/\" title=\"Hieronta\">Hieronta<\/a> <br>&#8211; <a href=\"https:\/\/www.suomenurheiluhierontakeskus.fi\/fi\/palvelut\/purentalihasten-kasittely\/\" title=\"Purentalihasten Hieronta\">Purentalihashieronnat<\/a><br>&#8211; <a href=\"https:\/\/www.suomenurheiluhierontakeskus.fi\/fi\/raskausajan-hieronta\/\" title=\"Raskaushieronta\">Raskaushieronta<\/a><\/p>\n\n\n\n<p>Tutustu Espan ammattitaitoiseen&nbsp;<a href=\"https:\/\/www.suomenurheiluhierontakeskus.fi\/fi\/ajanvaraus\/?offices=108\" title=\"tiimiin\">tiimiin<\/a>.<\/p>\n\n\n\n<iframe src=\"https:\/\/www.google.com\/maps\/embed?pb=!1m18!1m12!1m3!1d1291.2141043287822!2d24.944031037895993!3d60.166746503962784!2m3!1f0!2f0!3f0!3m2!1i1024!2i768!4f13.1!3m3!1m2!1s0x46920bc94efb0195%3A0xcdf4f091087607e2!2sEtel%C3%A4esplanadi%2022%2C%2000130%20Helsinki!5e1!3m2!1sen!2sfi!4v1738832968761!5m2!1sen!2sfi\" width=\"400\" height=\"300\" style=\"border:0;\" allowfullscreen=\"\" loading=\"lazy\" referrerpolicy=\"no-referrer-when-downgrade\"><\/iframe>\n\n\n\n<p><br><\/p>\n<\/div>\n\n\n\n<div class=\"wp-block-column is-layout-flow wp-block-column-is-layout-flow\">\n<h2 class=\"wp-block-heading\">Espa<\/h2>\n\n\n\n<p><strong>SUHK Espa<\/strong><br>Etel\u00e4esplanadi 22<br>00130 Helsinki<br>p. 050 5439 337<\/p>\n\n\n\n<p>Mik\u00e4li emme p\u00e4\u00e4se vastaamaan puhelimeen, j\u00e4t\u00e4th\u00e4n viestin vastaajaan tai l\u00e4het\u00e4 meille tekstiviesti toimipisteen&nbsp;numeroon.<\/p>\n\n\n\n<h2 class=\"wp-block-heading\">Ajanvaraus<\/h2>\n\n\n\n<p><strong><a href=\"https:\/\/www.suomenurheiluhierontakeskus.fi\/fi\/ajanvaraus\/?offices=108\" title=\"Varaa aika Espalle\">Varaa aika Espalle<\/a><\/strong><\/p>\n\n\n\n<h2 class=\"wp-block-heading\">Varatun ajan peruutus<\/h2>\n\n\n\n<p>Peruutathan ajan tarvittaessa viimeist\u00e4\u00e4n 12 tuntia ennen varatun hoitoajan alkua. <br><a href=\"https:\/\/www.suomenurheiluhierontakeskus.fi\/fi\/ajanvarauksen-peruutus\/\">Lis\u00e4tietoa varauksen peruuttamisesta t\u00e4st\u00e4<\/a>.<\/p>\n<\/div>\n\n\n\n<div class=\"wp-block-column is-layout-flow wp-block-column-is-layout-flow\">\n<h2 class=\"wp-block-heading\">Saapuminen ja pys\u00e4k\u00f6inti<\/h2>\n\n\n\n<p>Toimipiste sijaitsee katutasossa <a href=\"https:\/\/www.fressi.fi\/toimipisteet\/fressi-kuntosali-esplanadi\/\" title=\"Fressin\">Fressin<\/a> tiloissa. Kadunvarsipys\u00e4k\u00f6inti autolla saapuville. Rautatieaseman metrolta 9 minuutin k\u00e4velymatka. Esteet\u00f6n kulku.<\/p>\n\n\n\n<h2 class=\"wp-block-heading\">Faktat<\/h2>\n\n\n\n<p><strong>Perustettu:<\/strong> 2025<\/p>\n\n\n\n<p><strong>Ammattilaisia:<\/strong>&nbsp;2 kpl<\/p>\n\n\n\n<p><strong>Tiiminvet\u00e4j\u00e4:<\/strong>&nbsp;Sara Sepp\u00e4l\u00e4inen<\/p>\n<\/div>\n<\/div>\n","protected":false},"excerpt":{"rendered":"<p>Palvelut Espan palveluvalikoima: &#8211; Urheiluhieronta&#8211; Hieronta &#8211; Purentalihashieronnat&#8211; Raskaushieronta Tutustu Espan ammattitaitoiseen&nbsp;tiimiin. Espa SUHK EspaEtel\u00e4esplanadi 2200130 Helsinkip. 050 5439 337 Mik\u00e4li emme p\u00e4\u00e4se vastaamaan puhelimeen, j\u00e4t\u00e4th\u00e4n viestin vastaajaan tai l\u00e4het\u00e4 meille tekstiviesti toimipisteen&nbsp;numeroon. Ajanvaraus Varaa aika Espalle Varatun ajan peruutus Peruutathan ajan tarvittaessa viimeist\u00e4\u00e4n 12 tuntia ennen varatun hoitoajan alkua. Lis\u00e4tietoa varauksen peruuttamisesta t\u00e4st\u00e4. Saapuminen &#8230; <\/p>\n<p class=\"read-more-container\"><a title=\"SUHK Espa, Helsinki\" class=\"read-more button\" href=\"https:\/\/www.suomenurheiluhierontakeskus.fi\/fi\/helsinki-espa\/#more-51135\" aria-label=\"Lue lis\u00e4\u00e4 aiheesta SUHK Espa, Helsinki\">Continue<\/a><\/p>\n","protected":false},"author":10,"featured_media":0,"parent":0,"menu_order":0,"comment_status":"closed","ping_status":"closed","template":"","meta":{"_acf_changed":false,"content-type":"","_uag_custom_page_level_css":"","footnotes":""},"class_list":{"0":"post-51135","1":"page","2":"type-page","3":"status-publish","5":"no-featured-image-padding"},"acf":[],"aioseo_notices":[],"featured_image_urls_v2":{"full":"","thumbnail":"","medium":"","medium_large":"","large":"","1536x1536":"","2048x2048":"","woocommerce_thumbnail":"","woocommerce_single":"","woocommerce_gallery_thumbnail":""},"post_excerpt_stackable_v2":"<p>Palvelut Espan palveluvalikoima:&#8211; Urheiluhieronta&#8211; Hieronta &#8211; Purentalihashieronnat&#8211; Raskaushieronta Tutustu Espan ammattitaitoiseen&nbsp;tiimiin. Espa SUHK EspaEtel\u00e4esplanadi 2200130 Helsinkip. 050 5439 337 Mik\u00e4li emme p\u00e4\u00e4se vastaamaan puhelimeen, j\u00e4t\u00e4th\u00e4n viestin vastaajaan tai l\u00e4het\u00e4 meille tekstiviesti toimipisteen&nbsp;numeroon. Ajanvaraus Varaa aika Espalle Varatun ajan peruutus Peruutathan ajan tarvittaessa viimeist\u00e4\u00e4n 12 tuntia ennen varatun hoitoajan alkua. Lis\u00e4tietoa varauksen peruuttamisesta t\u00e4st\u00e4. Saapuminen ja pys\u00e4k\u00f6inti Toimipiste sijaitsee katutasossa Fressin tiloissa. Kadunvarsipys\u00e4k\u00f6inti autolla saapuville. Rautatieaseman metrolta 9 minuutin k\u00e4velymatka. Esteet\u00f6n kulku. Faktat Perustettu: 2025 Ammattilaisia:&nbsp;2 kpl Tiiminvet\u00e4j\u00e4:&nbsp;Sara Sepp\u00e4l\u00e4inen<\/p>\n","category_list_v2":"","author_info_v2":{"name":"Emilia Liberman","url":"https:\/\/www.suomenurheiluhierontakeskus.fi\/fi\/author\/emiliali\/"},"comments_num_v2":"0 comments","uagb_featured_image_src":{"full":false,"thumbnail":false,"medium":false,"medium_large":false,"large":false,"1536x1536":false,"2048x2048":false,"woocommerce_thumbnail":false,"woocommerce_single":false,"woocommerce_gallery_thumbnail":false},"uagb_author_info":{"display_name":"Emilia Liberman","author_link":"https:\/\/www.suomenurheiluhierontakeskus.fi\/fi\/author\/emiliali\/"},"uagb_comment_info":0,"uagb_excerpt":"Palvelut Espan palveluvalikoima: &#8211; Urheiluhieronta&#8211; Hieronta &#8211; Purentalihashieronnat&#8211; Raskaushieronta Tutustu Espan ammattitaitoiseen&nbsp;tiimiin. Espa SUHK EspaEtel\u00e4esplanadi 2200130 Helsinkip. 050 5439 337 Mik\u00e4li emme p\u00e4\u00e4se vastaamaan puhelimeen, j\u00e4t\u00e4th\u00e4n viestin vastaajaan tai l\u00e4het\u00e4 meille tekstiviesti toimipisteen&nbsp;numeroon. Ajanvaraus Varaa aika Espalle Varatun ajan peruutus Peruutathan ajan tarvittaessa viimeist\u00e4\u00e4n 12 tuntia ennen varatun hoitoajan alkua. Lis\u00e4tietoa varauksen peruuttamisesta t\u00e4st\u00e4. Saapuminen&hellip;","_links":{"self":[{"href":"https:\/\/www.suomenurheiluhierontakeskus.fi\/fi\/wp-json\/wp\/v2\/pages\/51135","targetHints":{"allow":["GET"]}}],"collection":[{"href":"https:\/\/www.suomenurheiluhierontakeskus.fi\/fi\/wp-json\/wp\/v2\/pages"}],"about":[{"href":"https:\/\/www.suomenurheiluhierontakeskus.fi\/fi\/wp-json\/wp\/v2\/types\/page"}],"author":[{"embeddable":true,"href":"https:\/\/www.suomenurheiluhierontakeskus.fi\/fi\/wp-json\/wp\/v2\/users\/10"}],"replies":[{"embeddable":true,"href":"https:\/\/www.suomenurheiluhierontakeskus.fi\/fi\/wp-json\/wp\/v2\/comments?post=51135"}],"version-history":[{"count":16,"href":"https:\/\/www.suomenurheiluhierontakeskus.fi\/fi\/wp-json\/wp\/v2\/pages\/51135\/revisions"}],"predecessor-version":[{"id":59326,"href":"https:\/\/www.suomenurheiluhierontakeskus.fi\/fi\/wp-json\/wp\/v2\/pages\/51135\/revisions\/59326"}],"wp:attachment":[{"href":"https:\/\/www.suomenurheiluhierontakeskus.fi\/fi\/wp-json\/wp\/v2\/media?parent=51135"}],"curies":[{"name":"wp","href":"https:\/\/api.w.org\/{rel}","templated":true}]}}