{"id":51089,"date":"2025-02-07T09:45:01","date_gmt":"2025-02-07T09:45:01","guid":{"rendered":"https:\/\/www.suomenurheiluhierontakeskus.fi\/?page_id=51089"},"modified":"2026-04-01T07:38:09","modified_gmt":"2026-04-01T07:38:09","slug":"lahti","status":"publish","type":"page","link":"https:\/\/www.suomenurheiluhierontakeskus.fi\/fi\/lahti\/","title":{"rendered":"SUHK Lahti"},"content":{"rendered":"\n<div class=\"wp-block-columns is-layout-flex wp-container-core-columns-is-layout-9d6595d7 wp-block-columns-is-layout-flex\">\n<div class=\"wp-block-column is-layout-flow wp-block-column-is-layout-flow\">\n<h2 class=\"wp-block-heading\">Palvelut<\/h2>\n\n\n\n<p><strong>Lahden palveluvalikoima<\/strong>:<\/p>\n\n\n\n<ul class=\"wp-block-list\">\n<li><a class=\"aioseop-link\" href=\"https:\/\/www.suomenurheiluhierontakeskus.fi\/fi\/palvelut-urheiluhieronta\/\">Urheiluhieronta<\/a><\/li>\n\n\n\n<li><a href=\"https:\/\/www.suomenurheiluhierontakeskus.fi\/fi\/klassinen-hieronta\/\" title=\"Hieronta\">Hieronta<\/a><\/li>\n\n\n\n<li><a href=\"https:\/\/www.suomenurheiluhierontakeskus.fi\/fi\/fysioterapia\" title=\"\">Fysioterapia<\/a><\/li>\n\n\n\n<li><a href=\"https:\/\/www.suomenurheiluhierontakeskus.fi\/fi\/palvelut\/purentalihasten-kasittely\/\" title=\"Purentalihasten Hieronta\">Purentalihashieronnat<\/a><\/li>\n\n\n\n<li><a href=\"https:\/\/www.suomenurheiluhierontakeskus.fi\/fi\/raskausajan-hieronta\/\" title=\"Raskausajan hieronta\">Raskaushieronta<\/a><\/li>\n\n\n\n<li><a href=\"https:\/\/www.suomenurheiluhierontakeskus.fi\/fi\/lantionpohjan-fysioterapia\/\" title=\"Lantionpohjan fysioterapia\">Lantionpohjan fysioterapia<\/a><\/li>\n\n\n\n<li><a href=\"https:\/\/www.suomenurheiluhierontakeskus.fi\/fi\/raskausajan-hieronta\/\" title=\"Synnytyksen j\u00e4lkeinen hieronta\">Synnytyksen j\u00e4lkeinen hieronta<\/a><\/li>\n<\/ul>\n\n\n\n<p><strong>Tulossa!<\/strong><\/p>\n\n\n\n<ul class=\"wp-block-list\">\n<li><a href=\"https:\/\/www.suomenurheiluhierontakeskus.fi\/fi\/akupunktio\/\" title=\"Akupunktio\">Akupunktio<\/a><\/li>\n<\/ul>\n\n\n\n<p>Tutustu Lahden ammattitaitoisen\u00a0<a href=\"https:\/\/www.suomenurheiluhierontakeskus.fi\/fi\/henkilosto\/#lahti\" title=\"tiimiin\">tiimiin<\/a>.<\/p>\n<\/div>\n\n\n\n<div class=\"wp-block-column is-layout-flow wp-block-column-is-layout-flow\">\n<h2 class=\"wp-block-heading\">Lahti<\/h2>\n\n\n\n<p><strong>SUHK Lahti<\/strong><br>Vapaudenkatu 13, 6. krs<br>15110 Lahti (Fressi 24 h Vapaudenkatu)<br>p. 050 309 3013<\/p>\n\n\n\n<p>Mik\u00e4li emme p\u00e4\u00e4se vastaamaan puhelimeen, j\u00e4t\u00e4th\u00e4n viestin vastaajaan tai l\u00e4het\u00e4 meille tekstiviesti toimipisteen&nbsp;numeroon.<\/p>\n\n\n\n<h2 class=\"wp-block-heading\">Ajanvaraus<\/h2>\n\n\n\n<p><strong><a href=\"https:\/\/www.suomenurheiluhierontakeskus.fi\/fi\/ajanvaraus\/paikkakunta\/lahti\/\" title=\"Varaa aika Lahteen\">Varaa aika Lahteen<\/a><\/strong><\/p>\n\n\n\n<iframe src=\"https:\/\/www.google.com\/maps\/embed?pb=!1m18!1m12!1m3!1d1553.6734135959387!2d25.65988649958356!3d60.98373237760688!2m3!1f0!2f0!3f0!3m2!1i1024!2i768!4f13.1!3m3!1m2!1s0x468e28525696e02f%3A0x8d428cbe7bbcb5d9!2sVapaudenkatu%2013%2C%2015110%20Lahti!5e1!3m2!1sen!2sfi!4v1738920786547!5m2!1sen!2sfi\" width=\"400\" height=\"300\" style=\"border:0;\" allowfullscreen=\"\" loading=\"lazy\" referrerpolicy=\"no-referrer-when-downgrade\"><\/iframe>\n<\/div>\n\n\n\n<div class=\"wp-block-column is-layout-flow wp-block-column-is-layout-flow\">\n<h2 class=\"wp-block-heading\">Saapuminen ja pys\u00e4k\u00f6inti<\/h2>\n\n\n\n<p>Toimipiste sijaitsee samassa talossa Finnkinon kanssa <a href=\"https:\/\/www.fressi.fi\/toimipisteet\/kuntosali-lahti-vapaudenkatu\/\" title=\"Fressin\">Fressin<\/a> tiloissa. Hissiaulasta p\u00e4\u00e4see vasemman puoleisella hissill\u00e4 6. kerrokseen.<\/p>\n\n\n\n<p>Autolla saapuessa pys\u00e4k\u00f6inti kadun varrelle, Toriparkkiin tai kauppakeskus TRIOn parkkihalliin. Esteet\u00f6n kulku.<\/p>\n\n\n\n<h2 class=\"wp-block-heading\">Faktat<\/h2>\n\n\n\n<p><strong>Perustettu:<\/strong> 2025<\/p>\n\n\n\n<p><strong>Ammattilaisia:<\/strong>&nbsp;4 kpl<\/p>\n\n\n\n<p><strong>Tiiminvet\u00e4j\u00e4:<\/strong>&nbsp;Tatu Jaakkola<\/p>\n\n\n\n<h2 class=\"wp-block-heading\">Varatun ajan peruutus<\/h2>\n\n\n\n<p>Peruutathan ajan tarvittaessa viimeist\u00e4\u00e4n 12 tuntia ennen varatun hoitoajan alkua.<\/p>\n\n\n\n<p><a href=\"https:\/\/www.suomenurheiluhierontakeskus.fi\/fi\/ajanvarauksen-peruutus\/\">Lis\u00e4tietoa varauksen peruuttamisesta t\u00e4st\u00e4<\/a>.<\/p>\n<\/div>\n<\/div>\n\n\n\n<p><\/p>\n","protected":false},"excerpt":{"rendered":"<p>Palvelut Lahden palveluvalikoima: Tulossa! Tutustu Lahden ammattitaitoisen\u00a0tiimiin. Lahti SUHK LahtiVapaudenkatu 13, 6. krs15110 Lahti (Fressi 24 h Vapaudenkatu)p. 050 309 3013 Mik\u00e4li emme p\u00e4\u00e4se vastaamaan puhelimeen, j\u00e4t\u00e4th\u00e4n viestin vastaajaan tai l\u00e4het\u00e4 meille tekstiviesti toimipisteen&nbsp;numeroon. Ajanvaraus Varaa aika Lahteen Saapuminen ja pys\u00e4k\u00f6inti Toimipiste sijaitsee samassa talossa Finnkinon kanssa Fressin tiloissa. Hissiaulasta p\u00e4\u00e4see vasemman puoleisella hissill\u00e4 6. &#8230; <\/p>\n<p class=\"read-more-container\"><a title=\"SUHK Lahti\" class=\"read-more button\" href=\"https:\/\/www.suomenurheiluhierontakeskus.fi\/fi\/lahti\/#more-51089\" aria-label=\"Lue lis\u00e4\u00e4 aiheesta SUHK Lahti\">Continue<\/a><\/p>\n","protected":false},"author":10,"featured_media":0,"parent":0,"menu_order":0,"comment_status":"closed","ping_status":"closed","template":"","meta":{"_acf_changed":false,"content-type":"","_uag_custom_page_level_css":"","footnotes":""},"class_list":{"0":"post-51089","1":"page","2":"type-page","3":"status-publish","5":"no-featured-image-padding"},"acf":[],"aioseo_notices":[],"featured_image_urls_v2":{"full":"","thumbnail":"","medium":"","medium_large":"","large":"","1536x1536":"","2048x2048":"","woocommerce_thumbnail":"","woocommerce_single":"","woocommerce_gallery_thumbnail":""},"post_excerpt_stackable_v2":"<p>Palvelut Lahden palveluvalikoima: Urheiluhieronta Hieronta Fysioterapia Purentalihashieronnat Raskaushieronta Lantionpohjan fysioterapia Synnytyksen j\u00e4lkeinen hieronta Tulossa! Akupunktio Tutustu Lahden ammattitaitoisen\u00a0tiimiin. Lahti SUHK LahtiVapaudenkatu 13, 6. krs15110 Lahti (Fressi 24 h Vapaudenkatu)p. 050 309 3013 Mik\u00e4li emme p\u00e4\u00e4se vastaamaan puhelimeen, j\u00e4t\u00e4th\u00e4n viestin vastaajaan tai l\u00e4het\u00e4 meille tekstiviesti toimipisteen&nbsp;numeroon. Ajanvaraus Varaa aika Lahteen Saapuminen ja pys\u00e4k\u00f6inti Toimipiste sijaitsee samassa talossa Finnkinon kanssa Fressin tiloissa. Hissiaulasta p\u00e4\u00e4see vasemman puoleisella hissill\u00e4 6. kerrokseen. Autolla saapuessa pys\u00e4k\u00f6inti kadun varrelle, Toriparkkiin tai kauppakeskus TRIOn parkkihalliin. Esteet\u00f6n kulku. Faktat Perustettu: 2025 Ammattilaisia:&nbsp;4 kpl Tiiminvet\u00e4j\u00e4:&nbsp;Tatu Jaakkola Varatun ajan peruutus Peruutathan ajan tarvittaessa viimeist\u00e4\u00e4n 12 tuntia ennen varatun hoitoajan alkua. Lis\u00e4tietoa&hellip;<\/p>\n","category_list_v2":"","author_info_v2":{"name":"Emilia Liberman","url":"https:\/\/www.suomenurheiluhierontakeskus.fi\/fi\/author\/emiliali\/"},"comments_num_v2":"0 comments","uagb_featured_image_src":{"full":false,"thumbnail":false,"medium":false,"medium_large":false,"large":false,"1536x1536":false,"2048x2048":false,"woocommerce_thumbnail":false,"woocommerce_single":false,"woocommerce_gallery_thumbnail":false},"uagb_author_info":{"display_name":"Emilia Liberman","author_link":"https:\/\/www.suomenurheiluhierontakeskus.fi\/fi\/author\/emiliali\/"},"uagb_comment_info":0,"uagb_excerpt":"Palvelut Lahden palveluvalikoima: Tulossa! Tutustu Lahden ammattitaitoisen\u00a0tiimiin. Lahti SUHK LahtiVapaudenkatu 13, 6. krs15110 Lahti (Fressi 24 h Vapaudenkatu)p. 050 309 3013 Mik\u00e4li emme p\u00e4\u00e4se vastaamaan puhelimeen, j\u00e4t\u00e4th\u00e4n viestin vastaajaan tai l\u00e4het\u00e4 meille tekstiviesti toimipisteen&nbsp;numeroon. Ajanvaraus Varaa aika Lahteen Saapuminen ja pys\u00e4k\u00f6inti Toimipiste sijaitsee samassa talossa Finnkinon kanssa Fressin tiloissa. Hissiaulasta p\u00e4\u00e4see vasemman puoleisella hissill\u00e4 6.&hellip;","_links":{"self":[{"href":"https:\/\/www.suomenurheiluhierontakeskus.fi\/fi\/wp-json\/wp\/v2\/pages\/51089","targetHints":{"allow":["GET"]}}],"collection":[{"href":"https:\/\/www.suomenurheiluhierontakeskus.fi\/fi\/wp-json\/wp\/v2\/pages"}],"about":[{"href":"https:\/\/www.suomenurheiluhierontakeskus.fi\/fi\/wp-json\/wp\/v2\/types\/page"}],"author":[{"embeddable":true,"href":"https:\/\/www.suomenurheiluhierontakeskus.fi\/fi\/wp-json\/wp\/v2\/users\/10"}],"replies":[{"embeddable":true,"href":"https:\/\/www.suomenurheiluhierontakeskus.fi\/fi\/wp-json\/wp\/v2\/comments?post=51089"}],"version-history":[{"count":30,"href":"https:\/\/www.suomenurheiluhierontakeskus.fi\/fi\/wp-json\/wp\/v2\/pages\/51089\/revisions"}],"predecessor-version":[{"id":60454,"href":"https:\/\/www.suomenurheiluhierontakeskus.fi\/fi\/wp-json\/wp\/v2\/pages\/51089\/revisions\/60454"}],"wp:attachment":[{"href":"https:\/\/www.suomenurheiluhierontakeskus.fi\/fi\/wp-json\/wp\/v2\/media?parent=51089"}],"curies":[{"name":"wp","href":"https:\/\/api.w.org\/{rel}","templated":true}]}}