{"id":37665,"date":"2023-06-08T17:48:53","date_gmt":"2023-06-08T17:48:53","guid":{"rendered":"https:\/\/www.suomenurheiluhierontakeskus.fi\/?page_id=37665"},"modified":"2025-07-22T08:33:26","modified_gmt":"2025-07-22T08:33:26","slug":"kipuasema","status":"publish","type":"page","link":"https:\/\/www.suomenurheiluhierontakeskus.fi\/fi\/kipuasema\/","title":{"rendered":"Kipuasema"},"content":{"rendered":"\n<div class=\"wp-block-stackable-image stk-block-image has-text-align-left stk-block stk-3ea6b53\" data-block-id=\"3ea6b53\"><style>.stk-3ea6b53 {align-items:center !important;max-width:782px !important;min-width:auto !important;padding-top:0px !important;padding-right:0px !important;padding-bottom:0px !important;padding-left:0px !important;margin-top:-67px !important;margin-right:auto !important;margin-bottom:-54px !important;margin-left:-72px !important;display:flex !important;}.stk-3ea6b53 .stk-img-wrapper{width:39% !important;height:227px !important;filter:drop-shadow(none) !important;}.stk-3ea6b53 .stk-img-wrapper img{transform:scale(0.67) !important;border-radius:0px !important;object-position:50% 50% !important;}@media screen and (max-width: 1023px){.stk-3ea6b53 {right:-5px !important;}}@media screen and (max-width: 767px){.stk-3ea6b53 {right:-40px !important;}.stk-3ea6b53 .stk-img-wrapper img{object-position:46% 50% !important;object-fit:contain !important;}}<\/style><figure><span class=\"stk-img-wrapper stk-image--shape-stretch stk--shadow-none\"><img loading=\"lazy\" decoding=\"async\" class=\"stk-img wp-image-37680\" src=\"https:\/\/www.suomenurheiluhierontakeskus.fi\/wp-content\/uploads\/2023\/06\/SUHK-Kipuasema-logo.jpg\" width=\"1512\" height=\"1134\" srcset=\"https:\/\/www.suomenurheiluhierontakeskus.fi\/wp-content\/uploads\/2023\/06\/SUHK-Kipuasema-logo.jpg 1512w, https:\/\/www.suomenurheiluhierontakeskus.fi\/wp-content\/uploads\/2023\/06\/SUHK-Kipuasema-logo-300x225.jpg 300w, https:\/\/www.suomenurheiluhierontakeskus.fi\/wp-content\/uploads\/2023\/06\/SUHK-Kipuasema-logo-1024x768.jpg 1024w, https:\/\/www.suomenurheiluhierontakeskus.fi\/wp-content\/uploads\/2023\/06\/SUHK-Kipuasema-logo-768x576.jpg 768w, https:\/\/www.suomenurheiluhierontakeskus.fi\/wp-content\/uploads\/2023\/06\/SUHK-Kipuasema-logo-600x450.jpg 600w\" sizes=\"auto, (max-width: 1512px) 100vw, 1512px\" \/><\/span><\/figure><\/div>\n\n\n\n<p><\/p>\n\n\n\n<h1 class=\"wp-block-heading\">K\u00e4rsitk\u00f6 kivusta tai s\u00e4ryst\u00e4?<\/h1>\n\n\n\n<p>Olipa vaiva jatkunut pidemp\u00e4\u00e4n tai ilmennyt \u00e4skett\u00e4in, sit\u00e4 kannattaa ryhty\u00e4 hoitamaan heti.<\/p>\n\n\n\n<p>Tervetuloa SUHK Kipuaseman vastaanotolle! <\/p>\n\n\n\n<p>Valitse alta se kehon osa, jossa tunnet kipua. Sinut ohjataan ajanvaraukseen, jossa tarjolla on juuri sinun tarpeisiisi sopivia ammattilaisia. Voit valita itsellesi parhaiten sopivan vastaanottoajan ja -paikan.<\/p>\n\n\n<script type=\"text\/javascript\" src=\"https:\/\/www.suomenurheiluhierontakeskus.fi\/wp-content\/plugins\/ajas-kipualueet-plugin-wp\/includes\/js\/scripts.js\"><\/script>\r\n<link rel=\"stylesheet\" href=\"https:\/\/www.suomenurheiluhierontakeskus.fi\/wp-content\/plugins\/ajas-kipualueet-plugin-wp\/includes\/css\/valikko.css?v=2\">\r\n<div id=\"kipualueButtonContainer\">\r\n    <a class=\"button booking-btn\" target=\"_blank\" href=\"https:\/\/www.suomenurheiluhierontakeskus.fi\/fi\/ajanvaraus\/?kipualue=Olkap\u00e4\u00e4\"><span>Olkap\u00e4\u00e4<\/span><\/a><a class=\"button booking-btn\" target=\"_blank\" href=\"https:\/\/www.suomenurheiluhierontakeskus.fi\/fi\/ajanvaraus\/?kipualue=Niska\"><span>Niska<\/span><\/a><a class=\"button booking-btn\" target=\"_blank\" href=\"https:\/\/www.suomenurheiluhierontakeskus.fi\/fi\/ajanvaraus\/?kipualue=Yl\u00e4selk\u00e4\"><span>Yl\u00e4selk\u00e4<\/span><\/a><a class=\"button booking-btn\" target=\"_blank\" href=\"https:\/\/www.suomenurheiluhierontakeskus.fi\/fi\/ajanvaraus\/?kipualue=Alaselk\u00e4\"><span>Alaselk\u00e4<\/span><\/a><a class=\"button booking-btn\" target=\"_blank\" href=\"https:\/\/www.suomenurheiluhierontakeskus.fi\/fi\/ajanvaraus\/?kipualue=P\u00e4\u00e4ns\u00e4rky\"><span>P\u00e4\u00e4ns\u00e4rky<\/span><\/a><a class=\"button booking-btn\" target=\"_blank\" href=\"https:\/\/www.suomenurheiluhierontakeskus.fi\/fi\/ajanvaraus\/?kipualue=Polvi\"><span>Polvi<\/span><\/a><a class=\"button booking-btn\" target=\"_blank\" href=\"https:\/\/www.suomenurheiluhierontakeskus.fi\/fi\/ajanvaraus\/?kipualue=Lonkka\"><span>Lonkka<\/span><\/a><a class=\"button booking-btn\" target=\"_blank\" href=\"https:\/\/www.suomenurheiluhierontakeskus.fi\/fi\/ajanvaraus\/?kipualue=Jalkater\u00e4\"><span>Jalkater\u00e4<\/span><\/a><a class=\"button booking-btn\" target=\"_blank\" href=\"https:\/\/www.suomenurheiluhierontakeskus.fi\/fi\/ajanvaraus\/?kipualue=S\u00e4\u00e4ri\"><span>S\u00e4\u00e4ri<\/span><\/a><a class=\"button booking-btn\" target=\"_blank\" href=\"https:\/\/www.suomenurheiluhierontakeskus.fi\/fi\/ajanvaraus\/?kipualue=Nilkka\"><span>Nilkka<\/span><\/a><a class=\"button booking-btn\" target=\"_blank\" href=\"https:\/\/www.suomenurheiluhierontakeskus.fi\/fi\/ajanvaraus\/?kipualue=Purenta\"><span>Purenta<\/span><\/a><a class=\"button booking-btn\" target=\"_blank\" href=\"https:\/\/www.suomenurheiluhierontakeskus.fi\/fi\/ajanvaraus\/?kipualue=Lantionpohja\"><span>Lantionpohja<\/span><\/a><a class=\"button booking-btn\" target=\"_blank\" href=\"https:\/\/www.suomenurheiluhierontakeskus.fi\/fi\/ajanvaraus\/?kipualue=Ranne\"><span>Ranne<\/span><\/a><a class=\"button booking-btn\" target=\"_blank\" href=\"https:\/\/www.suomenurheiluhierontakeskus.fi\/fi\/ajanvaraus\/?kipualue=Kyyn\u00e4rp\u00e4\u00e4\"><span>Kyyn\u00e4rp\u00e4\u00e4<\/span><\/a>\r\n<\/div>\r\n  \n\n\n\n<h2 class=\"wp-block-heading\">Miksi Kipuasema?<\/h2>\n\n\n\n<p>Meist\u00e4 jokainen k\u00e4rsii jossakin el\u00e4m\u00e4nvaiheessa jonkinlaisesta kivusta tai s\u00e4ryst\u00e4. Usein on hankala tiet\u00e4\u00e4, kenen puoleen vaivan kanssa tulisi k\u00e4\u00e4nty\u00e4. Tarjolla on niin l\u00e4\u00e4k\u00e4rin, fysioterapeutin, osteopaatin, hierojan kuin vaikkapa kiropraktikon palveluita. Apua saatetaan etsi\u00e4 useammaltakin ammattilaiselta, ennen kuin ratkaisu ongelmaan l\u00f6ytyy.&nbsp;<\/p>\n\n\n\n<p>SUHK Kipuaseman tarkoitus on helpottaa sinua l\u00f6yt\u00e4m\u00e4\u00e4n juuri oikea ammattilainen hoitamaan vaivaasi. Kipuaseman terveyshuollon ammattilaiset ovat koulutettuja fysioterapeutteja ja osteopaatteja. Heill\u00e4 kaikilla on oma erikoisosaamisensa, jota t\u00e4ydennet\u00e4\u00e4n jatkuvasti koulutuksissa. N\u00e4in sin\u00e4 saat mahdollisimman laadukkaan ja uusinta tutkimustietoa hy\u00f6dynt\u00e4v\u00e4n hoidon vaivoihisi.<\/p>\n\n\n\n<p>Kipuasema on tarkoitettu sinulle, joka k\u00e4rsit jonkinlaisesta kivusta tai s\u00e4ryst\u00e4. Kipu voi olla akuuttia tai kroonista, ja se voi ilmet\u00e4 joko jatkuvasti tai vain tietyiss\u00e4 tilanteissa, kuten liikkuessa. Kipua voi tuntea oikeastaan miss\u00e4 kohden kehoa tahansa. Tyypillisi\u00e4 kipuja ovat mm. p\u00e4\u00e4ns\u00e4rky ja alaselk\u00e4kipu sek\u00e4 kiputilat polvessa, olkap\u00e4\u00e4ss\u00e4 ja nilkassa.<\/p>\n\n\n\n<p>Kipuaseman oma ajanvarausj\u00e4rjestelm\u00e4 ohjaa sinut kivun sijainnin perusteella juuri oikean ammattilaisen luo. Riitt\u00e4\u00e4, ett\u00e4 valitset ajanavarauksesta sen kehonosan, jossa kipu tai oire esiintyy. Kipuaseman k\u00e4ynnit ovat fysioterapia- tai osteopatiak\u00e4yntej\u00e4.<\/p>\n\n\n\n<p>Kivun syyt voivat olla moninaiset, ja kipu voi juontaa juurensa muualta kehosta. Ensimm\u00e4isen hoitokerran yhteydess\u00e4 SUHK Kipuaseman terveyshuollon ammattilainen tekee kartoituksen tilanteestasi ja laatii hoitosuunnitelman vaivaasi.<\/p>\n\n\n\n<p>Kipuaseman ammattilaisia l\u00f6ytyy useasta SUHKin toimipisteest\u00e4 Espoossa ja Helsingiss\u00e4. Vapaita aikoja l\u00f6yd\u00e4t aamusta iltaan, arkisin ja viikonloppuisin.<\/p>\n","protected":false},"excerpt":{"rendered":"<p>K\u00e4rsitk\u00f6 kivusta tai s\u00e4ryst\u00e4? Olipa vaiva jatkunut pidemp\u00e4\u00e4n tai ilmennyt \u00e4skett\u00e4in, sit\u00e4 kannattaa ryhty\u00e4 hoitamaan heti. Tervetuloa SUHK Kipuaseman vastaanotolle! Valitse alta se kehon osa, jossa tunnet kipua. Sinut ohjataan ajanvaraukseen, jossa tarjolla on juuri sinun tarpeisiisi sopivia ammattilaisia. Voit valita itsellesi parhaiten sopivan vastaanottoajan ja -paikan. Miksi Kipuasema? Meist\u00e4 jokainen k\u00e4rsii jossakin el\u00e4m\u00e4nvaiheessa jonkinlaisesta &#8230; <\/p>\n<p class=\"read-more-container\"><a title=\"Kipuasema\" class=\"read-more button\" href=\"https:\/\/www.suomenurheiluhierontakeskus.fi\/fi\/kipuasema\/#more-37665\" aria-label=\"Lue lis\u00e4\u00e4 aiheesta Kipuasema\">Continue<\/a><\/p>\n","protected":false},"author":2,"featured_media":0,"parent":0,"menu_order":0,"comment_status":"closed","ping_status":"closed","template":"","meta":{"_acf_changed":false,"content-type":"","_uag_custom_page_level_css":"","footnotes":""},"class_list":{"0":"post-37665","1":"page","2":"type-page","3":"status-publish","5":"no-featured-image-padding"},"acf":[],"aioseo_notices":[],"featured_image_urls_v2":{"full":"","thumbnail":"","medium":"","medium_large":"","large":"","1536x1536":"","2048x2048":"","woocommerce_thumbnail":"","woocommerce_single":"","woocommerce_gallery_thumbnail":""},"post_excerpt_stackable_v2":"<p>K\u00e4rsitk\u00f6 kivusta tai s\u00e4ryst\u00e4? Olipa vaiva jatkunut pidemp\u00e4\u00e4n tai ilmennyt \u00e4skett\u00e4in, sit\u00e4 kannattaa ryhty\u00e4 hoitamaan heti. Tervetuloa SUHK Kipuaseman vastaanotolle! Valitse alta se kehon osa, jossa tunnet kipua. Sinut ohjataan ajanvaraukseen, jossa tarjolla on juuri sinun tarpeisiisi sopivia ammattilaisia. Voit valita itsellesi parhaiten sopivan vastaanottoajan ja -paikan. Olkap\u00e4\u00e4NiskaYl\u00e4selk\u00e4Alaselk\u00e4P\u00e4\u00e4ns\u00e4rkyPolviLonkkaJalkater\u00e4S\u00e4\u00e4riNilkkaPurentaLantionpohjaRanneKyyn\u00e4rp\u00e4\u00e4 Miksi Kipuasema? Meist\u00e4 jokainen k\u00e4rsii jossakin el\u00e4m\u00e4nvaiheessa jonkinlaisesta kivusta tai s\u00e4ryst\u00e4. Usein on hankala tiet\u00e4\u00e4, kenen puoleen vaivan kanssa tulisi k\u00e4\u00e4nty\u00e4. Tarjolla on niin l\u00e4\u00e4k\u00e4rin, fysioterapeutin, osteopaatin, hierojan kuin vaikkapa kiropraktikon palveluita. Apua saatetaan etsi\u00e4 useammaltakin ammattilaiselta, ennen kuin ratkaisu ongelmaan l\u00f6ytyy.&nbsp; SUHK Kipuaseman tarkoitus on helpottaa sinua l\u00f6yt\u00e4m\u00e4\u00e4n juuri oikea ammattilainen&hellip;<\/p>\n","category_list_v2":"","author_info_v2":{"name":"Mikko Virtala","url":"https:\/\/www.suomenurheiluhierontakeskus.fi\/fi\/author\/mikko-virtala\/"},"comments_num_v2":"0 comments","uagb_featured_image_src":{"full":false,"thumbnail":false,"medium":false,"medium_large":false,"large":false,"1536x1536":false,"2048x2048":false,"woocommerce_thumbnail":false,"woocommerce_single":false,"woocommerce_gallery_thumbnail":false},"uagb_author_info":{"display_name":"Mikko Virtala","author_link":"https:\/\/www.suomenurheiluhierontakeskus.fi\/fi\/author\/mikko-virtala\/"},"uagb_comment_info":0,"uagb_excerpt":"K\u00e4rsitk\u00f6 kivusta tai s\u00e4ryst\u00e4? Olipa vaiva jatkunut pidemp\u00e4\u00e4n tai ilmennyt \u00e4skett\u00e4in, sit\u00e4 kannattaa ryhty\u00e4 hoitamaan heti. Tervetuloa SUHK Kipuaseman vastaanotolle! Valitse alta se kehon osa, jossa tunnet kipua. Sinut ohjataan ajanvaraukseen, jossa tarjolla on juuri sinun tarpeisiisi sopivia ammattilaisia. Voit valita itsellesi parhaiten sopivan vastaanottoajan ja -paikan. Miksi Kipuasema? Meist\u00e4 jokainen k\u00e4rsii jossakin el\u00e4m\u00e4nvaiheessa jonkinlaisesta&hellip;","_links":{"self":[{"href":"https:\/\/www.suomenurheiluhierontakeskus.fi\/fi\/wp-json\/wp\/v2\/pages\/37665","targetHints":{"allow":["GET"]}}],"collection":[{"href":"https:\/\/www.suomenurheiluhierontakeskus.fi\/fi\/wp-json\/wp\/v2\/pages"}],"about":[{"href":"https:\/\/www.suomenurheiluhierontakeskus.fi\/fi\/wp-json\/wp\/v2\/types\/page"}],"author":[{"embeddable":true,"href":"https:\/\/www.suomenurheiluhierontakeskus.fi\/fi\/wp-json\/wp\/v2\/users\/2"}],"replies":[{"embeddable":true,"href":"https:\/\/www.suomenurheiluhierontakeskus.fi\/fi\/wp-json\/wp\/v2\/comments?post=37665"}],"version-history":[{"count":19,"href":"https:\/\/www.suomenurheiluhierontakeskus.fi\/fi\/wp-json\/wp\/v2\/pages\/37665\/revisions"}],"predecessor-version":[{"id":53615,"href":"https:\/\/www.suomenurheiluhierontakeskus.fi\/fi\/wp-json\/wp\/v2\/pages\/37665\/revisions\/53615"}],"wp:attachment":[{"href":"https:\/\/www.suomenurheiluhierontakeskus.fi\/fi\/wp-json\/wp\/v2\/media?parent=37665"}],"curies":[{"name":"wp","href":"https:\/\/api.w.org\/{rel}","templated":true}]}}