{"id":26393,"date":"2022-08-17T07:53:44","date_gmt":"2022-08-17T07:53:44","guid":{"rendered":"https:\/\/www.suomenurheiluhierontakeskus.fi\/?page_id=26393"},"modified":"2026-01-22T09:59:00","modified_gmt":"2026-01-22T09:59:00","slug":"keskusta-tampere","status":"publish","type":"page","link":"https:\/\/www.suomenurheiluhierontakeskus.fi\/fi\/keskusta-tampere\/","title":{"rendered":"Keskusta, Tampere"},"content":{"rendered":"\n<div class=\"wp-block-columns is-layout-flex wp-container-core-columns-is-layout-9d6595d7 wp-block-columns-is-layout-flex\">\n<div class=\"wp-block-column is-layout-flow wp-block-column-is-layout-flow\">\n<h2 class=\"wp-block-heading\">Palvelut<\/h2>\n\n\n\n<p><strong>Tampereen palveluvalikoima<\/strong>:<br><br>&#8211; <a class=\"aioseop-link\" href=\"https:\/\/www.suomenurheiluhierontakeskus.fi\/fi\/palvelut-urheiluhieronta\/\">Urheiluhieronta<\/a><br>&#8211; <a href=\"https:\/\/www.suomenurheiluhierontakeskus.fi\/fi\/klassinen-hieronta\/\" title=\"\">Hieronta<\/a> <br>&#8211; <a href=\"https:\/\/www.suomenurheiluhierontakeskus.fi\/fi\/raskausajan-hieronta\/\" title=\"\">Raskaushieronta<\/a><br>&#8211; <a href=\"https:\/\/www.suomenurheiluhierontakeskus.fi\/fi\/palvelut\/purentalihasten-kasittely\/\" title=\"Purentalihasten Hieronta\">Purentalihashieronnat<\/a><br>&#8211; <a href=\"https:\/\/www.suomenurheiluhierontakeskus.fi\/fi\/fysioterapia\/\" title=\"Akupunktio \/ Dry Needling\">Fysioterapia<\/a><\/p>\n\n\n\n<p>Tutustu toimipisteen ammattitaitoiseen&nbsp;<a href=\"https:\/\/www.suomenurheiluhierontakeskus.fi\/fi\/henkilosto-new\/#tampere\">tiimiin<\/a>.<\/p>\n\n\n\n<h2 class=\"wp-block-heading\">Ajanvaraus<\/h2>\n\n\n\n<p><strong><a href=\"\/fi\/ajanvaraus\/tampere#varauskohta\">Varaa aika Tampereen Keskustaan<\/a><\/strong><\/p>\n<\/div>\n\n\n\n<div class=\"wp-block-column is-layout-flow wp-block-column-is-layout-flow\">\n<h2 class=\"wp-block-heading\">Tampere<\/h2>\n\n\n\n<p><strong>SUHK Keskusta<\/strong><br>Rautatienkatu 22<br>33100 Tampere<br>p. 050 432 2740<\/p>\n\n\n\n<p>Mik\u00e4li emme p\u00e4\u00e4se vastaamaan puhelimeen, j\u00e4t\u00e4th\u00e4n viestin vastaajaan tai l\u00e4het\u00e4 meille tekstiviesti toimipisteen&nbsp;numeroon.<\/p>\n\n\n\n<iframe src=\"https:\/\/www.google.com\/maps\/embed?pb=!1m18!1m12!1m3!1d1931.2408439348771!2d23.76948911264443!3d61.496835235576185!2m3!1f0!2f0!3f0!3m2!1i1024!2i768!4f13.1!3m3!1m2!1s0x468edf5357d65bfd%3A0x70a3f2c9d9af1fb!2sRautatienkatu%2022%2C%2033100%20Tampere!5e1!3m2!1sen!2sfi!4v1738830523781!5m2!1sen!2sfi\" width=\"400\" height=\"300\" style=\"border:0;\" allowfullscreen=\"\" loading=\"lazy\" referrerpolicy=\"no-referrer-when-downgrade\"><\/iframe>\n<\/div>\n\n\n\n<div class=\"wp-block-column is-layout-flow wp-block-column-is-layout-flow\">\n<h2 class=\"wp-block-heading\">Saapuminen ja pys\u00e4k\u00f6inti<\/h2>\n\n\n\n<p>Keskustan toimipiste sijaitsee rautatieaseman v\u00e4litt\u00f6m\u00e4ss\u00e4 l\u00e4heisyydess\u00e4. Kadun varressa aivan oven edess\u00e4 l\u00f6ytyy maksullisia paikkoja.<\/p>\n\n\n\n<h2 class=\"wp-block-heading\">Faktat<\/h2>\n\n\n\n<p><strong>Perustettu:<\/strong> 2022<\/p>\n\n\n\n<p><strong>Ammattilaisia:<\/strong>&nbsp;5 kpl<\/p>\n\n\n\n<p><strong>Tiiminvet\u00e4j\u00e4:<\/strong>&nbsp;Mikko Viinanen<\/p>\n\n\n\n<h2 class=\"wp-block-heading\">Varatun ajan peruutus<\/h2>\n\n\n\n<p><a href=\"https:\/\/www.suomenurheiluhierontakeskus.fi\/fi\/ajanvarauksen-peruutus\/\">Lis\u00e4tietoa varauksen peruuttamisesta t\u00e4st\u00e4<\/a><\/p>\n<\/div>\n<\/div>\n","protected":false},"excerpt":{"rendered":"<p>Palvelut Tampereen palveluvalikoima: &#8211; Urheiluhieronta&#8211; Hieronta &#8211; Raskaushieronta&#8211; Purentalihashieronnat&#8211; Fysioterapia Tutustu toimipisteen ammattitaitoiseen&nbsp;tiimiin. Ajanvaraus Varaa aika Tampereen Keskustaan Tampere SUHK KeskustaRautatienkatu 2233100 Tamperep. 050 432 2740 Mik\u00e4li emme p\u00e4\u00e4se vastaamaan puhelimeen, j\u00e4t\u00e4th\u00e4n viestin vastaajaan tai l\u00e4het\u00e4 meille tekstiviesti toimipisteen&nbsp;numeroon. Saapuminen ja pys\u00e4k\u00f6inti Keskustan toimipiste sijaitsee rautatieaseman v\u00e4litt\u00f6m\u00e4ss\u00e4 l\u00e4heisyydess\u00e4. Kadun varressa aivan oven edess\u00e4 l\u00f6ytyy maksullisia &#8230; <\/p>\n<p class=\"read-more-container\"><a title=\"Keskusta, Tampere\" class=\"read-more button\" href=\"https:\/\/www.suomenurheiluhierontakeskus.fi\/fi\/keskusta-tampere\/#more-26393\" aria-label=\"Lue lis\u00e4\u00e4 aiheesta Keskusta, Tampere\">Continue<\/a><\/p>\n","protected":false},"author":2,"featured_media":0,"parent":0,"menu_order":0,"comment_status":"closed","ping_status":"closed","template":"","meta":{"_acf_changed":false,"content-type":"","_uag_custom_page_level_css":"","footnotes":""},"class_list":{"0":"post-26393","1":"page","2":"type-page","3":"status-publish","5":"no-featured-image-padding"},"acf":[],"aioseo_notices":[],"featured_image_urls_v2":{"full":"","thumbnail":"","medium":"","medium_large":"","large":"","1536x1536":"","2048x2048":"","woocommerce_thumbnail":"","woocommerce_single":"","woocommerce_gallery_thumbnail":""},"post_excerpt_stackable_v2":"<p>Palvelut Tampereen palveluvalikoima:&#8211; Urheiluhieronta&#8211; Hieronta &#8211; Raskaushieronta&#8211; Purentalihashieronnat&#8211; Fysioterapia Tutustu toimipisteen ammattitaitoiseen&nbsp;tiimiin. Ajanvaraus Varaa aika Tampereen Keskustaan Tampere SUHK KeskustaRautatienkatu 2233100 Tamperep. 050 432 2740 Mik\u00e4li emme p\u00e4\u00e4se vastaamaan puhelimeen, j\u00e4t\u00e4th\u00e4n viestin vastaajaan tai l\u00e4het\u00e4 meille tekstiviesti toimipisteen&nbsp;numeroon. Saapuminen ja pys\u00e4k\u00f6inti Keskustan toimipiste sijaitsee rautatieaseman v\u00e4litt\u00f6m\u00e4ss\u00e4 l\u00e4heisyydess\u00e4. Kadun varressa aivan oven edess\u00e4 l\u00f6ytyy maksullisia paikkoja. Faktat Perustettu: 2022 Ammattilaisia:&nbsp;5 kpl Tiiminvet\u00e4j\u00e4:&nbsp;Mikko Viinanen Varatun ajan peruutus Lis\u00e4tietoa varauksen peruuttamisesta t\u00e4st\u00e4<\/p>\n","category_list_v2":"","author_info_v2":{"name":"Mikko Virtala","url":"https:\/\/www.suomenurheiluhierontakeskus.fi\/fi\/author\/mikko-virtala\/"},"comments_num_v2":"0 comments","uagb_featured_image_src":{"full":false,"thumbnail":false,"medium":false,"medium_large":false,"large":false,"1536x1536":false,"2048x2048":false,"woocommerce_thumbnail":false,"woocommerce_single":false,"woocommerce_gallery_thumbnail":false},"uagb_author_info":{"display_name":"Mikko Virtala","author_link":"https:\/\/www.suomenurheiluhierontakeskus.fi\/fi\/author\/mikko-virtala\/"},"uagb_comment_info":0,"uagb_excerpt":"Palvelut Tampereen palveluvalikoima: &#8211; Urheiluhieronta&#8211; Hieronta &#8211; Raskaushieronta&#8211; Purentalihashieronnat&#8211; Fysioterapia Tutustu toimipisteen ammattitaitoiseen&nbsp;tiimiin. Ajanvaraus Varaa aika Tampereen Keskustaan Tampere SUHK KeskustaRautatienkatu 2233100 Tamperep. 050 432 2740 Mik\u00e4li emme p\u00e4\u00e4se vastaamaan puhelimeen, j\u00e4t\u00e4th\u00e4n viestin vastaajaan tai l\u00e4het\u00e4 meille tekstiviesti toimipisteen&nbsp;numeroon. Saapuminen ja pys\u00e4k\u00f6inti Keskustan toimipiste sijaitsee rautatieaseman v\u00e4litt\u00f6m\u00e4ss\u00e4 l\u00e4heisyydess\u00e4. Kadun varressa aivan oven edess\u00e4 l\u00f6ytyy maksullisia&hellip;","_links":{"self":[{"href":"https:\/\/www.suomenurheiluhierontakeskus.fi\/fi\/wp-json\/wp\/v2\/pages\/26393","targetHints":{"allow":["GET"]}}],"collection":[{"href":"https:\/\/www.suomenurheiluhierontakeskus.fi\/fi\/wp-json\/wp\/v2\/pages"}],"about":[{"href":"https:\/\/www.suomenurheiluhierontakeskus.fi\/fi\/wp-json\/wp\/v2\/types\/page"}],"author":[{"embeddable":true,"href":"https:\/\/www.suomenurheiluhierontakeskus.fi\/fi\/wp-json\/wp\/v2\/users\/2"}],"replies":[{"embeddable":true,"href":"https:\/\/www.suomenurheiluhierontakeskus.fi\/fi\/wp-json\/wp\/v2\/comments?post=26393"}],"version-history":[{"count":26,"href":"https:\/\/www.suomenurheiluhierontakeskus.fi\/fi\/wp-json\/wp\/v2\/pages\/26393\/revisions"}],"predecessor-version":[{"id":59342,"href":"https:\/\/www.suomenurheiluhierontakeskus.fi\/fi\/wp-json\/wp\/v2\/pages\/26393\/revisions\/59342"}],"wp:attachment":[{"href":"https:\/\/www.suomenurheiluhierontakeskus.fi\/fi\/wp-json\/wp\/v2\/media?parent=26393"}],"curies":[{"name":"wp","href":"https:\/\/api.w.org\/{rel}","templated":true}]}}