{"id":260,"date":"2020-10-14T09:36:30","date_gmt":"2020-10-14T09:36:30","guid":{"rendered":"https:\/\/new.suomenurheiluhierontakeskus.fi\/?page_id=260"},"modified":"2025-10-31T12:03:40","modified_gmt":"2025-10-31T12:03:40","slug":"tilausehdot","status":"publish","type":"page","link":"https:\/\/www.suomenurheiluhierontakeskus.fi\/fi\/tilausehdot\/","title":{"rendered":"Tilausehdot"},"content":{"rendered":"\n<p>Suomen Urheiluhierontakeskus Oy, Y-tunnus: 2504977-5 (j\u00e4ljemp\u00e4n\u00e4 verkkokauppa) myy tuotteita yksityishenkil\u00f6ille ja yrityksille Suomeen. Pid\u00e4t\u00e4mme oikeuden toimitusehtojen ja hintojen muutoksiin. Tuotteiden hinnat sis\u00e4lt\u00e4v\u00e4t arvonlis\u00e4veron.<\/p>\n\n\n\n<h2 class=\"wp-block-heading\">Verkkokaupan yhteystiedot<\/h2>\n\n\n\n<p>S\u00e4hk\u00f6posti: info(at)suhk.fi<\/p>\n\n\n\n<p>Postiosoite: Suomalaistentie 7, 02270 Espoo<\/p>\n\n\n\n<h2 class=\"wp-block-heading\">Tilaaminen<\/h2>\n\n\n\n<p>Tilattavat tuotteet valitaan kotisivuilla lis\u00e4\u00e4m\u00e4ll\u00e4 ne ostoskoriin. Tilaus l\u00e4hetet\u00e4\u00e4n maksamalla ostoskorin sis\u00e4lt\u00f6 verkkokaupan kassatoiminnossa. Tehdess\u00e4si tilauksen hyv\u00e4ksyt n\u00e4m\u00e4 toimitusehdot, tuotteiden hinnat sek\u00e4 toimituskulut. Mik\u00e4li tilaushetkell\u00e4 annetaan s\u00e4hk\u00f6postiosoite, tilauksesta l\u00e4hetet\u00e4\u00e4n tilausvahvistus s\u00e4hk\u00f6postitse. Tilausvahvistuksesta ilmenev\u00e4t tilatut tuotteet sek\u00e4 hinta.<\/p>\n\n\n\n<h2 class=\"wp-block-heading\">Maksaminen<\/h2>\n\n\n\n<p>Verkkokaupan maksuv\u00e4litt\u00e4j\u00e4n\u00e4 toimii Checkout Finland Oy. <strong>Checkout <\/strong>on sinulle turvallinen maksutapa. Meill\u00e4 on Finanssivalvonnan my\u00f6nt\u00e4m\u00e4 maksulaitostoimilupa. Palvelu on Checkout Finland Oy:n (y-tunnus 2196606-6) yll\u00e4pit\u00e4m\u00e4 ja Checkout Finland Oy on osa OP Ryhm\u00e4\u00e4.<\/p>\n\n\n\n<p>Checkout-maksunv\u00e4lityspalvelu v\u00e4litt\u00e4\u00e4 maksusi kauppiaalle. Mik\u00e4li tiliotteellasi tai luottokorttilaskullasi n\u00e4kyy Checkout Finland Oy, olemme v\u00e4litt\u00e4neet maksusi.<\/p>\n\n\n\n<p>Verkkokauppa toimii tuotteiden ja palveluiden markkinoijana sek\u00e4 tuotteiden toimittajana asiakkaalle. Verkkokauppa huolehtii kauppaan liittyvist\u00e4 lakis\u00e4\u00e4teisist\u00e4 sek\u00e4 itse m\u00e4\u00e4rittelemist\u00e4\u00e4n muista velvoitteista. Mik\u00e4li haluat reklamoida tai palauttaa tuotteen, sinun kannattaa olla yhteydess\u00e4 suoraan verkkokauppaan, josta tuote on tilattu.<\/p>\n\n\n\n<p>Lue lis\u00e4\u00e4 Checkoutista: <a href=\"https:\/\/www.checkout.fi\">https:\/\/www.checkout.fi<\/a><\/p>\n\n\n\n<h2 class=\"wp-block-heading\">Maksutavat<\/h2>\n\n\n\n<p><strong>K\u00e4yt\u00f6ss\u00e4si on kaikkien suomalaisten pankkien maksupainikkeet.<\/strong> Voit maksaa Aktian, Danske Bankin, Handelsbankenin, Nordean, Oma S\u00e4\u00e4st\u00f6pankin, Osuuspankin, POP-pankin, S\u00e4\u00e4st\u00f6pankin, S-pankin ja \u00c5landsbankenin maksupainikkeilla. Tiliotteellasi maksunsaajana n\u00e4kyy Checkout Finland Oy, me v\u00e4lit\u00e4mme maksusi verkkokauppiaalle. Verkkokaupasta sinut ohjataan suoraan omaan pankkiisi suorittamaan maksu turvallisesti.<\/p>\n\n\n\n<p>Checkout Finland tarjoaa my\u00f6s mahdollisuuden maksaa tilisiirtolomakkeella.<\/p>\n\n\n\n<p><strong>Voit maksaa verkkokaupassa Visa-, Visa Debit-, Visa Electron-, MasterCard-, ja Debit MasterCard -korteilla<\/strong>. Verkkokaupassa ovat k\u00e4yt\u00f6ss\u00e4 kansainv\u00e4liset Verified by Visa -, ja MasterCard SecureCode -todentamispalvelut. Checkout n\u00e4kyy maksun saajana korttilaskulla ja v\u00e4litt\u00e4\u00e4 asiakkaan maksaman maksukorttimaksun suoraan kauppiaalle. Korttimaksaminen tapahtuu turvallisesti suojatulla maksulomakkeella eik\u00e4 maksukortin tietoja tallenneta verkkokaupan j\u00e4rjestelmiin.<\/p>\n\n\n\n<p>Ty\u00f6suhde-eduilla, kuten Smartum hierontasaldo, Eazybreak Hyvinvointi tai ePassi Hyvinvointi voit maksaa hierontapalveluita ja niihin kohdistuvia lahjakortteja. Liikunta- ja kulttuurieduilla ei voi maksaa hierontapalveluita.<\/p>\n\n\n\n<h2 class=\"wp-block-heading\">Toimitus<\/h2>\n\n\n\n<p>Digitaaliset tuotteet toimitetaan s\u00e4hk\u00f6postilla v\u00e4litt\u00f6m\u00e4st\u00e4 ostotapahtuman j\u00e4lkeen asiakkaan antamaan s\u00e4hk\u00f6postiosoitteeseen. S\u00e4hk\u00f6postit ovat perill\u00e4 tavallisesti viimeist\u00e4\u00e4n puolen tunnin sis\u00e4ll\u00e4.&nbsp;&nbsp;<\/p>\n\n\n\n<p>Jos asiakas ei ole saanut s\u00e4hk\u00f6postiviesti\u00e4, h\u00e4nen on ensin tarkistettava oma roskapostikansio. T\u00e4m\u00e4n j\u00e4lkeen, ellei s\u00e4hk\u00f6postia l\u00f6ytynyt, h\u00e4nen on v\u00e4litt\u00f6m\u00e4sti otettava yhteys verkkokaupan yhteystiedoissa mainittuun osoitteeseen, ja pyyt\u00e4\u00e4 s\u00e4hk\u00f6postin uudelleen l\u00e4hetyst\u00e4. S\u00e4hk\u00f6postin puuttuminen ei oikeuta tilauksen peruuttamiseen.&nbsp;<\/p>\n\n\n\n<h2 class=\"wp-block-heading\">Palautukset<\/h2>\n\n\n\n<p>Digitaalisilla tuotteilla ei ole vaihto- ja palautusoikeutta.<\/p>\n\n\n\n<h2 class=\"wp-block-heading\">Tilauksen peruuttaminen, virhevastuu ja reklamaatiot<\/h2>\n\n\n\n<p>Digitaalisen tuotteen voi peruuttaa ennen kun se on verkkokaupassa maksettu.<\/p>\n\n\n\n<p>Verkkokaupalla on lakis\u00e4\u00e4teinen virhevastuu myydyist\u00e4 tuotteista. Reklamaatiotapauksissa pyyd\u00e4mme olemaan yhteydess\u00e4 asiakaspalveluumme. Kuluttajalla on oikeus vied\u00e4 mahdolliset riitatilanteet kuluttajariitalautakunnan ratkaistavaksi.<\/p>\n","protected":false},"excerpt":{"rendered":"<p>Suomen Urheiluhierontakeskus Oy, Y-tunnus: 2504977-5 (j\u00e4ljemp\u00e4n\u00e4 verkkokauppa) myy tuotteita yksityishenkil\u00f6ille ja yrityksille Suomeen. Pid\u00e4t\u00e4mme oikeuden toimitusehtojen ja hintojen muutoksiin. Tuotteiden hinnat sis\u00e4lt\u00e4v\u00e4t arvonlis\u00e4veron. Verkkokaupan yhteystiedot S\u00e4hk\u00f6posti: info(at)suhk.fi Postiosoite: Suomalaistentie 7, 02270 Espoo Tilaaminen Tilattavat tuotteet valitaan kotisivuilla lis\u00e4\u00e4m\u00e4ll\u00e4 ne ostoskoriin. Tilaus l\u00e4hetet\u00e4\u00e4n maksamalla ostoskorin sis\u00e4lt\u00f6 verkkokaupan kassatoiminnossa. Tehdess\u00e4si tilauksen hyv\u00e4ksyt n\u00e4m\u00e4 toimitusehdot, tuotteiden hinnat sek\u00e4 &#8230; <\/p>\n<p class=\"read-more-container\"><a title=\"Tilausehdot\" class=\"read-more button\" href=\"https:\/\/www.suomenurheiluhierontakeskus.fi\/fi\/tilausehdot\/#more-260\" aria-label=\"Lue lis\u00e4\u00e4 aiheesta Tilausehdot\">Continue<\/a><\/p>\n","protected":false},"author":1,"featured_media":0,"parent":0,"menu_order":0,"comment_status":"closed","ping_status":"closed","template":"","meta":{"_acf_changed":false,"content-type":"","_uag_custom_page_level_css":"","footnotes":""},"class_list":{"0":"post-260","1":"page","2":"type-page","3":"status-publish","5":"no-featured-image-padding"},"acf":[],"aioseo_notices":[],"featured_image_urls_v2":{"full":"","thumbnail":"","medium":"","medium_large":"","large":"","1536x1536":"","2048x2048":"","woocommerce_thumbnail":"","woocommerce_single":"","woocommerce_gallery_thumbnail":""},"post_excerpt_stackable_v2":"<p>Suomen Urheiluhierontakeskus Oy, Y-tunnus: 2504977-5 (j\u00e4ljemp\u00e4n\u00e4 verkkokauppa) myy tuotteita yksityishenkil\u00f6ille ja yrityksille Suomeen. Pid\u00e4t\u00e4mme oikeuden toimitusehtojen ja hintojen muutoksiin. Tuotteiden hinnat sis\u00e4lt\u00e4v\u00e4t arvonlis\u00e4veron. Verkkokaupan yhteystiedot S\u00e4hk\u00f6posti: info(at)suhk.fi Postiosoite: Suomalaistentie 7, 02270 Espoo Tilaaminen Tilattavat tuotteet valitaan kotisivuilla lis\u00e4\u00e4m\u00e4ll\u00e4 ne ostoskoriin. Tilaus l\u00e4hetet\u00e4\u00e4n maksamalla ostoskorin sis\u00e4lt\u00f6 verkkokaupan kassatoiminnossa. Tehdess\u00e4si tilauksen hyv\u00e4ksyt n\u00e4m\u00e4 toimitusehdot, tuotteiden hinnat sek\u00e4 toimituskulut. Mik\u00e4li tilaushetkell\u00e4 annetaan s\u00e4hk\u00f6postiosoite, tilauksesta l\u00e4hetet\u00e4\u00e4n tilausvahvistus s\u00e4hk\u00f6postitse. Tilausvahvistuksesta ilmenev\u00e4t tilatut tuotteet sek\u00e4 hinta. Maksaminen Verkkokaupan maksuv\u00e4litt\u00e4j\u00e4n\u00e4 toimii Checkout Finland Oy. Checkout on sinulle turvallinen maksutapa. Meill\u00e4 on Finanssivalvonnan my\u00f6nt\u00e4m\u00e4 maksulaitostoimilupa. Palvelu on Checkout Finland Oy:n (y-tunnus 2196606-6) yll\u00e4pit\u00e4m\u00e4 ja Checkout Finland Oy on&hellip;<\/p>\n","category_list_v2":"","author_info_v2":{"name":"suhk_admin","url":"https:\/\/www.suomenurheiluhierontakeskus.fi\/fi\/author\/suhk_admin\/"},"comments_num_v2":"0 comments","uagb_featured_image_src":{"full":false,"thumbnail":false,"medium":false,"medium_large":false,"large":false,"1536x1536":false,"2048x2048":false,"woocommerce_thumbnail":false,"woocommerce_single":false,"woocommerce_gallery_thumbnail":false},"uagb_author_info":{"display_name":"suhk_admin","author_link":"https:\/\/www.suomenurheiluhierontakeskus.fi\/fi\/author\/suhk_admin\/"},"uagb_comment_info":0,"uagb_excerpt":"Suomen Urheiluhierontakeskus Oy, Y-tunnus: 2504977-5 (j\u00e4ljemp\u00e4n\u00e4 verkkokauppa) myy tuotteita yksityishenkil\u00f6ille ja yrityksille Suomeen. Pid\u00e4t\u00e4mme oikeuden toimitusehtojen ja hintojen muutoksiin. Tuotteiden hinnat sis\u00e4lt\u00e4v\u00e4t arvonlis\u00e4veron. Verkkokaupan yhteystiedot S\u00e4hk\u00f6posti: info(at)suhk.fi Postiosoite: Suomalaistentie 7, 02270 Espoo Tilaaminen Tilattavat tuotteet valitaan kotisivuilla lis\u00e4\u00e4m\u00e4ll\u00e4 ne ostoskoriin. Tilaus l\u00e4hetet\u00e4\u00e4n maksamalla ostoskorin sis\u00e4lt\u00f6 verkkokaupan kassatoiminnossa. Tehdess\u00e4si tilauksen hyv\u00e4ksyt n\u00e4m\u00e4 toimitusehdot, tuotteiden hinnat sek\u00e4&hellip;","_links":{"self":[{"href":"https:\/\/www.suomenurheiluhierontakeskus.fi\/fi\/wp-json\/wp\/v2\/pages\/260","targetHints":{"allow":["GET"]}}],"collection":[{"href":"https:\/\/www.suomenurheiluhierontakeskus.fi\/fi\/wp-json\/wp\/v2\/pages"}],"about":[{"href":"https:\/\/www.suomenurheiluhierontakeskus.fi\/fi\/wp-json\/wp\/v2\/types\/page"}],"author":[{"embeddable":true,"href":"https:\/\/www.suomenurheiluhierontakeskus.fi\/fi\/wp-json\/wp\/v2\/users\/1"}],"replies":[{"embeddable":true,"href":"https:\/\/www.suomenurheiluhierontakeskus.fi\/fi\/wp-json\/wp\/v2\/comments?post=260"}],"version-history":[{"count":5,"href":"https:\/\/www.suomenurheiluhierontakeskus.fi\/fi\/wp-json\/wp\/v2\/pages\/260\/revisions"}],"predecessor-version":[{"id":54716,"href":"https:\/\/www.suomenurheiluhierontakeskus.fi\/fi\/wp-json\/wp\/v2\/pages\/260\/revisions\/54716"}],"wp:attachment":[{"href":"https:\/\/www.suomenurheiluhierontakeskus.fi\/fi\/wp-json\/wp\/v2\/media?parent=260"}],"curies":[{"name":"wp","href":"https:\/\/api.w.org\/{rel}","templated":true}]}}