{"id":2029,"date":"2020-03-04T08:04:29","date_gmt":"2020-03-04T08:04:29","guid":{"rendered":"https:\/\/new.suomenurheiluhierontakeskus.fi\/?page_id=2029"},"modified":"2025-08-19T15:16:02","modified_gmt":"2025-08-19T15:16:02","slug":"yrityksemme","status":"publish","type":"page","link":"https:\/\/www.suomenurheiluhierontakeskus.fi\/fi\/yrityksemme\/","title":{"rendered":"Yrityksemme"},"content":{"rendered":"\n<div id=\"myModal\" class=\"modal\">\n    <div class=\"modal-content\">\n        <div class=\"btnClose\">\n            <span class=\"close\" onclick=\"document.getElementById(&quot;myModal&quot;).style.display = &quot;none&quot;;\">\u00d7<\/span>\n        <\/div><br><br>\n        <div class=\"wp-block-columns\">\n            <div class=\"wp-block-column\">\n                <h3 id=\"modal_title\"><\/h3>\n                <p><i id=\"modal_jobtitle\"><\/i><\/p>\n                <p id=\"modal_desc\"><\/p>\n                <a href=\"\" id=\"modal_link\"><\/a>\n            <\/div>\n            <div class=\"wp-block-column\">\n                <img decoding=\"async\" id=\"modal_img\" src=\"\">\n            <\/div>\n        <\/div>\n    <\/div>\n<\/div>\n\n\n<br>\n<div class=\"wp-block-ugb-feature-grid ugb-feature-grid ugb-4140a7f ugb-feature-grid--v2 ugb-feature-grid--columns-3 ugb-feature-grid--design-basic ugb-main-block\">\n\t<div class=\"ugb-inner-block\">\n\t\t<div class=\"ugb-block-content\">\n\n\t\t\t<div class=\"ugb-feature-grid__item ugb-feature-grid__item1 ugb--shadow-6 Jari Antikainenhenkilosto_hide_block\">\n\t\t\t\t<div class=\"ugb-feature-grid__content\">\n\t\n\t\t\t\t<h5 class=\"ugb-feature-grid__title\">Jari Antikainen<\/h5>\n\t\t\t\t<p class=\"job_title_henkilosto\" >Perustaja, hallituksen puheenjohtaja<\/p>\n\t\t\t\t<img decoding=\"async\" class=\"ugb-feature-grid__image\" src=\"https:\/\/www.suomenurheiluhierontakeskus.fi\/sites\/default\/files\/pictures\/henkilostokuvat\/2015\/suomenoja_jari.jpg\" onclick=\"open_modal(2, '0', 'Jari Antikainen', 'Perustaja, hallituksen puheenjohtaja', '', 'https:\/\/www.suomenurheiluhierontakeskus.fi\/sites\/default\/files\/pictures\/henkilostokuvat\/2015\/suomenoja_jari.jpg', '');\">\n\t\t\t\t<button id=\"myBtn\" onclick=\"open_modal(2, '0', 'Jari Antikainen', 'Perustaja, hallituksen puheenjohtaja', '', 'https:\/\/www.suomenurheiluhierontakeskus.fi\/sites\/default\/files\/pictures\/henkilostokuvat\/2015\/suomenoja_jari.jpg', '');\">Lis\u00e4\u00e4 tietoa<\/button>\n\t\t\t\t<\/div>\n\t\t\t<\/div>\n\n\t\t\t<div class=\"ugb-feature-grid__item ugb-feature-grid__item2 ugb--shadow-6 Petter Meyerhenkilosto_hide_block\">\n\t\t\t\t<div class=\"ugb-feature-grid__content\">\n\t\t\n\t\t\t\t<h5 class=\"ugb-feature-grid__title\">Petter Meyer<\/h5>\n\t\t\t\t<p class=\"job_title_henkilosto\" >Hallituksen j\u00e4sen<\/p>\n\t\t\t\t<img decoding=\"async\" class=\"ugb-feature-grid__image\" src=\"https:\/\/www.suomenurheiluhierontakeskus.fi\/sites\/default\/files\/pictures\/henkilostokuvat\/uudet\/Petter_Meyer_13.jpg\" onclick=\"open_modal(2, '0', 'Petter Meyer', 'Hallituksen j\u00e4sen', '', 'https:\/\/www.suomenurheiluhierontakeskus.fi\/sites\/default\/files\/pictures\/henkilostokuvat\/uudet\/Petter_Meyer_13.jpg', '');\">\n\t\t\t\t<button id=\"myBtn\" onclick=\"open_modal(2, '0', 'Petter Meyer', 'Hallituksen j\u00e4sen', '', 'https:\/\/www.suomenurheiluhierontakeskus.fi\/sites\/default\/files\/pictures\/henkilostokuvat\/uudet\/Petter_Meyer_13.jpg', '');\">Lis\u00e4\u00e4 tietoa<\/button>\n\t\t\t\t<\/div>\n\t\t\t<\/div>\n\n\t\t\t<div class=\"ugb-feature-grid__item ugb-feature-grid__item3 ugb--shadow-6 Rami Luomanp\u00e4\u00e4henkilosto_hide_block\">\n\t\t\t\t<div class=\"ugb-feature-grid__content\">\n\t\t\t\t\n\t\t\t\t<h5 class=\"ugb-feature-grid__title\">Rami Luomanp\u00e4\u00e4<\/h5>\n\t\t\t\t<p class=\"job_title_henkilosto\" >Toimitusjohtaja<\/p>\n\t\t\t\t<img decoding=\"async\" class=\"ugb-feature-grid__image\" src=\"https:\/\/www.suomenurheiluhierontakeskus.fi\/sites\/default\/files\/pictures\/henkilostokuvat\/uudet\/Rami_Luomanpaa_nelio_web.jpg\" onclick=\"open_modal(2, '0', 'Rami Luomanp\u00e4\u00e4', 'Toimitusjohtaja', '', 'https:\/\/www.suomenurheiluhierontakeskus.fi\/sites\/default\/files\/pictures\/henkilostokuvat\/uudet\/Rami_Luomanpaa_nelio_web.jpg', '');\">\n\t\t\t\t<button id=\"myBtn\" onclick=\"open_modal(2, '0', 'Rami Luomanp\u00e4\u00e4', 'Toimitusjohtaja', '', 'https:\/\/www.suomenurheiluhierontakeskus.fi\/sites\/default\/files\/pictures\/henkilostokuvat\/uudet\/Rami_Luomanpaa_nelio_web.jpg', '');\">Lis\u00e4\u00e4 tietoa<\/button>\n\t\t\t\t<\/div>\n\t\t\t<\/div>\n\t\t\t\n\t\t\t<div class=\"ugb-feature-grid__item ugb-feature-grid__item4 ugb--shadow-6 Mikko Virtalahenkilosto_hide_block\">\n\t\t\t\t<div class=\"ugb-feature-grid__content\">\n\t\t\t\t\n\t\t\t\t<h5 class=\"ugb-feature-grid__title\">Mikko Virtala<\/h5>\n\t\t\t\t<p class=\"job_title_henkilosto\" >Palveluista vastaava johtaja, hallituksen j\u00e4sen<\/p>\n\t\t\t\t<img decoding=\"async\" class=\"ugb-feature-grid__image\" src=\"https:\/\/nettivaraus5.ajas.fi\/nv5_api_uusi\/picture.php?lid=edf3c841d6c2&amp;employee=20\" onclick=\"open_modal(2, '0', 'Mikko Virtala', 'Palveluista vastaava johtaja, hallituksen j\u00e4sen', '', 'https:\/\/nettivaraus5.ajas.fi\/nv5_api_uusi\/picture.php?lid=edf3c841d6c2&amp;employee=20', '');\">\n\t\t\t\t<button id=\"myBtn\" onclick=\"open_modal(2, '0', 'Mikko Virtala', 'Palveluista vastaava johtaja, hallituksen j\u00e4sen', '', 'https:\/\/nettivaraus5.ajas.fi\/nv5_api_uusi\/picture.php?lid=edf3c841d6c2&amp;employee=20', '');\">Lis\u00e4\u00e4 tietoa<\/button>\n\t\t\t\t<\/div>\n\t\t\t<\/div>\n\n\t\t<\/div>\n\t\t<div class=\"ugb-block-content\">\n\t\t\t<div class=\"ugb-feature-grid__item ugb-feature-grid__item1 ugb--shadow-6 Susanna Aronenhenkilosto_hide_block\">\n\t\t\t\t<div class=\"ugb-feature-grid__content\">\n\t\n\t\t\t\t<h5 class=\"ugb-feature-grid__title\">Susanna Aronen<\/h5>\n\t\t\t\t<p class=\"job_title_henkilosto\" >Hallituksen j\u00e4sen<\/p>\n\t\t\t\t<img decoding=\"async\" class=\"ugb-feature-grid__image\" src=\"https:\/\/nettivaraus5.ajas.fi\/nv5_api_uusi\/picture.php?lid=edf3c841d6c2&amp;employee=14\" onclick=\"open_modal(2, '0', 'Susanna Aronen', 'Hallituksen j\u00e4sen', '', 'https:\/\/nettivaraus5.ajas.fi\/nv5_api_uusi\/picture.php?lid=edf3c841d6c2&amp;employee=14', '');\">\n\t\t\t\t<button id=\"myBtn\" onclick=\"open_modal(2, '0', 'Susanna Aronen', 'Hallituksen j\u00e4sen', '', 'https:\/\/nettivaraus5.ajas.fi\/nv5_api_uusi\/picture.php?lid=edf3c841d6c2&amp;employee=14', '');\">Lis\u00e4\u00e4 tietoa<\/button>\n\t\t\t\t<\/div>\n\t\t\t<\/div>\n\t\t\t<div class=\"ugb-feature-grid__item ugb-feature-grid__item2 ugb--shadow-6 Terhi Antikainenhenkilosto_hide_block\">\n\t\t\t\t<div class=\"ugb-feature-grid__content\">\n\t\t\n\t\t\t\t<h5 class=\"ugb-feature-grid__title\">Terhi Antikainen<\/h5>\n\t\t\t\t<p class=\"job_title_henkilosto\" >Perustaja, hallituksen j\u00e4sen<\/p>\n\t\t\t\t<img decoding=\"async\" class=\"ugb-feature-grid__image\" src=\"https:\/\/nettivaraus5.ajas.fi\/nv5_api_uusi\/picture.php?lid=edf3c841d6c2&amp;employee=56\" onclick=\"open_modal(2, '0', 'Terhi Antikainen', 'Perustaja, hallituksen j\u00e4sen', '', 'https:\/\/nettivaraus5.ajas.fi\/nv5_api_uusi\/picture.php?lid=edf3c841d6c2&amp;employee=56', '');\">\n\t\t\t\t<button id=\"myBtn\" onclick=\"open_modal(2, '0', 'Terhi Antikainen', 'Perustaja, hallituksen j\u00e4sen', '', 'https:\/\/nettivaraus5.ajas.fi\/nv5_api_uusi\/picture.php?lid=edf3c841d6c2&amp;employee=56', '');\">Lis\u00e4\u00e4 tietoa<\/button>\n\t\t\t\t<\/div>\n\t\t\t<\/div>\n\t\t\t<div class=\"ugb-feature-grid__item ugb-feature-grid__item1 ugb--shadow-6 henkilosto_hide_block\">\n\t\t\t<\/div>\n\t\t\t<div class=\"ugb-feature-grid__item ugb-feature-grid__item2 ugb--shadow-6 henkilosto_hide_block\">\n\t\t\t<\/div>\t\t\t\n\n\t\t<\/div>\t\t\n\t<\/div>\n<\/div>\n\n<p><!--StartFragment--><\/p>\n\n\n<p class=\"has-text-align-left\">Suomen Urheiluhierontakeskus SUHK oy on alunperin v. 2005 perustettu yritys, jonka tarkoitus on edist\u00e4\u00e4 suomalaista hyvinvointia. Hoitoprosessi perustuu saumattomaan yhteisty\u00f6h\u00f6n eri ammattikuntien v\u00e4lill\u00e4 ja laadukkaaseen palveluun. Toimimme Helsingiss\u00e4, Espoossa, Tampereella, Kuopiossa, Lahdessa ja Kirkkonummella.<\/p>\n\n\n\n<div class=\"wp-block-columns is-layout-flex wp-container-core-columns-is-layout-9d6595d7 wp-block-columns-is-layout-flex\">\n<div class=\"wp-block-column is-layout-flow wp-block-column-is-layout-flow\">\n<h2 class=\"wp-block-heading\">Aukioloajat<\/h2>\n\n\n\n<table class=\"\"><tbody><tr><td>Ma-pe<\/td><td> 8:00-21:00 <\/td><\/tr><tr><td>La<\/td><td> 9:00-18:00 <\/td><\/tr><tr><td>Su<\/td><td> 10:00-18:00 <\/td><\/tr><\/tbody><\/table>\n<\/div>\n\n\n\n<div class=\"wp-block-column is-layout-flow wp-block-column-is-layout-flow\"><style>.wp-block-kadence-column.kb-section-dir-horizontal > .kt-inside-inner-col > .kt-info-box2029_2157a2-40 .kt-blocks-info-box-link-wrap{max-width:unset;}.kt-info-box2029_2157a2-40 .kt-blocks-info-box-link-wrap{border-top-left-radius:0px;border-top-right-radius:0px;border-bottom-right-radius:0px;border-bottom-left-radius:0px;background:#f2f2f2;padding-top:20px;padding-right:20px;padding-bottom:20px;padding-left:20px;}.kt-info-box2029_2157a2-40 .kt-blocks-info-box-link-wrap:hover{background:#f2f2f2;}.kt-info-box2029_2157a2-40 .kadence-info-box-icon-container .kt-info-svg-icon, .kt-info-box2029_2157a2-40 .kt-info-svg-icon-flip, .kt-info-box2029_2157a2-40 .kt-blocks-info-box-number{font-size:50px;}.kt-info-box2029_2157a2-40 .kt-blocks-info-box-media{color:#444444;background:transparent;border-color:#444444;border-top-width:0px;border-right-width:0px;border-bottom-width:0px;border-left-width:0px;padding-top:10px;padding-right:10px;padding-bottom:10px;padding-left:10px;}.kt-info-box2029_2157a2-40 .kt-blocks-info-box-media-container{margin-top:0px;margin-right:15px;margin-bottom:0px;margin-left:15px;}.kt-info-box2029_2157a2-40 .kt-blocks-info-box-link-wrap:hover .kt-blocks-info-box-media{color:#444444;background:transparent;border-color:#444444;}.kt-info-box2029_2157a2-40 .kt-infobox-textcontent h2.kt-blocks-info-box-title{padding-top:0px;padding-right:0px;padding-bottom:0px;padding-left:0px;margin-top:5px;margin-right:0px;margin-bottom:10px;margin-left:0px;}.kt-info-box2029_2157a2-40 .kt-infobox-textcontent .kt-blocks-info-box-text{color:#555555;}.kt-info-box2029_2157a2-40 .kt-blocks-info-box-learnmore{background:transparent;border-color:#555555;border-width:0px 0px 0px 0px;padding-top:4px;padding-right:8px;padding-bottom:4px;padding-left:8px;margin-top:10px;margin-right:0px;margin-bottom:10px;margin-left:0px;}.kt-info-box2029_2157a2-40 .kt-blocks-info-box-link-wrap:hover .kt-blocks-info-box-learnmore,.kt-info-box2029_2157a2-40 .kt-blocks-info-box-link-wrap .kt-blocks-info-box-learnmore:focus{color:#ffffff;background:#444444;border-color:#444444;}<\/style>\n<div class=\"wp-block-kadence-infobox kt-info-box2029_2157a2-40\"><span class=\"kt-blocks-info-box-link-wrap info-box-link kt-blocks-info-box-media-align-top kt-info-halign-center\"><div class=\"kt-blocks-info-box-media-container\"><div class=\"kt-blocks-info-box-media kt-info-media-animate-none\"><div class=\"kadence-info-box-icon-container kt-info-icon-animate-none\"><div class=\"kadence-info-box-icon-inner-container\"><span class=\"kb-svg-icon-wrap kb-svg-icon-fe_alertOctagon kt-info-svg-icon\"><svg viewBox=\"0 0 24 24\"  fill=\"none\" stroke=\"currentColor\" stroke-width=\"2\" stroke-linecap=\"round\" stroke-linejoin=\"round\" xmlns=\"http:\/\/www.w3.org\/2000\/svg\"  aria-hidden=\"true\"><polygon points=\"7.86 2 16.14 2 22 7.86 22 16.14 16.14 22 7.86 22 2 16.14 2 7.86 7.86 2\"\/><line x1=\"12\" y1=\"8\" x2=\"12\" y2=\"12\"\/><line x1=\"12\" y1=\"16\" x2=\"12\" y2=\"16\"\/><\/svg><\/span><\/div><\/div><\/div><\/div><div class=\"kt-infobox-textcontent\"><h2 class=\"kt-blocks-info-box-title\">Huom<\/h2><p class=\"kt-blocks-info-box-text\"> Varmistathan lahjakorttia noutaessasi, ett\u00e4 joku on sinua vastassa!   Laajat aukioloaikamme koskevat etuk\u00e4teen varattuja hierontoja. Jotta   voimme tarjota asiakkaillemme edulliset hinnat my\u00f6s jatkossa, emme   valitettavasti pysty p\u00e4ivyst\u00e4m\u00e4\u00e4n vastaanotoissa. <\/p><\/div><\/span><\/div>\n<\/div>\n<\/div>\n\n\n\n<figure class=\"wp-block-embed is-type-video is-provider-vimeo wp-block-embed-vimeo wp-embed-aspect-16-9 wp-has-aspect-ratio\"><div class=\"wp-block-embed__wrapper\">\n<iframe loading=\"lazy\" title=\"Suomen Urheiluhierontakeskus\" src=\"https:\/\/player.vimeo.com\/video\/251645757?dnt=1&amp;app_id=122963\" width=\"1200\" height=\"675\" frameborder=\"0\" allow=\"autoplay; fullscreen; picture-in-picture; clipboard-write; encrypted-media; web-share\" referrerpolicy=\"strict-origin-when-cross-origin\"><\/iframe>\n<\/div><\/figure>\n\n\n<p><!--EndFragment--><\/p>\n<p><!--StartFragment--><\/p>\n<p><!--EndFragment--><\/p>","protected":false},"excerpt":{"rendered":"<p>\u00d7 Suomen Urheiluhierontakeskus SUHK oy on alunperin v. 2005 perustettu yritys, jonka tarkoitus on edist\u00e4\u00e4 suomalaista hyvinvointia. Hoitoprosessi perustuu saumattomaan yhteisty\u00f6h\u00f6n eri ammattikuntien v\u00e4lill\u00e4 ja laadukkaaseen palveluun. Toimimme Helsingiss\u00e4, Espoossa, Tampereella, Kuopiossa, Lahdessa ja Kirkkonummella. Aukioloajat Ma-pe 8:00-21:00 La 9:00-18:00 Su 10:00-18:00<\/p>\n","protected":false},"author":1,"featured_media":0,"parent":0,"menu_order":0,"comment_status":"closed","ping_status":"closed","template":"","meta":{"_acf_changed":false,"content-type":"","_uag_custom_page_level_css":"","footnotes":""},"class_list":{"0":"post-2029","1":"page","2":"type-page","3":"status-publish","5":"no-featured-image-padding"},"acf":[],"aioseo_notices":[],"featured_image_urls_v2":{"full":"","thumbnail":"","medium":"","medium_large":"","large":"","1536x1536":"","2048x2048":"","woocommerce_thumbnail":"","woocommerce_single":"","woocommerce_gallery_thumbnail":""},"post_excerpt_stackable_v2":"<p>\u00d7 Jari Antikainen Perustaja, hallituksen puheenjohtaja Lis\u00e4\u00e4 tietoa Petter Meyer Hallituksen j\u00e4sen Lis\u00e4\u00e4 tietoa Rami Luomanp\u00e4\u00e4 Toimitusjohtaja Lis\u00e4\u00e4 tietoa Mikko Virtala Palveluista vastaava johtaja, hallituksen j\u00e4sen Lis\u00e4\u00e4 tietoa Susanna Aronen Hallituksen j\u00e4sen Lis\u00e4\u00e4 tietoa Terhi Antikainen Perustaja, hallituksen j\u00e4sen Lis\u00e4\u00e4 tietoa Suomen Urheiluhierontakeskus SUHK oy on alunperin v. 2005 perustettu yritys, jonka tarkoitus on edist\u00e4\u00e4 suomalaista hyvinvointia. Hoitoprosessi perustuu saumattomaan yhteisty\u00f6h\u00f6n eri ammattikuntien v\u00e4lill\u00e4 ja laadukkaaseen palveluun. Toimimme Helsingiss\u00e4, Espoossa, Tampereella, Kuopiossa, Lahdessa ja Kirkkonummella. Aukioloajat Ma-pe 8:00-21:00 La 9:00-18:00 Su 10:00-18:00 Huom Varmistathan lahjakorttia noutaessasi, ett\u00e4 joku on sinua vastassa! Laajat aukioloaikamme koskevat etuk\u00e4teen varattuja hierontoja. Jotta voimme tarjota&hellip;<\/p>\n","category_list_v2":"","author_info_v2":{"name":"suhk_admin","url":"https:\/\/www.suomenurheiluhierontakeskus.fi\/fi\/author\/suhk_admin\/"},"comments_num_v2":"0 comments","uagb_featured_image_src":{"full":false,"thumbnail":false,"medium":false,"medium_large":false,"large":false,"1536x1536":false,"2048x2048":false,"woocommerce_thumbnail":false,"woocommerce_single":false,"woocommerce_gallery_thumbnail":false},"uagb_author_info":{"display_name":"suhk_admin","author_link":"https:\/\/www.suomenurheiluhierontakeskus.fi\/fi\/author\/suhk_admin\/"},"uagb_comment_info":0,"uagb_excerpt":"\u00d7 Suomen Urheiluhierontakeskus SUHK oy on alunperin v. 2005 perustettu yritys, jonka tarkoitus on edist\u00e4\u00e4 suomalaista hyvinvointia. Hoitoprosessi perustuu saumattomaan yhteisty\u00f6h\u00f6n eri ammattikuntien v\u00e4lill\u00e4 ja laadukkaaseen palveluun. Toimimme Helsingiss\u00e4, Espoossa, Tampereella, Kuopiossa, Lahdessa ja Kirkkonummella. Aukioloajat Ma-pe 8:00-21:00 La 9:00-18:00 Su 10:00-18:00","_links":{"self":[{"href":"https:\/\/www.suomenurheiluhierontakeskus.fi\/fi\/wp-json\/wp\/v2\/pages\/2029","targetHints":{"allow":["GET"]}}],"collection":[{"href":"https:\/\/www.suomenurheiluhierontakeskus.fi\/fi\/wp-json\/wp\/v2\/pages"}],"about":[{"href":"https:\/\/www.suomenurheiluhierontakeskus.fi\/fi\/wp-json\/wp\/v2\/types\/page"}],"author":[{"embeddable":true,"href":"https:\/\/www.suomenurheiluhierontakeskus.fi\/fi\/wp-json\/wp\/v2\/users\/1"}],"replies":[{"embeddable":true,"href":"https:\/\/www.suomenurheiluhierontakeskus.fi\/fi\/wp-json\/wp\/v2\/comments?post=2029"}],"version-history":[{"count":23,"href":"https:\/\/www.suomenurheiluhierontakeskus.fi\/fi\/wp-json\/wp\/v2\/pages\/2029\/revisions"}],"predecessor-version":[{"id":54013,"href":"https:\/\/www.suomenurheiluhierontakeskus.fi\/fi\/wp-json\/wp\/v2\/pages\/2029\/revisions\/54013"}],"wp:attachment":[{"href":"https:\/\/www.suomenurheiluhierontakeskus.fi\/fi\/wp-json\/wp\/v2\/media?parent=2029"}],"curies":[{"name":"wp","href":"https:\/\/api.w.org\/{rel}","templated":true}]}}