{"id":14809,"date":"2021-07-22T18:38:10","date_gmt":"2021-07-22T18:38:10","guid":{"rendered":"https:\/\/www.suomenurheiluhierontakeskus.fi\/?page_id=14809"},"modified":"2026-01-21T11:54:29","modified_gmt":"2026-01-21T11:54:29","slug":"helsinki-konala","status":"publish","type":"page","link":"https:\/\/www.suomenurheiluhierontakeskus.fi\/fi\/helsinki-konala\/","title":{"rendered":"Helsinki, Konala"},"content":{"rendered":"\n<div class=\"wp-block-columns is-layout-flex wp-container-core-columns-is-layout-9d6595d7 wp-block-columns-is-layout-flex\">\n<div class=\"wp-block-column is-layout-flow wp-block-column-is-layout-flow\">\n<h2 class=\"wp-block-heading\">Palvelut<\/h2>\n\n\n\n<p>Konalana palveluvalikoimaan kuuluvat:<\/p>\n\n\n\n<ul class=\"wp-block-list\">\n<li><a class=\"aioseop-link\" href=\"https:\/\/www.suomenurheiluhierontakeskus.fi\/fi\/palvelut-urheiluhieronta\/\">Urheiluhieronta<\/a><\/li>\n\n\n\n<li><a class=\"aioseop-link\" href=\"https:\/\/www.suomenurheiluhierontakeskus.fi\/fi\/palvelut-urheiluhieronta\/\">Hieronta<\/a><\/li>\n\n\n\n<li><a class=\"aioseop-link\" href=\"https:\/\/www.suomenurheiluhierontakeskus.fi\/fi\/osteopatia\/\">Osteopatia<\/a> <\/li>\n\n\n\n<li><a href=\"https:\/\/www.suomenurheiluhierontakeskus.fi\/fi\/fysioterapia\/\">Fysioterapia <\/a><\/li>\n\n\n\n<li><a class=\"aioseop-link\" href=\"https:\/\/www.suhkmama.fi\/\">SUHK Maman palvelut <\/a><\/li>\n<\/ul>\n\n\n\n<p>Konalan ammattitaitoisen&nbsp;<a href=\"https:\/\/www.suomenurheiluhierontakeskus.fi\/fi\/henkilosto\/#konala\" title=\"\">tiimin<\/a><a class=\"aioseop-link\" href=\"https:\/\/www.suomenurheiluhierontakeskus.fi\/fi\/henkilosto-new\/#espoonlahti\">&nbsp;<\/a>l\u00f6yd\u00e4t t\u00e4\u00e4lt\u00e4<\/p>\n\n\n\n<h2 class=\"wp-block-heading\">Ajanvaraus<\/h2>\n\n\n\n<p><a href=\"\/fi\/ajanvaraus\/konala#varauskohta\"><strong>Varaa aika Konalaan<\/strong><\/a><\/p>\n\n\n\n<h2 class=\"wp-block-heading\">Varatun ajan peruutus<\/h2>\n\n\n\n<p><a href=\"https:\/\/www.suomenurheiluhierontakeskus.fi\/fi\/ajanvarauksen-peruutus\/\">Lis\u00e4tietoa varauksen peruuttamisesta t\u00e4st\u00e4 linkist\u00e4.<\/a><\/p>\n<\/div>\n\n\n\n<div class=\"wp-block-column is-layout-flow wp-block-column-is-layout-flow\">\n<h2 class=\"wp-block-heading\">Konala<\/h2>\n\n\n\n<p><strong>SUHK Konala<\/strong><br>Konalantie 47 B 3 krs.<br>00390 Helsinki<br>p. 050 553 3437<\/p>\n\n\n\n<p>Mik\u00e4li emme p\u00e4\u00e4se vastaamaan puhelimeen, j\u00e4t\u00e4th\u00e4n viestin vastaajaan tai l\u00e4het\u00e4 meille tekstiviesti toimipisteen&nbsp;numeroon.<\/p>\n\n\n\n<figure><iframe src=\"https:\/\/www.google.com\/maps\/embed?pb=!1m18!1m12!1m3!1d1980.4375044801845!2d24.8431218159618!3d60.23968134473986!2m3!1f0!2f0!3f0!3m2!1i1024!2i768!4f13.1!3m3!1m2!1s0x468df7857ffa23ad%3A0x1b9ed24b4dd85af3!2sSuomen%20Urheiluhierontakeskus%20Konala!5e0!3m2!1sen!2sfi!4v1675842880175!5m2!1sen!2sfi\" width=\"500\" height=\"250\" style=\"border:0;\" allowfullscreen=\"\" loading=\"lazy\" referrerpolicy=\"no-referrer-when-downgrade\"><\/iframe><\/figure>\n<\/div>\n\n\n\n<div class=\"wp-block-column is-layout-flow wp-block-column-is-layout-flow\">\n<h2 class=\"wp-block-heading\">Liikenneyhteydet ja paikoitus<\/h2>\n\n\n\n<p>Sis\u00e4\u00e4nk\u00e4ynnin edess\u00e4 Konalantien varressa maksuttomia 1-2h pys\u00e4k\u00f6intipaikkoja.<\/p>\n\n\n\n<p>L\u00e4himm\u00e4lle Konalantien bussipys\u00e4kille on matkaa n. 50m ja Vihdintielle n. 400m.<\/p>\n\n\n\n<h2 class=\"wp-block-heading\">Faktat<\/h2>\n\n\n\n<p><strong>Perustettu:<\/strong> 2021<\/p>\n\n\n\n<p><strong>Hoitohuoneita:<\/strong> 7 kpl<\/p>\n\n\n\n<p><strong>Ammattilaisia:<\/strong>&nbsp;10 kpl<\/p>\n\n\n\n<p><strong>Tiiminvet\u00e4j\u00e4:<\/strong>\u00a0Netta Koso<\/p>\n<\/div>\n<\/div>\n","protected":false},"excerpt":{"rendered":"<p>Palvelut Konalana palveluvalikoimaan kuuluvat: Konalan ammattitaitoisen&nbsp;tiimin&nbsp;l\u00f6yd\u00e4t t\u00e4\u00e4lt\u00e4 Ajanvaraus Varaa aika Konalaan Varatun ajan peruutus Lis\u00e4tietoa varauksen peruuttamisesta t\u00e4st\u00e4 linkist\u00e4. Konala SUHK KonalaKonalantie 47 B 3 krs.00390 Helsinkip. 050 553 3437 Mik\u00e4li emme p\u00e4\u00e4se vastaamaan puhelimeen, j\u00e4t\u00e4th\u00e4n viestin vastaajaan tai l\u00e4het\u00e4 meille tekstiviesti toimipisteen&nbsp;numeroon. Liikenneyhteydet ja paikoitus Sis\u00e4\u00e4nk\u00e4ynnin edess\u00e4 Konalantien varressa maksuttomia 1-2h pys\u00e4k\u00f6intipaikkoja. L\u00e4himm\u00e4lle Konalantien &#8230; <\/p>\n<p class=\"read-more-container\"><a title=\"Helsinki, Konala\" class=\"read-more button\" href=\"https:\/\/www.suomenurheiluhierontakeskus.fi\/fi\/helsinki-konala\/#more-14809\" aria-label=\"Lue lis\u00e4\u00e4 aiheesta Helsinki, Konala\">Continue<\/a><\/p>\n","protected":false},"author":2,"featured_media":0,"parent":0,"menu_order":0,"comment_status":"closed","ping_status":"closed","template":"","meta":{"_acf_changed":false,"content-type":"","_uag_custom_page_level_css":"","footnotes":""},"class_list":{"0":"post-14809","1":"page","2":"type-page","3":"status-publish","5":"no-featured-image-padding"},"acf":[],"aioseo_notices":[],"featured_image_urls_v2":{"full":"","thumbnail":"","medium":"","medium_large":"","large":"","1536x1536":"","2048x2048":"","woocommerce_thumbnail":"","woocommerce_single":"","woocommerce_gallery_thumbnail":""},"post_excerpt_stackable_v2":"<p>Palvelut Konalana palveluvalikoimaan kuuluvat: Urheiluhieronta Hieronta Osteopatia Fysioterapia SUHK Maman palvelut Konalan ammattitaitoisen&nbsp;tiimin&nbsp;l\u00f6yd\u00e4t t\u00e4\u00e4lt\u00e4 Ajanvaraus Varaa aika Konalaan Varatun ajan peruutus Lis\u00e4tietoa varauksen peruuttamisesta t\u00e4st\u00e4 linkist\u00e4. Konala SUHK KonalaKonalantie 47 B 3 krs.00390 Helsinkip. 050 553 3437 Mik\u00e4li emme p\u00e4\u00e4se vastaamaan puhelimeen, j\u00e4t\u00e4th\u00e4n viestin vastaajaan tai l\u00e4het\u00e4 meille tekstiviesti toimipisteen&nbsp;numeroon. Liikenneyhteydet ja paikoitus Sis\u00e4\u00e4nk\u00e4ynnin edess\u00e4 Konalantien varressa maksuttomia 1-2h pys\u00e4k\u00f6intipaikkoja. L\u00e4himm\u00e4lle Konalantien bussipys\u00e4kille on matkaa n. 50m ja Vihdintielle n. 400m. Faktat Perustettu: 2021 Hoitohuoneita: 7 kpl Ammattilaisia:&nbsp;10 kpl Tiiminvet\u00e4j\u00e4:\u00a0Netta Koso<\/p>\n","category_list_v2":"","author_info_v2":{"name":"Mikko Virtala","url":"https:\/\/www.suomenurheiluhierontakeskus.fi\/fi\/author\/mikko-virtala\/"},"comments_num_v2":"0 comments","uagb_featured_image_src":{"full":false,"thumbnail":false,"medium":false,"medium_large":false,"large":false,"1536x1536":false,"2048x2048":false,"woocommerce_thumbnail":false,"woocommerce_single":false,"woocommerce_gallery_thumbnail":false},"uagb_author_info":{"display_name":"Mikko Virtala","author_link":"https:\/\/www.suomenurheiluhierontakeskus.fi\/fi\/author\/mikko-virtala\/"},"uagb_comment_info":0,"uagb_excerpt":"Palvelut Konalana palveluvalikoimaan kuuluvat: Konalan ammattitaitoisen&nbsp;tiimin&nbsp;l\u00f6yd\u00e4t t\u00e4\u00e4lt\u00e4 Ajanvaraus Varaa aika Konalaan Varatun ajan peruutus Lis\u00e4tietoa varauksen peruuttamisesta t\u00e4st\u00e4 linkist\u00e4. Konala SUHK KonalaKonalantie 47 B 3 krs.00390 Helsinkip. 050 553 3437 Mik\u00e4li emme p\u00e4\u00e4se vastaamaan puhelimeen, j\u00e4t\u00e4th\u00e4n viestin vastaajaan tai l\u00e4het\u00e4 meille tekstiviesti toimipisteen&nbsp;numeroon. Liikenneyhteydet ja paikoitus Sis\u00e4\u00e4nk\u00e4ynnin edess\u00e4 Konalantien varressa maksuttomia 1-2h pys\u00e4k\u00f6intipaikkoja. L\u00e4himm\u00e4lle Konalantien&hellip;","_links":{"self":[{"href":"https:\/\/www.suomenurheiluhierontakeskus.fi\/fi\/wp-json\/wp\/v2\/pages\/14809","targetHints":{"allow":["GET"]}}],"collection":[{"href":"https:\/\/www.suomenurheiluhierontakeskus.fi\/fi\/wp-json\/wp\/v2\/pages"}],"about":[{"href":"https:\/\/www.suomenurheiluhierontakeskus.fi\/fi\/wp-json\/wp\/v2\/types\/page"}],"author":[{"embeddable":true,"href":"https:\/\/www.suomenurheiluhierontakeskus.fi\/fi\/wp-json\/wp\/v2\/users\/2"}],"replies":[{"embeddable":true,"href":"https:\/\/www.suomenurheiluhierontakeskus.fi\/fi\/wp-json\/wp\/v2\/comments?post=14809"}],"version-history":[{"count":16,"href":"https:\/\/www.suomenurheiluhierontakeskus.fi\/fi\/wp-json\/wp\/v2\/pages\/14809\/revisions"}],"predecessor-version":[{"id":59316,"href":"https:\/\/www.suomenurheiluhierontakeskus.fi\/fi\/wp-json\/wp\/v2\/pages\/14809\/revisions\/59316"}],"wp:attachment":[{"href":"https:\/\/www.suomenurheiluhierontakeskus.fi\/fi\/wp-json\/wp\/v2\/media?parent=14809"}],"curies":[{"name":"wp","href":"https:\/\/api.w.org\/{rel}","templated":true}]}}