{"id":1001,"date":"2020-02-18T07:06:59","date_gmt":"2020-02-18T07:06:59","guid":{"rendered":"https:\/\/new.suomenurheiluhierontakeskus.fi\/?page_id=1001"},"modified":"2025-10-31T19:49:21","modified_gmt":"2025-10-31T19:49:21","slug":"ajanvaraus","status":"publish","type":"page","link":"https:\/\/www.suomenurheiluhierontakeskus.fi\/fi\/ajanvaraus\/","title":{"rendered":"Ajanvaraus"},"content":{"rendered":"\n<p>Varaustietoja t\u00e4ytt\u00e4ess\u00e4 tarkista s\u00e4hk\u00f6postiosoitteesi oikeellisuus, sill\u00e4 varausvahvistus l\u00e4hetet\u00e4\u00e4n aina s\u00e4hk\u00f6postiisi! <\/p>\n\n\n\n<p>Oletko oikeutettu alennukseen, k\u00e4ytt\u00e4m\u00e4ss\u00e4 lahjakorttia tai hy\u00f6dynt\u00e4m\u00e4ss\u00e4 tarjousta? Lahjakortin tietoja ei tarvitse sy\u00f6tt\u00e4\u00e4 ajanvaraukseen. Ota lahjakortti tai sen tiedot mukaan varatulle ajalle. Mahdolliset alennukset lasketaan kassalla paikan p\u00e4\u00e4ll\u00e4.<\/p>\n\n\n\n<p>Onko sinulla k\u00e4yt\u00f6ss\u00e4si hieronta-, hyvinvointi- tai terveysetuja? Edenredin, Epassin ja Smartumin edut toimivat maksuv\u00e4lineen\u00e4 hierontaan. Osa eduista k\u00e4y my\u00f6s fysioterapiaan ja osteopatiaan sek\u00e4 maksutapana <a href=\"https:\/\/www.suomenurheiluhierontakeskus.fi\/fi\/verkkokauppa\/\" title=\"verkkokaupassa\">verkkokaupassa<\/a>.<\/p>\n\n\n\n<div id=\"nettivaraus6-container\"><\/div><script type=\"text\/javascript\" src=\"https:\/\/nettivaraus6.ajas.fi\/scripts\/iframe-embed.php?lid=edf3c841d6c2&lang=fi\"><\/script>\n\n\n\n<p>Uuden lain mukaan kaikkien terveydenhuollon s\u00e4hk\u00f6ist\u00e4 potilastietoj\u00e4rjestelm\u00e4\u00e4 k\u00e4ytt\u00e4vien on viet\u00e4v\u00e4 kirjaukset Omakantaan asiakkaiden n\u00e4ht\u00e4ville. T\u00e4h\u00e4n tarvitaan asiakkaan henkil\u00f6tunnus. J\u00e4rjestelm\u00e4st\u00e4 aiheutuvien kustannusten vuoksi perimme uusilta asiakkailta kertaluonteisen 3 \u20ac kantamaksun. Sunnuntaisin ja pyh\u00e4p\u00e4ivin\u00e4 hintaan lis\u00e4t\u00e4\u00e4n 5 \u20ac sunnuntailis\u00e4.<\/p>\n\n\n\n<p>Jos et pysty k\u00e4ytt\u00e4m\u00e4\u00e4n varaamaasi aikaa, niin peruutathan varauksen mahdollisimman pikaisesti, jotta aika on k\u00e4ytett\u00e4viss\u00e4 muille asiakkaille. Varatun ajan voit peruuttaa <a href=\"https:\/\/www.suomenurheiluhierontakeskus.fi\/fi\/ajanvarauksen-peruutus\/\">t\u00e4\u00e4lt\u00e4.<\/a><\/p>\n","protected":false},"excerpt":{"rendered":"<p>Varaustietoja t\u00e4ytt\u00e4ess\u00e4 tarkista s\u00e4hk\u00f6postiosoitteesi oikeellisuus, sill\u00e4 varausvahvistus l\u00e4hetet\u00e4\u00e4n aina s\u00e4hk\u00f6postiisi! Oletko oikeutettu alennukseen, k\u00e4ytt\u00e4m\u00e4ss\u00e4 lahjakorttia tai hy\u00f6dynt\u00e4m\u00e4ss\u00e4 tarjousta? Lahjakortin tietoja ei tarvitse sy\u00f6tt\u00e4\u00e4 ajanvaraukseen. Ota lahjakortti tai sen tiedot mukaan varatulle ajalle. Mahdolliset alennukset lasketaan kassalla paikan p\u00e4\u00e4ll\u00e4. Onko sinulla k\u00e4yt\u00f6ss\u00e4si hieronta-, hyvinvointi- tai terveysetuja? Edenredin, Epassin ja Smartumin edut toimivat maksuv\u00e4lineen\u00e4 hierontaan. Osa eduista &#8230; <\/p>\n<p class=\"read-more-container\"><a title=\"Ajanvaraus\" class=\"read-more button\" href=\"https:\/\/www.suomenurheiluhierontakeskus.fi\/fi\/ajanvaraus\/#more-1001\" aria-label=\"Lue lis\u00e4\u00e4 aiheesta Ajanvaraus\">Continue<\/a><\/p>\n","protected":false},"author":1,"featured_media":0,"parent":0,"menu_order":0,"comment_status":"closed","ping_status":"closed","template":"","meta":{"_acf_changed":false,"content-type":"","_uag_custom_page_level_css":"","footnotes":""},"class_list":{"0":"post-1001","1":"page","2":"type-page","3":"status-publish","5":"no-featured-image-padding"},"acf":[],"aioseo_notices":[],"featured_image_urls_v2":{"full":"","thumbnail":"","medium":"","medium_large":"","large":"","1536x1536":"","2048x2048":"","woocommerce_thumbnail":"","woocommerce_single":"","woocommerce_gallery_thumbnail":""},"post_excerpt_stackable_v2":"<p>Varaustietoja t\u00e4ytt\u00e4ess\u00e4 tarkista s\u00e4hk\u00f6postiosoitteesi oikeellisuus, sill\u00e4 varausvahvistus l\u00e4hetet\u00e4\u00e4n aina s\u00e4hk\u00f6postiisi! Oletko oikeutettu alennukseen, k\u00e4ytt\u00e4m\u00e4ss\u00e4 lahjakorttia tai hy\u00f6dynt\u00e4m\u00e4ss\u00e4 tarjousta? Lahjakortin tietoja ei tarvitse sy\u00f6tt\u00e4\u00e4 ajanvaraukseen. Ota lahjakortti tai sen tiedot mukaan varatulle ajalle. Mahdolliset alennukset lasketaan kassalla paikan p\u00e4\u00e4ll\u00e4. Onko sinulla k\u00e4yt\u00f6ss\u00e4si hieronta-, hyvinvointi- tai terveysetuja? Edenredin, Epassin ja Smartumin edut toimivat maksuv\u00e4lineen\u00e4 hierontaan. Osa eduista k\u00e4y my\u00f6s fysioterapiaan ja osteopatiaan sek\u00e4 maksutapana verkkokaupassa. Uuden lain mukaan kaikkien terveydenhuollon s\u00e4hk\u00f6ist\u00e4 potilastietoj\u00e4rjestelm\u00e4\u00e4 k\u00e4ytt\u00e4vien on viet\u00e4v\u00e4 kirjaukset Omakantaan asiakkaiden n\u00e4ht\u00e4ville. T\u00e4h\u00e4n tarvitaan asiakkaan henkil\u00f6tunnus. J\u00e4rjestelm\u00e4st\u00e4 aiheutuvien kustannusten vuoksi perimme uusilta asiakkailta kertaluonteisen 3 \u20ac kantamaksun. Sunnuntaisin ja pyh\u00e4p\u00e4ivin\u00e4 hintaan lis\u00e4t\u00e4\u00e4n 5 \u20ac sunnuntailis\u00e4.&hellip;<\/p>\n","category_list_v2":"","author_info_v2":{"name":"suhk_admin","url":"https:\/\/www.suomenurheiluhierontakeskus.fi\/fi\/author\/suhk_admin\/"},"comments_num_v2":"0 comments","uagb_featured_image_src":{"full":false,"thumbnail":false,"medium":false,"medium_large":false,"large":false,"1536x1536":false,"2048x2048":false,"woocommerce_thumbnail":false,"woocommerce_single":false,"woocommerce_gallery_thumbnail":false},"uagb_author_info":{"display_name":"suhk_admin","author_link":"https:\/\/www.suomenurheiluhierontakeskus.fi\/fi\/author\/suhk_admin\/"},"uagb_comment_info":0,"uagb_excerpt":"Varaustietoja t\u00e4ytt\u00e4ess\u00e4 tarkista s\u00e4hk\u00f6postiosoitteesi oikeellisuus, sill\u00e4 varausvahvistus l\u00e4hetet\u00e4\u00e4n aina s\u00e4hk\u00f6postiisi! Oletko oikeutettu alennukseen, k\u00e4ytt\u00e4m\u00e4ss\u00e4 lahjakorttia tai hy\u00f6dynt\u00e4m\u00e4ss\u00e4 tarjousta? Lahjakortin tietoja ei tarvitse sy\u00f6tt\u00e4\u00e4 ajanvaraukseen. Ota lahjakortti tai sen tiedot mukaan varatulle ajalle. Mahdolliset alennukset lasketaan kassalla paikan p\u00e4\u00e4ll\u00e4. Onko sinulla k\u00e4yt\u00f6ss\u00e4si hieronta-, hyvinvointi- tai terveysetuja? Edenredin, Epassin ja Smartumin edut toimivat maksuv\u00e4lineen\u00e4 hierontaan. Osa eduista&hellip;","_links":{"self":[{"href":"https:\/\/www.suomenurheiluhierontakeskus.fi\/fi\/wp-json\/wp\/v2\/pages\/1001","targetHints":{"allow":["GET"]}}],"collection":[{"href":"https:\/\/www.suomenurheiluhierontakeskus.fi\/fi\/wp-json\/wp\/v2\/pages"}],"about":[{"href":"https:\/\/www.suomenurheiluhierontakeskus.fi\/fi\/wp-json\/wp\/v2\/types\/page"}],"author":[{"embeddable":true,"href":"https:\/\/www.suomenurheiluhierontakeskus.fi\/fi\/wp-json\/wp\/v2\/users\/1"}],"replies":[{"embeddable":true,"href":"https:\/\/www.suomenurheiluhierontakeskus.fi\/fi\/wp-json\/wp\/v2\/comments?post=1001"}],"version-history":[{"count":40,"href":"https:\/\/www.suomenurheiluhierontakeskus.fi\/fi\/wp-json\/wp\/v2\/pages\/1001\/revisions"}],"predecessor-version":[{"id":54725,"href":"https:\/\/www.suomenurheiluhierontakeskus.fi\/fi\/wp-json\/wp\/v2\/pages\/1001\/revisions\/54725"}],"wp:attachment":[{"href":"https:\/\/www.suomenurheiluhierontakeskus.fi\/fi\/wp-json\/wp\/v2\/media?parent=1001"}],"curies":[{"name":"wp","href":"https:\/\/api.w.org\/{rel}","templated":true}]}}