{"id":1491,"date":"2020-02-25T08:37:27","date_gmt":"2020-02-25T08:37:27","guid":{"rendered":"https:\/\/new.suomenurheiluhierontakeskus.fi\/?page_id=1491"},"modified":"2024-11-29T19:47:57","modified_gmt":"2024-11-29T19:47:57","slug":"frontpage","status":"publish","type":"page","link":"https:\/\/www.suomenurheiluhierontakeskus.fi\/en\/frontpage\/","title":{"rendered":"Frontpage"},"content":{"rendered":"\n<div class=\"wp-block-stackable-hero alignfull stk-block-hero stk-block stk-b89f94d stk-block-background is-style-horizontal stk--has-background-overlay\" data-v=\"2\" data-block-id=\"b89f94d\"><style>.stk-b89f94d-inner-blocks{justify-content:center !important;}.stk-b89f94d {background-image:url(https:\/\/www.suomenurheiluhierontakeskus.fi\/wp-content\/uploads\/2023\/01\/Tampere-aula.jpeg) !important;background-position:top right !important;background-size:cover !important;min-height:600px !important;}.stk-b89f94d:before{opacity:0 !important;}.stk-b89f94d .stk-block-hero__content{min-height:500px !important;padding-top:10px !important;padding-right:10px !important;padding-bottom:10px !important;padding-left:10px !important;}@media screen and (max-width: 767px){.stk-b89f94d {background-position:center center !important;min-height:500px !important;padding-top:10px !important;padding-right:10px !important;padding-bottom:10px !important;padding-left:10px !important;}}<\/style><div class=\"stk-block-hero__content stk-content-align stk-b89f94d-column alignfull stk-container stk-b89f94d-container stk--no-background stk--no-padding\"><div class=\"stk-block-content stk-inner-blocks has-text-align-right has-text-align-left-mobile stk--column-flex stk-b89f94d-inner-blocks\">\n<div class=\"wp-block-stackable-heading stk-block-heading stk-block-heading--v2 stk-block stk-84f43fa stk-block-background\" id=\"black-friday-30-off-30-m-massage-gift-card\" data-block-id=\"84f43fa\"><style>.stk-84f43fa {background-color:#133e7bff !important;border-top-left-radius:10px !important;border-top-right-radius:10px !important;border-bottom-right-radius:10px !important;border-bottom-left-radius:10px !important;overflow:hidden !important;max-width:450px !important;min-width:auto !important;margin-right:auto !important;margin-bottom:10px !important;margin-left:auto !important;}.stk-84f43fa:before{background-color:#133e7bff !important;}.stk-84f43fa .stk-block-heading__text{font-size:2.2em !important;color:var(--base-3) !important;font-weight:normal !important;font-style:normal !important;font-family:\"Oswald\", Sans-serif !important;letter-spacing:1px !important;}@media screen and (max-width: 1023px){.stk-84f43fa {max-width:380px !important;min-width:auto !important;}.stk-84f43fa .stk-block-heading__text{font-size:2em !important;}}@media screen and (max-width: 767px){.stk-84f43fa {max-width:280px !important;min-width:auto !important;margin-right:auto !important;margin-bottom:26px !important;margin-left:auto !important;}.stk-84f43fa .stk-block-heading__text{font-size:1.5em !important;}}<\/style><h3 class=\"stk-block-heading__text has-text-color has-base-3-color has-text-align-center stk-block-heading--use-theme-margins\">Sports Massage, Osteopathy &amp; Physiotherapy<\/h3><\/div>\n\n\n\n<div class=\"wp-block-stackable-button-group aligncenter stk-block-button-group stk-block stk-0308a62\" data-block-id=\"0308a62\"><style>.stk-0308a62 .stk-button-group{flex-direction:row !important;}@media screen and (max-width: 1023px){.stk-0308a62 .stk-button-group{flex-direction:row !important;}}@media screen and (max-width: 767px){.stk-0308a62 .stk-button-group{flex-direction:row !important;}}<\/style><div class=\"stk-row stk-inner-blocks stk-block-content stk-button-group\">\n<div class=\"wp-block-stackable-button stk-block-button has-text-align-center stk-block stk-e15af2a\" data-block-id=\"e15af2a\"><style>.stk-e15af2a .stk-button{background:var(--base-3) !important;border-top-left-radius:10px !important;border-top-right-radius:10px !important;border-bottom-right-radius:10px !important;border-bottom-left-radius:10px !important;}.stk-e15af2a .stk-button__inner-text{font-size:1.5em !important;color:var(--contrast) !important;font-weight:normal !important;text-transform:uppercase !important;font-family:\"Big Noodle\", Sans-serif !important;}@media screen and (max-width: 1023px){.stk-e15af2a .stk-button{border-top-left-radius:10px !important;border-top-right-radius:10px !important;border-bottom-right-radius:10px !important;border-bottom-left-radius:10px !important;}.stk-e15af2a .stk-button__inner-text{font-size:1.5em !important;}}@media screen and (max-width: 767px){.stk-e15af2a .stk-button__inner-text{font-size:1.4em !important;}}<\/style><a class=\"stk-link stk-button stk--hover-effect-darken\" href=\"https:\/\/www.suomenurheiluhierontakeskus.fi\/en\/booking\/\" target=\"_blank\" rel=\"noreferrer noopener\"><span class=\"has-text-color has-contrast-color stk-button__inner-text\">book an appointment &gt;<\/span><\/a><\/div>\n\n\n\n<div class=\"wp-block-stackable-button stk-block-button has-text-align-center stk-block stk-9c5d1de\" data-block-id=\"9c5d1de\"><style>.stk-9c5d1de .stk-button{background:var(--base-3) !important;border-top-left-radius:10px !important;border-top-right-radius:10px !important;border-bottom-right-radius:10px !important;border-bottom-left-radius:10px !important;}.stk-9c5d1de .stk-button__inner-text{font-size:1.5em !important;color:var(--contrast) !important;font-weight:normal !important;text-transform:uppercase !important;font-family:\"Big Noodle\", Sans-serif !important;}@media screen and (max-width: 1023px){.stk-9c5d1de .stk-button{border-top-left-radius:10px !important;border-top-right-radius:10px !important;border-bottom-right-radius:10px !important;border-bottom-left-radius:10px !important;}.stk-9c5d1de .stk-button__inner-text{font-size:1.5em !important;}}@media screen and (max-width: 767px){.stk-9c5d1de .stk-button__inner-text{font-size:1.4em !important;}}<\/style><a class=\"stk-link stk-button stk--hover-effect-darken\" href=\"https:\/\/www.suomenurheiluhierontakeskus.fi\/fi\/verkkokauppa\/\/\" target=\"_blank\" rel=\"noreferrer noopener\"><span class=\"has-text-color has-contrast-color stk-button__inner-text\">buy gift cards online (FI) ><\/span><\/a><\/div>\n<\/div><\/div>\n<\/div><\/div><\/div>\n\n\n<style>.kb-row-layout-wrap.wp-block-kadence-rowlayout.kb-row-layout-id1491_43208b-93{margin-bottom:0px;}.kb-row-layout-id1491_43208b-93 > .kt-row-column-wrap{align-content:start;}:where(.kb-row-layout-id1491_43208b-93 > .kt-row-column-wrap) > .wp-block-kadence-column{justify-content:start;}.kb-row-layout-id1491_43208b-93 > .kt-row-column-wrap{column-gap:var(--global-kb-gap-md, 2rem);row-gap:var(--global-kb-gap-md, 2rem);padding-top:25px;padding-right:25px;padding-bottom:25px;padding-left:25px;}.kb-row-layout-id1491_43208b-93 > .kt-row-column-wrap > div:not(.added-for-specificity){grid-column:initial;}.kb-row-layout-id1491_43208b-93 > .kt-row-column-wrap{grid-template-columns:repeat(3, minmax(0, 1fr));}.kb-row-layout-id1491_43208b-93 > .kt-row-layout-overlay{opacity:0.30;}.kb-row-layout-id1491_43208b-93 .kt-row-layout-bottom-sep{height:100px;}.kb-row-layout-id1491_43208b-93 .kt-row-layout-bottom-sep svg{width:100%;}.kb-row-layout-id1491_43208b-93 .kt-row-layout-bottom-sep svg{fill:#ffffff!important;}@media all and (max-width: 1024px){.kb-row-layout-id1491_43208b-93 > .kt-row-column-wrap > div:not(.added-for-specificity){grid-column:initial;}}@media all and (max-width: 1024px){.kb-row-layout-id1491_43208b-93 > .kt-row-column-wrap{grid-template-columns:repeat(3, minmax(0, 1fr));}}@media all and (max-width: 1024px){.kb-row-layout-id1491_43208b-93 .kt-row-layout-bottom-sep{height:px;}}@media all and (max-width: 1024px){.kb-row-layout-id1491_43208b-93 .kt-row-layout-bottom-sep svg{width:%;}}@media all and (max-width: 767px){.kb-row-layout-id1491_43208b-93 > .kt-row-column-wrap > div:not(.added-for-specificity){grid-column:initial;}.kb-row-layout-id1491_43208b-93 > .kt-row-column-wrap{grid-template-columns:minmax(0, 1fr);}.kb-row-layout-id1491_43208b-93 .kt-row-layout-bottom-sep{height:px;}.kb-row-layout-id1491_43208b-93 .kt-row-layout-bottom-sep svg{width:%;}}<\/style><div class=\"kb-row-layout-wrap kb-row-layout-id1491_43208b-93 alignfull etusivun-lohkot wp-block-kadence-rowlayout\"><div class=\"kt-row-column-wrap kt-has-3-columns kt-row-layout-equal kt-tab-layout-inherit kt-mobile-layout-row kt-row-valign-top\">\n<style>.kadence-column1491_d5ffcc-f0 > .kt-inside-inner-col,.kadence-column1491_d5ffcc-f0 > .kt-inside-inner-col:before{border-top-left-radius:0px;border-top-right-radius:0px;border-bottom-right-radius:0px;border-bottom-left-radius:0px;}.kadence-column1491_d5ffcc-f0 > .kt-inside-inner-col{column-gap:var(--global-kb-gap-sm, 1rem);}.kadence-column1491_d5ffcc-f0 > .kt-inside-inner-col{flex-direction:column;}.kadence-column1491_d5ffcc-f0 > .kt-inside-inner-col > .aligncenter{width:100%;}.kadence-column1491_d5ffcc-f0 > .kt-inside-inner-col:before{opacity:0.3;}.kadence-column1491_d5ffcc-f0{position:relative;}@media all and (max-width: 1024px){.kadence-column1491_d5ffcc-f0 > .kt-inside-inner-col{flex-direction:column;justify-content:center;}}@media all and (max-width: 767px){.kadence-column1491_d5ffcc-f0 > .kt-inside-inner-col{flex-direction:column;justify-content:center;}}<\/style>\n<div class=\"wp-block-kadence-column kadence-column1491_d5ffcc-f0 inner-column-1\"><div class=\"kt-inside-inner-col\"><style>.wp-block-kadence-advancedheading.kt-adv-heading1491_016465-fa, .wp-block-kadence-advancedheading.kt-adv-heading1491_016465-fa[data-kb-block=\"kb-adv-heading1491_016465-fa\"]{font-weight:normal;font-style:normal;}.wp-block-kadence-advancedheading.kt-adv-heading1491_016465-fa mark.kt-highlight, .wp-block-kadence-advancedheading.kt-adv-heading1491_016465-fa[data-kb-block=\"kb-adv-heading1491_016465-fa\"] mark.kt-highlight{font-weight:normal;font-style:normal;color:#f76a0c;-webkit-box-decoration-break:clone;box-decoration-break:clone;padding-top:0px;padding-right:0px;padding-bottom:0px;padding-left:0px;}.wp-block-kadence-advancedheading.kt-adv-heading1491_016465-fa img.kb-inline-image, .wp-block-kadence-advancedheading.kt-adv-heading1491_016465-fa[data-kb-block=\"kb-adv-heading1491_016465-fa\"] img.kb-inline-image{width:150px;vertical-align:baseline;}<\/style>\n<h2 class=\"kt-adv-heading1491_016465-fa h2-border1 wp-block-kadence-advancedheading\" data-kb-block=\"kb-adv-heading1491_016465-fa\">Booking<\/h2>\n\n\n\n<!-- [wp_show_posts id=\"197\"] -->\n\n\n<style>.kb-row-layout-wrap.wp-block-kadence-rowlayout.kb-row-layout-id1491_517f44-f0{margin-bottom:0px;}.kb-row-layout-id1491_517f44-f0 > .kt-row-column-wrap{align-content:start;}:where(.kb-row-layout-id1491_517f44-f0 > .kt-row-column-wrap) > .wp-block-kadence-column{justify-content:start;}.kb-row-layout-id1491_517f44-f0 > .kt-row-column-wrap{column-gap:20px;row-gap:var(--global-kb-gap-md, 2rem);padding-top:var(--global-kb-spacing-sm, 1.5rem);padding-bottom:var(--global-kb-spacing-sm, 1.5rem);grid-template-columns:repeat(2, minmax(0, 1fr));}.kb-row-layout-id1491_517f44-f0 > .kt-row-layout-overlay{opacity:0.30;}.kb-row-layout-id1491_517f44-f0 .kt-row-layout-bottom-sep{height:100px;}.kb-row-layout-id1491_517f44-f0 .kt-row-layout-bottom-sep svg{width:100%;}.kb-row-layout-id1491_517f44-f0 .kt-row-layout-bottom-sep svg{fill:#ffffff!important;}@media all and (max-width: 1024px){.kb-row-layout-id1491_517f44-f0 > .kt-row-column-wrap{grid-template-columns:minmax(0, 1fr);}}@media all and (max-width: 1024px){.kb-row-layout-id1491_517f44-f0 .kt-row-layout-bottom-sep{height:px;}}@media all and (max-width: 1024px){.kb-row-layout-id1491_517f44-f0 .kt-row-layout-bottom-sep svg{width:%;}}@media all and (max-width: 767px){.kb-row-layout-id1491_517f44-f0 > .kt-row-column-wrap{grid-template-columns:minmax(0, 1fr);}.kb-row-layout-id1491_517f44-f0 .kt-row-layout-bottom-sep{height:px;}.kb-row-layout-id1491_517f44-f0 .kt-row-layout-bottom-sep svg{width:%;}}<\/style><div class=\"kb-row-layout-wrap kb-row-layout-id1491_517f44-f0 alignwide booking-buttons wp-block-kadence-rowlayout\"><div class=\"kt-row-column-wrap kt-has-2-columns kt-row-layout-equal kt-tab-layout-row kt-mobile-layout-row kt-row-valign-top\">\n<style>.kadence-column1491_6ab741-66 > .kt-inside-inner-col,.kadence-column1491_6ab741-66 > .kt-inside-inner-col:before{border-top-left-radius:0px;border-top-right-radius:0px;border-bottom-right-radius:0px;border-bottom-left-radius:0px;}.kadence-column1491_6ab741-66 > .kt-inside-inner-col{column-gap:var(--global-kb-gap-sm, 1rem);}.kadence-column1491_6ab741-66 > .kt-inside-inner-col{flex-direction:column;}.kadence-column1491_6ab741-66 > .kt-inside-inner-col > .aligncenter{width:100%;}.kadence-column1491_6ab741-66 > .kt-inside-inner-col:before{opacity:0.3;}.kadence-column1491_6ab741-66{position:relative;}@media all and (max-width: 1024px){.kadence-column1491_6ab741-66 > .kt-inside-inner-col{flex-direction:column;justify-content:center;}}@media all and (max-width: 767px){.kadence-column1491_6ab741-66 > .kt-inside-inner-col{flex-direction:column;justify-content:center;}}<\/style>\n<div class=\"wp-block-kadence-column kadence-column1491_6ab741-66 inner-column-1\"><div class=\"kt-inside-inner-col\">\n<a class=\"button booking-btn\" href=\"\/en\/booking\/suomenoja\"><span>Suomenoja<\/span><\/a>\n<a class=\"button booking-btn\" href=\"\/en\/booking\/espoonlahti\"><span>Espoonlahti<\/span><\/a>\n<a class=\"button booking-btn\" href=\"\/en\/booking\/tapiola\"><span>Tapiola<\/span><\/a>\n<a class=\"button booking-btn\" href=\"\/en\/booking\/leppavaara\"><span>Lepp\u00e4vaara<\/span><\/a>\n<a class=\"button booking-btn\" href=\"\/en\/booking\/niittykumpu\"><span>Niittykumpu<\/span><\/a>\n<a class=\"button booking-btn\" href=\"\/en\/booking\/tampere\"><span>Tampere<\/span><\/a>\n<\/div><\/div>\n\n\n<style>.kadence-column1491_681f30-1b > .kt-inside-inner-col,.kadence-column1491_681f30-1b > .kt-inside-inner-col:before{border-top-left-radius:0px;border-top-right-radius:0px;border-bottom-right-radius:0px;border-bottom-left-radius:0px;}.kadence-column1491_681f30-1b > .kt-inside-inner-col{column-gap:var(--global-kb-gap-sm, 1rem);}.kadence-column1491_681f30-1b > .kt-inside-inner-col{flex-direction:column;}.kadence-column1491_681f30-1b > .kt-inside-inner-col > .aligncenter{width:100%;}.kadence-column1491_681f30-1b > .kt-inside-inner-col:before{opacity:0.3;}.kadence-column1491_681f30-1b{position:relative;}@media all and (max-width: 1024px){.kadence-column1491_681f30-1b > .kt-inside-inner-col{flex-direction:column;justify-content:center;}}@media all and (max-width: 767px){.kadence-column1491_681f30-1b > .kt-inside-inner-col{flex-direction:column;justify-content:center;}}<\/style>\n<div class=\"wp-block-kadence-column kadence-column1491_681f30-1b inner-column-2\"><div class=\"kt-inside-inner-col\">\n<a class=\"button booking-btn\" href=\"\/en\/booking\/kamppi\"><span>Kamppi<\/span><\/a>\n<a class=\"button booking-btn\" href=\"\/en\/booking\/kapyla\"><span>K\u00e4pyl\u00e4<\/span><\/a>\n<a class=\"button booking-btn\" href=\"\/en\/booking\/etu-toolo\"><span>Etu-T\u00f6\u00f6l\u00f6<\/span><\/a>\n<a class=\"button booking-btn\" href=\"\/en\/booking\/kirkkonummi\"><span>Kirkkonummi<\/span><\/a>\n<a class=\"button booking-btn\" href=\"\/en\/booking\/konala\"><span>Konala<\/span><\/a>\n<\/div><\/div>\n\n<\/div><\/div><\/div><\/div>\n\n\n<style>.kadence-column1491_40c314-47 > .kt-inside-inner-col,.kadence-column1491_40c314-47 > .kt-inside-inner-col:before{border-top-left-radius:0px;border-top-right-radius:0px;border-bottom-right-radius:0px;border-bottom-left-radius:0px;}.kadence-column1491_40c314-47 > .kt-inside-inner-col{column-gap:var(--global-kb-gap-sm, 1rem);}.kadence-column1491_40c314-47 > .kt-inside-inner-col{flex-direction:column;}.kadence-column1491_40c314-47 > .kt-inside-inner-col > .aligncenter{width:100%;}.kadence-column1491_40c314-47 > .kt-inside-inner-col:before{opacity:0.3;}.kadence-column1491_40c314-47{position:relative;}@media all and (max-width: 1024px){.kadence-column1491_40c314-47 > .kt-inside-inner-col{flex-direction:column;justify-content:center;}}@media all and (max-width: 767px){.kadence-column1491_40c314-47 > .kt-inside-inner-col{flex-direction:column;justify-content:center;}}<\/style>\n<div class=\"wp-block-kadence-column kadence-column1491_40c314-47 inner-column-2\"><div class=\"kt-inside-inner-col\"><style>.wp-block-kadence-advancedheading.kt-adv-heading1491_2b2e6a-28, .wp-block-kadence-advancedheading.kt-adv-heading1491_2b2e6a-28[data-kb-block=\"kb-adv-heading1491_2b2e6a-28\"]{font-weight:normal;font-style:normal;}.wp-block-kadence-advancedheading.kt-adv-heading1491_2b2e6a-28 mark.kt-highlight, .wp-block-kadence-advancedheading.kt-adv-heading1491_2b2e6a-28[data-kb-block=\"kb-adv-heading1491_2b2e6a-28\"] mark.kt-highlight{font-weight:normal;font-style:normal;color:#f76a0c;-webkit-box-decoration-break:clone;box-decoration-break:clone;padding-top:0px;padding-right:0px;padding-bottom:0px;padding-left:0px;}.wp-block-kadence-advancedheading.kt-adv-heading1491_2b2e6a-28 img.kb-inline-image, .wp-block-kadence-advancedheading.kt-adv-heading1491_2b2e6a-28[data-kb-block=\"kb-adv-heading1491_2b2e6a-28\"] img.kb-inline-image{width:150px;vertical-align:baseline;}<\/style>\n<h2 class=\"kt-adv-heading1491_2b2e6a-28 h2-border2 wp-block-kadence-advancedheading\" data-kb-block=\"kb-adv-heading1491_2b2e6a-28\">About Us<\/h2>\n\n\n\n<p>SUHK is a family company originally founded in 2005, with the mission to support well-being in Finland. The treatment process is based on high-quality service and seamless cooperation between different healthcare professionals such as physiotherapists, osteopaths and sports masseurs. We have 11 locations in Helsinki, Espoo, Kirkkonummi and Tampere.<\/p>\n\n\n<style>.wp-block-kadence-advancedheading.kt-adv-heading1491_2a4420-00, .wp-block-kadence-advancedheading.kt-adv-heading1491_2a4420-00[data-kb-block=\"kb-adv-heading1491_2a4420-00\"]{font-weight:normal;font-style:normal;}.wp-block-kadence-advancedheading.kt-adv-heading1491_2a4420-00 mark.kt-highlight, .wp-block-kadence-advancedheading.kt-adv-heading1491_2a4420-00[data-kb-block=\"kb-adv-heading1491_2a4420-00\"] mark.kt-highlight{font-weight:normal;font-style:normal;color:#f76a0c;-webkit-box-decoration-break:clone;box-decoration-break:clone;padding-top:0px;padding-right:0px;padding-bottom:0px;padding-left:0px;}.wp-block-kadence-advancedheading.kt-adv-heading1491_2a4420-00 img.kb-inline-image, .wp-block-kadence-advancedheading.kt-adv-heading1491_2a4420-00[data-kb-block=\"kb-adv-heading1491_2a4420-00\"] img.kb-inline-image{width:150px;vertical-align:baseline;}<\/style>\n<h2 class=\"kt-adv-heading1491_2a4420-00 h2-border2 wp-block-kadence-advancedheading\" data-kb-block=\"kb-adv-heading1491_2a4420-00\">SUHK Mama &#8211; For Women&#8217;s Health &amp; Maternity Services<\/h2>\n\n\n\n<figure class=\"wp-block-image size-large\"><a href=\"https:\/\/www.suhkmama.fi\/\"><img loading=\"lazy\" decoding=\"async\" width=\"1024\" height=\"581\" src=\"https:\/\/www.suomenurheiluhierontakeskus.fi\/wp-content\/uploads\/2023\/03\/SUHK-MAMA-logo-1024x581.png\" alt=\"SUHK Mama logo\" class=\"wp-image-35944\" srcset=\"https:\/\/www.suomenurheiluhierontakeskus.fi\/wp-content\/uploads\/2023\/03\/SUHK-MAMA-logo-1024x581.png 1024w, https:\/\/www.suomenurheiluhierontakeskus.fi\/wp-content\/uploads\/2023\/03\/SUHK-MAMA-logo-300x170.png 300w, https:\/\/www.suomenurheiluhierontakeskus.fi\/wp-content\/uploads\/2023\/03\/SUHK-MAMA-logo-768x436.png 768w, https:\/\/www.suomenurheiluhierontakeskus.fi\/wp-content\/uploads\/2023\/03\/SUHK-MAMA-logo-600x340.png 600w, https:\/\/www.suomenurheiluhierontakeskus.fi\/wp-content\/uploads\/2023\/03\/SUHK-MAMA-logo.png 1232w\" sizes=\"auto, (max-width: 1024px) 100vw, 1024px\" \/><\/a><\/figure>\n<\/div><\/div>\n\n\n<style>.kadence-column1491_7937aa-97 > .kt-inside-inner-col,.kadence-column1491_7937aa-97 > .kt-inside-inner-col:before{border-top-left-radius:0px;border-top-right-radius:0px;border-bottom-right-radius:0px;border-bottom-left-radius:0px;}.kadence-column1491_7937aa-97 > .kt-inside-inner-col{column-gap:var(--global-kb-gap-sm, 1rem);}.kadence-column1491_7937aa-97 > .kt-inside-inner-col{flex-direction:column;}.kadence-column1491_7937aa-97 > .kt-inside-inner-col > .aligncenter{width:100%;}.kadence-column1491_7937aa-97 > .kt-inside-inner-col:before{opacity:0.3;}.kadence-column1491_7937aa-97{position:relative;}@media all and (max-width: 1024px){.kadence-column1491_7937aa-97 > .kt-inside-inner-col{flex-direction:column;justify-content:center;}}@media all and (max-width: 767px){.kadence-column1491_7937aa-97 > .kt-inside-inner-col{flex-direction:column;justify-content:center;}}<\/style>\n<div class=\"wp-block-kadence-column kadence-column1491_7937aa-97 inner-column-3\"><div class=\"kt-inside-inner-col\">\n<h2 class=\"wp-block-heading\">Pay with Work Benefits<\/h2>\n\n\n\n<figure class=\"wp-block-image size-full\"><img loading=\"lazy\" decoding=\"async\" width=\"1024\" height=\"444\" src=\"https:\/\/www.suomenurheiluhierontakeskus.fi\/wp-content\/uploads\/2023\/10\/Maksutapalogoelma.png\" alt=\"Hierontaedut Samrtum, Edenred ja ePassi\" class=\"wp-image-39758\" srcset=\"https:\/\/www.suomenurheiluhierontakeskus.fi\/wp-content\/uploads\/2023\/10\/Maksutapalogoelma.png 1024w, https:\/\/www.suomenurheiluhierontakeskus.fi\/wp-content\/uploads\/2023\/10\/Maksutapalogoelma-300x130.png 300w, https:\/\/www.suomenurheiluhierontakeskus.fi\/wp-content\/uploads\/2023\/10\/Maksutapalogoelma-768x333.png 768w, https:\/\/www.suomenurheiluhierontakeskus.fi\/wp-content\/uploads\/2023\/10\/Maksutapalogoelma-600x260.png 600w\" sizes=\"auto, (max-width: 1024px) 100vw, 1024px\" \/><\/figure>\n\n\n\n<p><\/p>\n\n\n<style>.wp-block-kadence-advancedheading.kt-adv-heading1491_08e5aa-e7, .wp-block-kadence-advancedheading.kt-adv-heading1491_08e5aa-e7[data-kb-block=\"kb-adv-heading1491_08e5aa-e7\"]{font-weight:normal;font-style:normal;}.wp-block-kadence-advancedheading.kt-adv-heading1491_08e5aa-e7 mark.kt-highlight, .wp-block-kadence-advancedheading.kt-adv-heading1491_08e5aa-e7[data-kb-block=\"kb-adv-heading1491_08e5aa-e7\"] mark.kt-highlight{font-weight:normal;font-style:normal;color:#f76a0c;-webkit-box-decoration-break:clone;box-decoration-break:clone;padding-top:0px;padding-right:0px;padding-bottom:0px;padding-left:0px;}.wp-block-kadence-advancedheading.kt-adv-heading1491_08e5aa-e7 img.kb-inline-image, .wp-block-kadence-advancedheading.kt-adv-heading1491_08e5aa-e7[data-kb-block=\"kb-adv-heading1491_08e5aa-e7\"] img.kb-inline-image{width:150px;vertical-align:baseline;}<\/style>\n<h2 class=\"kt-adv-heading1491_08e5aa-e7 h2-border3 wp-block-kadence-advancedheading\" data-kb-block=\"kb-adv-heading1491_08e5aa-e7\">SUHK Kipuasema &#8211;  Specialists to Treat Pain and Discomfort<\/h2>\n\n\n\n<figure class=\"wp-block-image size-full\"><a href=\"https:\/\/www.suomenurheiluhierontakeskus.fi\/en\/kipuasema\/\"><img loading=\"lazy\" decoding=\"async\" width=\"811\" height=\"422\" src=\"https:\/\/www.suomenurheiluhierontakeskus.fi\/wp-content\/uploads\/2023\/06\/SUHK-Kipuasema-logo.png\" alt=\"\" class=\"wp-image-37802\" srcset=\"https:\/\/www.suomenurheiluhierontakeskus.fi\/wp-content\/uploads\/2023\/06\/SUHK-Kipuasema-logo.png 811w, https:\/\/www.suomenurheiluhierontakeskus.fi\/wp-content\/uploads\/2023\/06\/SUHK-Kipuasema-logo-300x156.png 300w, https:\/\/www.suomenurheiluhierontakeskus.fi\/wp-content\/uploads\/2023\/06\/SUHK-Kipuasema-logo-768x400.png 768w, https:\/\/www.suomenurheiluhierontakeskus.fi\/wp-content\/uploads\/2023\/06\/SUHK-Kipuasema-logo-600x312.png 600w\" sizes=\"auto, (max-width: 811px) 100vw, 811px\" \/><\/a><\/figure>\n<\/div><\/div>\n\n<\/div><\/div>\n\n\n<p><\/p>\n\n\n<p><!--EndFragment--><\/p>","protected":false},"excerpt":{"rendered":"<p>Sports Massage, Osteopathy &amp; Physiotherapy book an appointment &gt; buy gift cards online (FI) > Booking Suomenoja Espoonlahti Tapiola Lepp\u00e4vaara Niittykumpu Tampere Kamppi K\u00e4pyl\u00e4 Etu-T\u00f6\u00f6l\u00f6 Kirkkonummi Konala About Us SUHK is a family company originally founded in 2005, with the mission to support well-being in Finland. The treatment process is based on high-quality service and &#8230; <\/p>\n<p class=\"read-more-container\"><a title=\"Frontpage\" class=\"read-more button\" href=\"https:\/\/www.suomenurheiluhierontakeskus.fi\/en\/frontpage\/#more-1491\" aria-label=\"Read more about Frontpage\">Continue<\/a><\/p>\n","protected":false},"author":1,"featured_media":0,"parent":0,"menu_order":0,"comment_status":"closed","ping_status":"closed","template":"","meta":{"_acf_changed":false,"content-type":"","_uag_custom_page_level_css":"","footnotes":""},"class_list":{"0":"post-1491","1":"page","2":"type-page","3":"status-publish","5":"no-featured-image-padding"},"acf":[],"aioseo_notices":[],"featured_image_urls_v2":{"full":"","thumbnail":"","medium":"","medium_large":"","large":"","1536x1536":"","2048x2048":"","woocommerce_thumbnail":"","woocommerce_single":"","woocommerce_gallery_thumbnail":""},"post_excerpt_stackable_v2":"<p>Sports Massage, Osteopathy &amp; Physiotherapy book an appointment &gt; buy gift cards online (FI) > Booking Suomenoja Espoonlahti Tapiola Lepp\u00e4vaara Niittykumpu Tampere Kamppi K\u00e4pyl\u00e4 Etu-T\u00f6\u00f6l\u00f6 Kirkkonummi Konala About Us SUHK is a family company originally founded in 2005, with the mission to support well-being in Finland. The treatment process is based on high-quality service and seamless cooperation between different healthcare professionals such as physiotherapists, osteopaths and sports masseurs. We have 11 locations in Helsinki, Espoo, Kirkkonummi and Tampere. SUHK Mama &#8211; For Women&#8217;s Health &amp; Maternity Services Pay with Work Benefits SUHK Kipuasema &#8211; Specialists to Treat Pain and Discomfort<\/p>\n","category_list_v2":"","author_info_v2":{"name":"suhk_admin","url":"https:\/\/www.suomenurheiluhierontakeskus.fi\/en\/author\/suhk_admin\/"},"comments_num_v2":"0 comments","uagb_featured_image_src":{"full":false,"thumbnail":false,"medium":false,"medium_large":false,"large":false,"1536x1536":false,"2048x2048":false,"woocommerce_thumbnail":false,"woocommerce_single":false,"woocommerce_gallery_thumbnail":false},"uagb_author_info":{"display_name":"suhk_admin","author_link":"https:\/\/www.suomenurheiluhierontakeskus.fi\/en\/author\/suhk_admin\/"},"uagb_comment_info":0,"uagb_excerpt":"Sports Massage, Osteopathy &amp; Physiotherapy book an appointment &gt; buy gift cards online (FI) > Booking Suomenoja Espoonlahti Tapiola Lepp\u00e4vaara Niittykumpu Tampere Kamppi K\u00e4pyl\u00e4 Etu-T\u00f6\u00f6l\u00f6 Kirkkonummi Konala About Us SUHK is a family company originally founded in 2005, with the mission to support well-being in Finland. The treatment process is based on high-quality service and&hellip;","_links":{"self":[{"href":"https:\/\/www.suomenurheiluhierontakeskus.fi\/en\/wp-json\/wp\/v2\/pages\/1491","targetHints":{"allow":["GET"]}}],"collection":[{"href":"https:\/\/www.suomenurheiluhierontakeskus.fi\/en\/wp-json\/wp\/v2\/pages"}],"about":[{"href":"https:\/\/www.suomenurheiluhierontakeskus.fi\/en\/wp-json\/wp\/v2\/types\/page"}],"author":[{"embeddable":true,"href":"https:\/\/www.suomenurheiluhierontakeskus.fi\/en\/wp-json\/wp\/v2\/users\/1"}],"replies":[{"embeddable":true,"href":"https:\/\/www.suomenurheiluhierontakeskus.fi\/en\/wp-json\/wp\/v2\/comments?post=1491"}],"version-history":[{"count":52,"href":"https:\/\/www.suomenurheiluhierontakeskus.fi\/en\/wp-json\/wp\/v2\/pages\/1491\/revisions"}],"predecessor-version":[{"id":48320,"href":"https:\/\/www.suomenurheiluhierontakeskus.fi\/en\/wp-json\/wp\/v2\/pages\/1491\/revisions\/48320"}],"wp:attachment":[{"href":"https:\/\/www.suomenurheiluhierontakeskus.fi\/en\/wp-json\/wp\/v2\/media?parent=1491"}],"curies":[{"name":"wp","href":"https:\/\/api.w.org\/{rel}","templated":true}]}}